{"id":697,"date":"2001-09-20T00:00:00","date_gmt":"2001-09-19T23:00:00","guid":{"rendered":"http:\/\/www.grappa.no\/albums\/uncategorized\/blamann-blamann\/"},"modified":"2016-11-18T16:35:44","modified_gmt":"2016-11-18T15:35:44","slug":"blamann-blamann","status":"publish","type":"product","link":"https:\/\/grappa.no\/no\/albums\/heilo\/blamann-blamann\/","title":{"rendered":"Bl\u00e5mann Bl\u00e5mann"},"content":{"rendered":"<p><\/p>\n<p>Nyskapende folkemusikk<\/p>\n<p>De fire gruppemedlemmene i Bl\u00e5mann Bl\u00e5mann kommer alle fra Vinje i Telemark og det meste av musikken p\u00e5 dette albumet er lokale folketoner hentet fra hjemstedet. Bl\u00e5mann Bl\u00e5manns musikk er upretensi\u00f8s og lekende, men viser stor respekt for det tradisjonelle originalmaterialet de baserer arrangementene sine p\u00e5. Ballader, sl\u00e5tter og stev og s\u00e6rlig albumets \u00e5pningsspor, \u201dTippe Tippe Tuve\u201d, har blitt mye spilt i radio. Bl\u00e5mann Bl\u00e5mann har gjennom sine lekne og energiske sceneopptredener, kreative arrangementer og suverene samspill opparbeidet seg et solid navn i den norske folkemusikken. Med sin oppfinnsomme omgang med tradisjonsmusikk har de dessuten pustet nytt liv i sjangeren og gjort den tilgjengelig for enda flere lyttere.<\/p>\n<p><!--more--><\/p>\n<p>Nyskapande folkemusikk fr\u00e5 Bl\u00e5mann Bl\u00e5mann.<\/p>\n<h4>Variert repertoar<\/h4>\n<p>Musikken dei spelar kjem ogs\u00e5 stort sett derifr\u00e5, men arrangementa er ofte inspirert av nyare popul\u00e6rmusikk. Repertoaret spenner over fleire stilartar, s\u00e5 som: Middelalderballader, lydarsl\u00e5ttar, springarar, gangarar, halling, sl\u00e5ttestev og viser. Musiseringa og formidlinga skjer p\u00e5 ein upretensi\u00f8s m\u00e5te, men i arrangementa legg vi vekt p\u00e5 \u00e5 ta vare p\u00e5 det opprinnelege materialet.<\/p>\n<h4>Live-innspeling<\/h4>\n<p>Plata som no kjem ut er ei live-innspeling som vart gjort p\u00e5 Rauland den fyrste veka i januar 2001. Me sat i eit t\u00f8mmerhus og gjorde opptak av alle songane utan \u00e5 gjera instrumentp\u00e5legg\/reparasjonar av noko slag i ettertid. Dette h\u00e5par me har gjeve plata den energien og spontaniteten som me vonleg har litt av p\u00e5 konsertane, og det tykte me var viktigare enn at alle tonane skulle vera rett.<\/p>\n<h4><\/h4>\n<\/p>\n<p><\/p>","protected":false},"excerpt":{"rendered":"<p>\u2013 Felerock med gnist. [Mariell Tverr\u00e5 L\u00f8k\u00e5s]<\/p>\n","protected":false},"featured_media":27239,"comment_status":"closed","ping_status":"open","template":"","meta":[],"product_brand":[],"product_cat":[35],"product_tag":[],"class_list":{"0":"post-697","1":"product","2":"type-product","3":"status-publish","4":"has-post-thumbnail","6":"product_cat-heilo","7":"product_shipping_class-cddvd-shipping","8":"uni_artist_tag-blamann-blamann","9":"uni_artist_tag-johannes-dahle","10":"uni_artist_tag-marius-reksjo","11":"uni_artist_tag-tor-bjarne-bjelland","12":"uni_artist_tag-trad","13":"uni_main_artist_tag-blamann-blamann","14":"uni_artist_genre-folk-music","15":"uni_artist_genre-traditional","17":"first","18":"instock","19":"taxable","20":"shipping-taxable","21":"purchasable","22":"product-type-simple"},"_links":{"self":[{"href":"https:\/\/grappa.no\/no\/wp-json\/wp\/v2\/product\/697","targetHints":{"allow":["GET"]}}],"collection":[{"href":"https:\/\/grappa.no\/no\/wp-json\/wp\/v2\/product"}],"about":[{"href":"https:\/\/grappa.no\/no\/wp-json\/wp\/v2\/types\/product"}],"replies":[{"embeddable":true,"href":"https:\/\/grappa.no\/no\/wp-json\/wp\/v2\/comments?post=697"}],"wp:featuredmedia":[{"embeddable":true,"href":"https:\/\/grappa.no\/no\/wp-json\/wp\/v2\/media\/27239"}],"wp:attachment":[{"href":"https:\/\/grappa.no\/no\/wp-json\/wp\/v2\/media?parent=697"}],"wp:term":[{"taxonomy":"product_brand","embeddable":true,"href":"https:\/\/grappa.no\/no\/wp-json\/wp\/v2\/product_brand?post=697"},{"taxonomy":"product_cat","embeddable":true,"href":"https:\/\/grappa.no\/no\/wp-json\/wp\/v2\/product_cat?post=697"},{"taxonomy":"product_tag","embeddable":true,"href":"https:\/\/grappa.no\/no\/wp-json\/wp\/v2\/product_tag?post=697"}],"curies":[{"name":"wp","href":"https:\/\/api.w.org\/{rel}","templated":true}]}}