{"id":695,"date":"2004-09-15T00:00:00","date_gmt":"2004-09-14T23:00:00","guid":{"rendered":"http:\/\/www.grappa.no\/albums\/uncategorized\/song-i-himmelsalar\/"},"modified":"2025-01-15T14:56:59","modified_gmt":"2025-01-15T13:56:59","slug":"song-i-himmelsalar","status":"publish","type":"product","link":"https:\/\/grappa.no\/no\/albums\/heilo\/song-i-himmelsalar\/","title":{"rendered":"Song i himmelsalar"},"content":{"rendered":"<p><\/p>\n<p>Dvergm\u00e5l formidler arven etter Elias Blix<\/p>\n<p>Song i himmelsalar f\u00f8lger opp Dvergm\u00e5ls Spellemannsnominerte Visor og kv\u00e6de fr\u00e5 Bl\u00e5berglandet (1996), basert p\u00e5 Ivar Aasens tekster. Denne gangen tar de tak i de nynorske salmetekstene til Elias Blix (1836\u20131902), tonesatt med selvarrangerte folketoner fra ulike landsdeler. Blix var kirkestatsr\u00e5d og professor i hebraisk, men har satt st\u00f8rst spor etter seg som salmeforfatter. Det var forbudt \u00e5 bruke nynorsk i kirkesammenheng og det ble betraktet som et lovbrudd da en av Blix\u00b4 salmer ble fremf\u00f8rt for f\u00f8rste gang i 1884. Til tross for forbud mot nynorsk i kirken, var Blix\u00b4 nynorske salmer sv\u00e6rt godt likt av publikum og det tok ikke lang tid f\u00f8r salmene hans fikk plass i salmeb\u00f8kene. Dvergm\u00e5ls vokale og instrumentale arrangementer gir en vakker og original drakt til dette utvalget. Materialet er i hovedsak basert p\u00e5 en konsert under Den Norske Folkemusikkuka p\u00e5 \u00c5l i 2002. Konserten var et bestillingsverk til festivalen og markerte de 100 \u00e5rene som var g\u00e5tt siden Blix d\u00f8de.<\/p>\n<p><!--more--><\/p>\n<p>Dvergm\u00e5l er etter 8 \u00e5r tilbake med ny utgjeving.<\/p>\n<h4>Inspirert av Elias Blix<\/h4>\n<p>Song i himmelsalar er bygd kring diktinga til Elias Blix (1836-1902). D\u00e5 Hallgrim Berg ved Den Norske Folkemusikkveka tinga ein konsert med Blix sine songar og salmar i 2002, tok Dvergm\u00e5l oppfordringa. Dei hadde alt p\u00e5 90-talet arbeidd med Blix, og under lauvsprettinga p\u00e5 \u00c5l i 2002 s\u00e5g Blixkonserten dagsljoset. Det er i hovudsak tilfanget Dvergm\u00e5l framf\u00f8rde den gongen som no er innspelt.<\/p>\n<h4>Nynorsk salmeskald<\/h4>\n<p>Fiskarsonen Elias Blix fr\u00e5 Gildesk\u00e5l i Nordland var Noregs fyrste store nynorske salmeskald, i tillegg til \u00e5 vera professor i hebraisk p\u00e5 Universitetet i Oslo og kyrkjestatsr\u00e5d. Songane og salmene til Blix blei fyrst m\u00f8tt med sp\u00e5tt og h\u00e5n, fordi mange syntes at skaparverket ikkje kunne lovprisast p\u00e5 slikt eit spr\u00e5k. Fyrste gongen ein Blix-salme blei bruka i den norske kyrkja var under joledagsmessa i L\u00e5rdal i Telemark i 1884. Det var eit lovbrot, men etterkvart blei salmane godkjende til kyrkjebruk, og end\u00e5 viktigare: s\u00e6rs omtykte blant lek og l\u00e6rd. Snart slo salmar som \u201cNo livnar det i lundar\u201d, \u201cBarndomsminne fr\u00e5 Nordland\u201d og \u201cNo koma Guds englar\u201d seg fast i songminnet til mang ein nordmann.<\/p>\n<h4>Medvirkande<\/h4>\n<p>Medlemmene i Dvergm\u00e5l er: Jon Anders Halvorsen (song og harmonium, fr\u00e5 Lunde i Telemark, busett i Oslo), Marit Mattisgard (song og langeleik, fr\u00e5 Valdres), \u00d8yonn Groven Myhren (song, lyre og seljefl\u00f8yte, fr\u00e5 Oslo), Turid Spildo (song og hardingfele, fr\u00e5 Granvin i Hardanger, busett i Reykjavik).<\/p>\n<p>Song i himmelsalar er spelt inn i Ris Kirke i Oslo. Produsent er Leiv Solberg og teknikar er Tor Magne Hallibakken.<\/p>\n<p><\/p>","protected":false},"excerpt":{"rendered":"<p>Blix var kirkestatsr\u00e5d og professor i hebraisk, men har satt st\u00f8rst spor etter seg som salmeforfatter. Det var forbudt \u00e5 bruke nynorsk i kirkesammenheng og det ble betraktet som et lovbrudd da en av Blix\u00b4 salmer ble fremf\u00f8rt for f\u00f8rste gang i 1884.<\/p>\n","protected":false},"featured_media":27244,"comment_status":"closed","ping_status":"closed","template":"","meta":[],"product_brand":[],"product_cat":[35],"product_tag":[],"class_list":{"0":"post-695","1":"product","2":"type-product","3":"status-publish","4":"has-post-thumbnail","6":"product_cat-heilo","7":"product_shipping_class-cddvd-shipping","8":"uni_artist_tag-dvergmal","9":"uni_artist_tag-jon-anders-halvorsen","10":"uni_artist_tag-leiv-solberg","11":"uni_artist_tag-marit-mattisberg-karlberg","12":"uni_artist_tag-oyonn-groven-myhren","13":"uni_artist_tag-trad","14":"uni_artist_tag-turid-spildo","15":"uni_main_artist_tag-dvergmal","16":"uni_artist_genre-folk-music","17":"uni_artist_genre-norwegian","18":"uni_artist_genre-traditional","20":"first","21":"outofstock","22":"taxable","23":"shipping-taxable","24":"purchasable","25":"product-type-simple"},"_links":{"self":[{"href":"https:\/\/grappa.no\/no\/wp-json\/wp\/v2\/product\/695","targetHints":{"allow":["GET"]}}],"collection":[{"href":"https:\/\/grappa.no\/no\/wp-json\/wp\/v2\/product"}],"about":[{"href":"https:\/\/grappa.no\/no\/wp-json\/wp\/v2\/types\/product"}],"replies":[{"embeddable":true,"href":"https:\/\/grappa.no\/no\/wp-json\/wp\/v2\/comments?post=695"}],"wp:featuredmedia":[{"embeddable":true,"href":"https:\/\/grappa.no\/no\/wp-json\/wp\/v2\/media\/27244"}],"wp:attachment":[{"href":"https:\/\/grappa.no\/no\/wp-json\/wp\/v2\/media?parent=695"}],"wp:term":[{"taxonomy":"product_brand","embeddable":true,"href":"https:\/\/grappa.no\/no\/wp-json\/wp\/v2\/product_brand?post=695"},{"taxonomy":"product_cat","embeddable":true,"href":"https:\/\/grappa.no\/no\/wp-json\/wp\/v2\/product_cat?post=695"},{"taxonomy":"product_tag","embeddable":true,"href":"https:\/\/grappa.no\/no\/wp-json\/wp\/v2\/product_tag?post=695"}],"curies":[{"name":"wp","href":"https:\/\/api.w.org\/{rel}","templated":true}]}}