{"id":694,"date":"1994-06-01T00:00:00","date_gmt":"1994-05-31T23:00:00","guid":{"rendered":"http:\/\/www.grappa.no\/albums\/uncategorized\/min-unge-sang\/"},"modified":"2018-08-08T14:48:25","modified_gmt":"2018-08-08T13:48:25","slug":"min-unge-sang","status":"publish","type":"product","link":"https:\/\/grappa.no\/no\/albums\/heilo\/min-unge-sang\/","title":{"rendered":"Min unge sang"},"content":{"rendered":"<p><\/p>\n<p>Tonesatt lyrikk av Halldis Moren Vesaas<\/p>\n<p>Min unge sang er Veslem\u00f8y Solbergs f\u00f8rste CD-utgivelse, og er den f\u00f8rste innspillingen som i sin helhet har hentet tekstmaterialet fra Halldis Moren Vesaas\u00b4diktning. Utvalget er godkjent av Moren Vesaas selv. Utgivelsen \u00e5pner med det aller f\u00f8rste diktet i Moren Vesaas\u00b4 debututgivelse, \u201dMin unge sang\u201d, og avslutter med et av hennes aller mest kjente og kj\u00e6re dikt, \u201dOrd over grind\u201d. Tematikken spenner fra m\u00f8rke f\u00f8lelser som smerte, sorg og savn til lettere og gladere \u00f8yeblikksbilder, og tekstmaterialet p\u00e5 Min unge sang gjenspeiler dette. Diktene er tonesatt av Sven Ohrvik som ogs\u00e5 bidrar p\u00e5 tangenter. Med seg har han et lag av dyktige og profilerte musikere, deriblant Eivind Aarset p\u00e5 gitar, Edvard Askeland p\u00e5 bassgitar, Rune Arnesen p\u00e5 perkusjon og Morten Hannisdal p\u00e5 cello.<\/p>\n<p><!--more--><\/p>\n<p>For f\u00f8rste gang en utgivelse som i sin helhet har hentet tekstmaterialet fra diktningen til Halldis Moren Vesaas!<\/p>\n<h4>Halldis Moren Vesaas\u00b4 diktning<\/h4>\n<p>Min unge sang er den f\u00f8rste innspillingen som i sin helhet har hentet tekstmaterialet fra diktningen til Halldis Moren Vesaas. De utvalgte diktene er hentet fra fem av de syv diktsamlingene Moren Vesaas har skrevet: Harpe og dolk (1929), Morgonen (1930), Strender (1933), Lykkelege hender (1936) og I ein annan skog (1955). I tillegg finnes det et par dikt som er skrevet etter 1955. Utvalget er godkjent av Moren Vesaas selv.<\/p>\n<h4>Variert tematikk<\/h4>\n<p>Utgivelsen \u00e5pner med det aller f\u00f8rste diktet i Moren Vesaas\u00b4 debututgivelse, \u201dMin unge sang\u201d, og avslutter med et av hennes aller mest kjente og kj\u00e6re dikt, \u201dOrd over grind\u201d. Tematikken spenner fra m\u00f8rke f\u00f8lelser som smerte, sorg og savn til lettere og gladere \u00f8yeblikksbilder, og tekstmaterialet p\u00e5 Min unge sang gjenspeiler dette. Parallelt med dette tematiske mangfoldet st\u00e5r kj\u00e6rlighetsmotivet sentralt i Moren Vesaas\u00b4 diktning, en kj\u00e6rlighet som retter seg mot naturen, mot mennesket og mot livet. Dette motivet finner vi som en r\u00f8d tr\u00e5d i tekstene p\u00e5 albumet.<\/p>\n<h4>Musikalsk drakt<\/h4>\n<p>Diktene er tonesatt av Sven Ohrvik som ogs\u00e5 bidrar p\u00e5 tangenter. Med seg har han et lag av dyktige og profilerte musikere, deriblant Eivind Aarset p\u00e5 gitar, Edvard Askeland p\u00e5 bassgitar, Rune Arnesen p\u00e5 perkusjon og Morten Hannisdal p\u00e5 cello. De musikalske arrangementene skaper en nydelig ramme rundt Moren Vesaas\u00b4 tekster og Solbergs nydelige vokaltolkning av dem.<\/p>\n<p><\/p>","protected":false},"excerpt":{"rendered":"<p>Halldis Moren Vesaas\u00b4 dikt i musikalsk drakt.<\/p>\n","protected":false},"featured_media":27228,"comment_status":"closed","ping_status":"open","template":"","meta":[],"product_brand":[],"product_cat":[35],"product_tag":[],"class_list":{"0":"post-694","1":"product","2":"type-product","3":"status-publish","4":"has-post-thumbnail","6":"product_cat-heilo","7":"product_shipping_class-cddvd-shipping","8":"uni_artist_tag-arne-nost","9":"uni_artist_tag-edvard-askeland","10":"uni_artist_tag-eivind-aarset","11":"uni_artist_tag-elin-rosseland","12":"uni_artist_tag-morten-hannisdal","13":"uni_artist_tag-rune-arnesen","14":"uni_artist_tag-steinar-larsen","15":"uni_artist_tag-sven-ohrvik","16":"uni_artist_tag-veslemoy-solberg","17":"uni_main_artist_tag-veslemoy-solberg","18":"uni_artist_genre-art-music","19":"uni_artist_genre-lyric-poetry","20":"uni_artist_genre-norwegian","22":"first","23":"instock","24":"taxable","25":"shipping-taxable","26":"purchasable","27":"product-type-simple"},"_links":{"self":[{"href":"https:\/\/grappa.no\/no\/wp-json\/wp\/v2\/product\/694","targetHints":{"allow":["GET"]}}],"collection":[{"href":"https:\/\/grappa.no\/no\/wp-json\/wp\/v2\/product"}],"about":[{"href":"https:\/\/grappa.no\/no\/wp-json\/wp\/v2\/types\/product"}],"replies":[{"embeddable":true,"href":"https:\/\/grappa.no\/no\/wp-json\/wp\/v2\/comments?post=694"}],"wp:featuredmedia":[{"embeddable":true,"href":"https:\/\/grappa.no\/no\/wp-json\/wp\/v2\/media\/27228"}],"wp:attachment":[{"href":"https:\/\/grappa.no\/no\/wp-json\/wp\/v2\/media?parent=694"}],"wp:term":[{"taxonomy":"product_brand","embeddable":true,"href":"https:\/\/grappa.no\/no\/wp-json\/wp\/v2\/product_brand?post=694"},{"taxonomy":"product_cat","embeddable":true,"href":"https:\/\/grappa.no\/no\/wp-json\/wp\/v2\/product_cat?post=694"},{"taxonomy":"product_tag","embeddable":true,"href":"https:\/\/grappa.no\/no\/wp-json\/wp\/v2\/product_tag?post=694"}],"curies":[{"name":"wp","href":"https:\/\/api.w.org\/{rel}","templated":true}]}}