{"id":693,"date":"2000-02-01T00:00:00","date_gmt":"2000-01-31T23:00:00","guid":{"rendered":"http:\/\/www.grappa.no\/albums\/uncategorized\/ro-ro-til-siraland\/"},"modified":"2016-11-18T16:35:41","modified_gmt":"2016-11-18T15:35:41","slug":"ro-ro-til-siraland","status":"publish","type":"product","link":"https:\/\/grappa.no\/no\/albums\/heilo\/ro-ro-til-siraland\/","title":{"rendered":"Ro ro til Siraland"},"content":{"rendered":"<p><\/p>\n<p>Flere folketoner fra Strilelandet<\/p>\n<p>Ro ro til Siraland er Kjersti Wiiks andre utgivelse med tradisjonsmusikk fra Nordhordland. I likhet med det forrige albumet, Striles\u00f8lv (1997), er materialet hentet fra det omfattende innsamlingsarbeidet Wiik tok initiativ til i 1994. Til sammen har hun samlet og bevart over 700 folketoner fra Strilelandet og 20 av dem har f\u00e5tt plass p\u00e5 denne utgivelsen. Ro ro til Siraland er ikke en stramt tradisjonsbundet plate, men formidler de nordhordlandske folketonene gjennom et r\u00f8ft og moderne lydbilde. Dette skyldes ikke minst musikerne Wiik samarbeider med: dyktige musikere fra jazz-, rock- og folkemusikkmilj\u00f8et som skaper en spennende dynamikk i folketonene. Repertoaret best\u00e5r av b\u00e5nsuller, barnevers, skjemteviser, sl\u00e5ttestev og religi\u00f8se folketoner. Den nyskapende kreativiteten som preger albumet har blitt sv\u00e6rt godt mottatt av kritikere og publikum og har gjort tradisjonell musikk tilgjengelig for enda flere lyttere.<\/p>\n<p><!--more--><\/p>\n<p>Kjersti Wiik har henta fram meir av sangskatten i Nord-Hordaland og Strilalandet rundt Bergen.<\/p>\n<h4>Ny interesse for gamal songtradisjon<\/h4>\n<p>CDen du no lyttar til, er eit resultat av ei mange\u00e5rig innsamling av strilesong i bergenstraktene. Heilt fram til slutten av 1950-\u00e5ra var denne songen ein viktig del av livet til folk, b\u00e5de til kvardags og fest. I takt med samfunnsutviklinga, forsvann gradvis folkemusikken og folkesongen som bruksmusikk. Lenge var den i ferd med \u00e5 forsvinne heilt. Born og unge p\u00e5 1970- og 80-talet kjende ikkje til sin eigen songtradisjon. Det var f\u00f8rst p\u00e5 90-talet Kjersti Wiik sj\u00f8lv vart merksam p\u00e5 at det fanst ein levande folkemusikktradisjon blant strilane. Ho tok difor initiativet til \u00e5 samla inn vokal folkemusikk i traktene ved Bergen.<\/p>\n<h4>Omfattande bevaringsarbeid<\/h4>\n<p>Dei siste fem \u00e5ra har Kjersti Wiik samla inn omtrent 600 vokale folketonar fr\u00e5 desse regionane. Desse songane er overlevert til Arne Bj\u00f8rndal Samling i Bergen for arkivering. Slik vert dei bevart for etterslekta. Samstundes har ho ivra for \u00e5 gjera denne kulturarven tilgjengeleg for folk flest. Wiik har difor drive kvedaroppl\u00e6ring gjennom musikkskular og privatundervisnig. Interessa for \u00e5 l\u00e6ra \u00e5 syngja p\u00e5 gamlem\u00e5ten har vorte sv\u00e6rt stor. Det har ogs\u00e5 vorte mykje konsertverksemd p\u00e5 Vest- og Austlandet, \u2013 aleine og saman med kjende musikarar som Sondre Bratland og Iver Kleive.<\/p>\n<h4>Opphav og moderne uttrykk<\/h4>\n<p>Songane som er presentert p\u00e5 denne plata, spenner fr\u00e5 religi\u00f8se til meir verdslege folketonar. For \u00e5 n\u00e5 lyttarane av i dag, vert songane presentert i eit moderne uttrykk, men likevel er det lagt vekt p\u00e5 \u00e5 ta vare p\u00e5 den gamle d\u00e5men i dei. Hardingfela og songstemma er dei opphavlege elementa. Medverkande p\u00e5 Ro ro til Siraland er m.a.: Atle Halstensen: piano, \u00d8yvind Lyslo: gitar, Terje Isungset: perkusjon, Mads Eriksen: el- gitar, Elisabeth Vanebo: tuba, Tellef Kvifte og Laila Kolve: fl\u00f8yter.<\/p>\n<p><\/p>","protected":false},"excerpt":{"rendered":"<p>\u2013 Dette er strilegull. [5\/6 Tove Gulbrandsen \/ BA]<\/p>\n","protected":false},"featured_media":27235,"comment_status":"closed","ping_status":"open","template":"","meta":[],"product_brand":[],"product_cat":[35],"product_tag":[],"class_list":{"0":"post-693","1":"product","2":"type-product","3":"status-publish","4":"has-post-thumbnail","6":"product_cat-heilo","7":"product_shipping_class-cddvd-shipping","8":"uni_artist_tag-atle-halstensen","9":"uni_artist_tag-einar-mjolsnes","10":"uni_artist_tag-elisabeth-vannebo","11":"uni_artist_tag-kjersti-wiik","12":"uni_artist_tag-laila-kolve","13":"uni_artist_tag-linda-royseth","14":"uni_artist_tag-mads-eriksen","15":"uni_artist_tag-oyvind-lyslo","16":"uni_artist_tag-rolf-presto","17":"uni_artist_tag-tellef-kvifte","18":"uni_artist_tag-terje-isungset","19":"uni_artist_tag-trad","20":"uni_main_artist_tag-kjersti-wiik","21":"uni_artist_genre-folk-music","22":"uni_artist_genre-traditional","24":"first","25":"instock","26":"taxable","27":"shipping-taxable","28":"purchasable","29":"product-type-simple"},"_links":{"self":[{"href":"https:\/\/grappa.no\/no\/wp-json\/wp\/v2\/product\/693","targetHints":{"allow":["GET"]}}],"collection":[{"href":"https:\/\/grappa.no\/no\/wp-json\/wp\/v2\/product"}],"about":[{"href":"https:\/\/grappa.no\/no\/wp-json\/wp\/v2\/types\/product"}],"replies":[{"embeddable":true,"href":"https:\/\/grappa.no\/no\/wp-json\/wp\/v2\/comments?post=693"}],"wp:featuredmedia":[{"embeddable":true,"href":"https:\/\/grappa.no\/no\/wp-json\/wp\/v2\/media\/27235"}],"wp:attachment":[{"href":"https:\/\/grappa.no\/no\/wp-json\/wp\/v2\/media?parent=693"}],"wp:term":[{"taxonomy":"product_brand","embeddable":true,"href":"https:\/\/grappa.no\/no\/wp-json\/wp\/v2\/product_brand?post=693"},{"taxonomy":"product_cat","embeddable":true,"href":"https:\/\/grappa.no\/no\/wp-json\/wp\/v2\/product_cat?post=693"},{"taxonomy":"product_tag","embeddable":true,"href":"https:\/\/grappa.no\/no\/wp-json\/wp\/v2\/product_tag?post=693"}],"curies":[{"name":"wp","href":"https:\/\/api.w.org\/{rel}","templated":true}]}}