{"id":692,"date":"2001-12-10T00:00:00","date_gmt":"2001-12-09T23:00:00","guid":{"rendered":"http:\/\/www.grappa.no\/albums\/uncategorized\/den-fagraste-rosa\/"},"modified":"2026-02-05T12:11:23","modified_gmt":"2026-02-05T11:11:23","slug":"den-fagraste-rosa","status":"publish","type":"product","link":"https:\/\/grappa.no\/no\/albums\/heilo\/den-fagraste-rosa\/","title":{"rendered":"Den fagraste rosa"},"content":{"rendered":"<p><\/p>\n<p>Jul med Bukkene Bruse<\/p>\n<p>Den fagraste rosa er Bukkene Bruses f\u00f8rste juleplate og et etterlengtet alternativ til den glattproduserte julemusikken. Albumet innbyr til ettertenksom ro og tilbyr en frydefull vandring gjennom norsk folkemusikk med innslag fra flere steder i landet. Materialet er hentet fra gruppens juleturneer gjennom flere \u00e5r og resultatet er en annerledes juleplate som blander folkemusikalske tradisjoner med sakrale toner. Albumet ble nominert til Spellemannprisen i kategorien Folkemusikk\/Gammaldans og ble m\u00f8tt med lovord av kritikere over hele landet. Repertoaret best\u00e5r av norsk tradisjonsmusikk og av nyere komposisjoner av gruppemedlemmene. De mer kjente l\u00e5tene presenteres i varierte melodivarianter og arrangementer og understreker de mange mulighetene som finnes i folkemusikken.<\/p>\n<p><!--more--><\/p>\n<p>Den fagraste rosa \u2013 en ny og annerledes juleplate.<\/p>\n<h4>Kjente og ukjente julesanger<\/h4>\n<p>Det finnes mange julesanger som ikke synges rundt juletreet i de tusen hjem. Tittelsangen &#8220;Den fagrste rosa&#8221; er en av dem, juleverset &#8220;Et lidet Barn saa lystelig&#8221; en annen. Sistnevnte f\u00e5r vi for \u00f8vrig h\u00f8re i melodivarianter fra tre forskjellige steder i Norge, et eksempel p\u00e5 det rike tilfanget av melodier i norsk folkemusikk. Selv kjente sanger som &#8220;Eit barn er f\u00f8dt i Betlehem&#8221; og &#8220;Mit Hjerte altid vanker&#8221; byr p\u00e5 overraskelser.<\/p>\n<h4>Tradisjonsrike juletoner<\/h4>\n<p>Plata inneholder julerelaterte felesl\u00e5tter som for eksempel springaren &#8220;Juleftan&#8221; og Steinar Ofsdals &#8220;Romjulsgangar&#8221;. Av andre nummer p\u00e5 plata kan nevnes &#8220;St. Sunniva&#8221;. Her har Annbj\u00f8rg Lien og Bj\u00f8rn Ole Rasch spunnet videre p\u00e5 en strofe av den eminente musikeren og komponisten Keith Emerson som ikke bare godkjente den nye komposisjonen, men ogs\u00e5 sa seg sv\u00e6rt forn\u00f8yd med resultatet. Den fagraste rosa er innspilt i Sofienberg kirke i Oslo.<\/p>\n<h4><\/h4>\n<p><\/p>","protected":false},"excerpt":{"rendered":"<p>Tradisjonsrike toner p\u00e5 annerledes juleplate.<\/p>\n","protected":false},"featured_media":27238,"comment_status":"closed","ping_status":"closed","template":"","meta":[],"product_brand":[],"product_cat":[35],"product_tag":[],"class_list":{"0":"post-692","1":"product","2":"type-product","3":"status-publish","4":"has-post-thumbnail","6":"product_cat-heilo","7":"product_shipping_class-cddvd-shipping","8":"uni_artist_tag-annbjorg-lien","9":"uni_artist_tag-arve-moen-bergset","10":"uni_artist_tag-bjorn-ole-rasch","11":"uni_artist_tag-bukkene-bruse","12":"uni_artist_tag-keith-emerson","13":"uni_artist_tag-maurice-ravel","14":"uni_artist_tag-steinar-ofsdal","15":"uni_artist_tag-trad","16":"uni_main_artist_tag-bukkene-bruse","17":"uni_artist_genre-christmas-music","18":"uni_artist_genre-folk-music","19":"uni_artist_genre-traditional","21":"first","22":"outofstock","23":"taxable","24":"shipping-taxable","25":"purchasable","26":"product-type-simple"},"_links":{"self":[{"href":"https:\/\/grappa.no\/no\/wp-json\/wp\/v2\/product\/692","targetHints":{"allow":["GET"]}}],"collection":[{"href":"https:\/\/grappa.no\/no\/wp-json\/wp\/v2\/product"}],"about":[{"href":"https:\/\/grappa.no\/no\/wp-json\/wp\/v2\/types\/product"}],"replies":[{"embeddable":true,"href":"https:\/\/grappa.no\/no\/wp-json\/wp\/v2\/comments?post=692"}],"wp:featuredmedia":[{"embeddable":true,"href":"https:\/\/grappa.no\/no\/wp-json\/wp\/v2\/media\/27238"}],"wp:attachment":[{"href":"https:\/\/grappa.no\/no\/wp-json\/wp\/v2\/media?parent=692"}],"wp:term":[{"taxonomy":"product_brand","embeddable":true,"href":"https:\/\/grappa.no\/no\/wp-json\/wp\/v2\/product_brand?post=692"},{"taxonomy":"product_cat","embeddable":true,"href":"https:\/\/grappa.no\/no\/wp-json\/wp\/v2\/product_cat?post=692"},{"taxonomy":"product_tag","embeddable":true,"href":"https:\/\/grappa.no\/no\/wp-json\/wp\/v2\/product_tag?post=692"}],"curies":[{"name":"wp","href":"https:\/\/api.w.org\/{rel}","templated":true}]}}