{"id":691,"date":"2004-02-10T00:00:00","date_gmt":"2004-02-09T23:00:00","guid":{"rendered":"http:\/\/www.grappa.no\/albums\/uncategorized\/spel\/"},"modified":"2017-07-31T11:32:23","modified_gmt":"2017-07-31T10:32:23","slug":"spel","status":"publish","type":"product","link":"https:\/\/grappa.no\/no\/albums\/heilo\/spel\/","title":{"rendered":"Spel"},"content":{"rendered":"<p><\/p>\n<p>Bukkene Bruse live!<\/p>\n<p>Flere kritikere utnevnte Spel til en av \u00e5rets beste utgivelser og betegnet platen som et h\u00f8ydepunkt i gruppens karriere som satte en ny standard for bearbeidelsen og videref\u00f8ringen av norsk folkemusikk. Spel er gruppens f\u00f8rste live-plate, med opptak fra ulike kirkekonserter og fra en opptreden i Oslo Vikingskipmuseum. Bukkene Bruse er de f\u00f8rste musikerne som har f\u00e5tt spille en konsert her og det stemningsfulle konsertstedet og den unike romklangen gir utgivelsen et helt spesielt preg. Samspillet og dynamikken mellom gruppemedlemmene gnistrer og i tillegg fremf\u00f8rer musikerne solosl\u00e5tter der bukkene briljerer hver for seg. Bukkene Bruse samarbeider her med den anerkjente Vertavo-kvartetten \u2013 en av Europas beste strykerkvartetter. Repertoaret best\u00e5r hovedsaklig av norsk tradisjonelt materiale pakket inn i vakre arrangementer som hedrer tradisjonen og som samtidig puster friske variasjoner inn i melodiene.<\/p>\n<p><!--more--><\/p>\n<p>Bukkene Bruse med liveplate!<\/p>\n<h4>Historikk<\/h4>\n<p>Bukkene Bruse har v\u00e6rt en gruppe siden 1989, da Annbj\u00f8rg Lien, Arve Moen Bergset og Steinar Ofsdal opptr\u00e5dte sammen under \u00e5pningen av BI i Sandvika. De skulle opprinnelig spille hver for seg, men arrang\u00f8ren oppmuntret dem til \u00e5 gj\u00f8re noe sammen. Det fungerte, og siden har de beholdt gleden ved \u00e5 spille sammen. De jobber sammen med jevne mellomrom \u2013 til tross for at de hver for seg har store prosjekter. Gruppen ble utnevnt til OL-musikere i forbindelse med OL p\u00e5 Lillehammer i 1994. I 1995 ble Bj\u00f8rn Ole Rasch medlem av gruppen.<\/p>\n<h4>Viser utviklingen<\/h4>\n<p>Bukkene Bruse har gitt ut fire CDer: Bukkene Bruse, \u00c5re, Steinstolen og Den fagraste rosa.  N\u00e5 kommer alts\u00e5 deres femte utgivelse, en liveplate som oppsummerer deres utvikling og viser kvartetten p\u00e5 sitt beste. &quot;Fanitullen&quot; var for eksempel ogs\u00e5 med p\u00e5 deres f\u00f8rste plate, men er n\u00e5 med i ny drakt med nytt arrangement. Opptakene er gjort blant annet p\u00e5 vikingskipsmuseet p\u00e5 Bygd\u00f8y, et lokale Bukkene Bruse var de f\u00f8rste til \u00e5 benytte seg av som konsertlokale.<\/p>\n<h4>Turn\u00e9 med Rikskonsertene<\/h4>\n<p>Plateutgivelsen markeres med en landsdekkende turn\u00e9 i Rikskonsertenes regi. Kvartetten best\u00e5r av Annbj\u00f8rg Lien \u2013 n\u00f8kkelharpe, hardingfele, Arve Moen Bergset \u2013 kveding, fele og hardingfele, Steinar Ofsdal \u2013 fl\u00f8yter og Bj\u00f8rn Ole Rasch \u2013 tangenter.<\/p>\n<p><\/p>","protected":false},"excerpt":{"rendered":"<p>\u2013 Norsk folkemusikk i moderne tapning. [Aftenposten]<\/p>\n","protected":false},"featured_media":27243,"comment_status":"closed","ping_status":"open","template":"","meta":[],"product_brand":[],"product_cat":[35],"product_tag":[],"class_list":{"0":"post-691","1":"product","2":"type-product","3":"status-publish","4":"has-post-thumbnail","6":"product_cat-heilo","7":"product_shipping_class-cddvd-shipping","8":"uni_artist_tag-annbjorg-lien","9":"uni_artist_tag-arve-moen-bergset","10":"uni_artist_tag-berit-vaernes-cardas","11":"uni_artist_tag-bjorg-vaernes-lewis","12":"uni_artist_tag-bjorn-ole-rasch","13":"uni_artist_tag-bukkene-bruse","14":"uni_artist_tag-henninge-landaas","15":"uni_artist_tag-keith-emerson","16":"uni_artist_tag-maurice-ravel","17":"uni_artist_tag-ola-kjellstad","18":"uni_artist_tag-oyvor-volle","19":"uni_artist_tag-steinar-ofsdal","20":"uni_artist_tag-trad","21":"uni_artist_tag-vertavo","22":"uni_main_artist_tag-bukkene-bruse","23":"uni_artist_genre-folk-music","24":"uni_artist_genre-traditional","26":"first","27":"outofstock","28":"taxable","29":"shipping-taxable","30":"product-type-simple"},"_links":{"self":[{"href":"https:\/\/grappa.no\/no\/wp-json\/wp\/v2\/product\/691","targetHints":{"allow":["GET"]}}],"collection":[{"href":"https:\/\/grappa.no\/no\/wp-json\/wp\/v2\/product"}],"about":[{"href":"https:\/\/grappa.no\/no\/wp-json\/wp\/v2\/types\/product"}],"replies":[{"embeddable":true,"href":"https:\/\/grappa.no\/no\/wp-json\/wp\/v2\/comments?post=691"}],"wp:featuredmedia":[{"embeddable":true,"href":"https:\/\/grappa.no\/no\/wp-json\/wp\/v2\/media\/27243"}],"wp:attachment":[{"href":"https:\/\/grappa.no\/no\/wp-json\/wp\/v2\/media?parent=691"}],"wp:term":[{"taxonomy":"product_brand","embeddable":true,"href":"https:\/\/grappa.no\/no\/wp-json\/wp\/v2\/product_brand?post=691"},{"taxonomy":"product_cat","embeddable":true,"href":"https:\/\/grappa.no\/no\/wp-json\/wp\/v2\/product_cat?post=691"},{"taxonomy":"product_tag","embeddable":true,"href":"https:\/\/grappa.no\/no\/wp-json\/wp\/v2\/product_tag?post=691"}],"curies":[{"name":"wp","href":"https:\/\/api.w.org\/{rel}","templated":true}]}}