{"id":690,"date":"1998-11-02T00:00:00","date_gmt":"1998-11-01T23:00:00","guid":{"rendered":"http:\/\/www.grappa.no\/albums\/uncategorized\/steinstolen\/"},"modified":"2025-07-04T13:40:41","modified_gmt":"2025-07-04T12:40:41","slug":"steinstolen","status":"publish","type":"product","link":"https:\/\/grappa.no\/no\/albums\/heilo\/steinstolen\/","title":{"rendered":"Steinstolen"},"content":{"rendered":"<p><\/p>\n<p>Fire bukker fremf\u00f8rer nasjonalskatt<\/p>\n<p>Steinstolen representerer en nytenking rundt tolkningen av norsk folkemusikk. R\u00f8ttene er likevel dypt festet i tradisjonen og bukkenes sterke og fyldige fremf\u00f8ringer minner oss p\u00e5 hvilken stor nasjonalskatt som finnes i den norske folkemusikken. P\u00e5 utgivelsen har tangentspiller Bj\u00f8rn Ole Rasch f\u00e5tt plass som fullverdig bukk. Utvidelsen skulle vise seg \u00e5 v\u00e6re vellykket: kritikerne var begeistret og ga h\u00f8ye terningkast og Steinsolen bragte Bukkene Bruse deres tredje nominasjon til Spellemannprisen i kategorien for folkemusikk. Mange kritikere mente at Steinsolen markerte en utvikling av gruppens musikalske uttrykk der lydbilde og arrangement bar preg av en modernisering. Den spennende kombinasjonen av tradisjonelle folkemusikkinstrumenter og elektronisk keyboard skaper moderne varianter av norsk folkemusikk med et overraskende og unikt klangbilde.<\/p>\n<p><!--more--><\/p>\n<p>De tre bukkene er blitt til fire og gir nye perspektiver til tradisjonsmusikken.<\/p>\n<h4>Tradisjon og innovasjon<\/h4>\n<p>Det er et spennende og variert materiale fra folkemusikkens verden Bukkene Bruse har gitt seg i kast med. Arrangementene er preget av nytenking, og b\u00e5de tradisjonelle og moderne instrumenter er tatt i bruk. Forfatteren Stein Versto har bidratt med nye tekster.<\/p>\n<h4>Variert materiale<\/h4>\n<p>Vare folketoner og sprudlende dansesl\u00e5tter blir formidlet gjennom denne lekre lydproduksjonen. Lytt til Numedalshalling, der sj\u00f8fl\u00f8yta st\u00e5r i sentrum, eller Min gut med nyskrevet tekst av Stein Versto. Steinstolen, platas tittell\u00e5t, har de etter Hauk Buen. Hauk l\u00e6rte den i sin tid av s\u00f8nnes\u00f8nnen til Myllarguten, Tarjei i Skinand. Arve Moen Bergset har skrevet melodien Margrete til sin datter, Steinar har komponert sl\u00e5tten Kjetil inspirert av Kjetil L\u00f8ndals lette og friske spillestil og Annbj\u00f8rg Lien og Bj\u00f8rn Ole Rasch har skrevet den vakre L\u00f8vehjerte til minne om Daniel\u2026 Og enda er det mange flere. Plata er spilt inn i Oslo Lydstudio med Jan Roberg ved spakene.<\/p>\n<h4><\/h4>\n<p><\/p>","protected":false},"excerpt":{"rendered":"<p>\u2013 Brusende bra. [Tr\u00f8nder-Avisa]<\/p>\n","protected":false},"featured_media":27232,"comment_status":"closed","ping_status":"closed","template":"","meta":[],"product_brand":[],"product_cat":[35],"product_tag":[],"class_list":{"0":"post-690","1":"product","2":"type-product","3":"status-publish","4":"has-post-thumbnail","6":"product_cat-heilo","7":"product_shipping_class-cddvd-shipping","8":"uni_artist_tag-annbjorg-lien","9":"uni_artist_tag-arve-moen-bergset","10":"uni_artist_tag-bjorn-ole-rasch","11":"uni_artist_tag-bukkene-bruse","12":"uni_artist_tag-ola-kjellstad","13":"uni_artist_tag-steinar-ofsdal","14":"uni_artist_tag-trad","15":"uni_main_artist_tag-bukkene-bruse","16":"uni_artist_genre-folk-music","17":"uni_artist_genre-traditional","19":"first","20":"outofstock","21":"taxable","22":"shipping-taxable","23":"purchasable","24":"product-type-simple"},"_links":{"self":[{"href":"https:\/\/grappa.no\/no\/wp-json\/wp\/v2\/product\/690","targetHints":{"allow":["GET"]}}],"collection":[{"href":"https:\/\/grappa.no\/no\/wp-json\/wp\/v2\/product"}],"about":[{"href":"https:\/\/grappa.no\/no\/wp-json\/wp\/v2\/types\/product"}],"replies":[{"embeddable":true,"href":"https:\/\/grappa.no\/no\/wp-json\/wp\/v2\/comments?post=690"}],"wp:featuredmedia":[{"embeddable":true,"href":"https:\/\/grappa.no\/no\/wp-json\/wp\/v2\/media\/27232"}],"wp:attachment":[{"href":"https:\/\/grappa.no\/no\/wp-json\/wp\/v2\/media?parent=690"}],"wp:term":[{"taxonomy":"product_brand","embeddable":true,"href":"https:\/\/grappa.no\/no\/wp-json\/wp\/v2\/product_brand?post=690"},{"taxonomy":"product_cat","embeddable":true,"href":"https:\/\/grappa.no\/no\/wp-json\/wp\/v2\/product_cat?post=690"},{"taxonomy":"product_tag","embeddable":true,"href":"https:\/\/grappa.no\/no\/wp-json\/wp\/v2\/product_tag?post=690"}],"curies":[{"name":"wp","href":"https:\/\/api.w.org\/{rel}","templated":true}]}}