{"id":689,"date":"2002-08-01T00:00:00","date_gmt":"2002-07-31T23:00:00","guid":{"rendered":"http:\/\/www.grappa.no\/albums\/uncategorized\/nivelkinn\/"},"modified":"2018-01-23T10:48:33","modified_gmt":"2018-01-23T09:48:33","slug":"nivelkinn","status":"publish","type":"product","link":"https:\/\/grappa.no\/no\/albums\/heilo\/nivelkinn\/","title":{"rendered":"Nivelkinn"},"content":{"rendered":"<p><\/p>\n<p>Prisvinnende utgivelse<\/p>\n<p>Nivelkinn er en av de vakreste, mest nyskapende og vellykkede folkemusikkutgivelsene i nyere tid. Den unike utgivelsen har f\u00e5tt en sentral posisjon i norsk musikkhistorie, b\u00e5de som formidler av Aslaug Vaas diktning og som fornyer av norsk folkemusikk. Albumet vant en Spellemannpris i kategorien Folkemusikk\/Gammaldans, og fikk mye positiv oppmerksomhet i norsk og utenlandsk presse. Tekstmaterialet p\u00e5 Nivelkinn best\u00e5r av dikt skrevet av lyrikeren Aslaug Vaa (1889\u20131965), tonesatt og fremf\u00f8rt av de anerkjente folkemusikerne \u00d8yonn Groven Myhren og Odd Nordstoga. \u201dNivelkinn\u201d er en diktsyklus i Vaas debutsamling Nord i leite (1934) og skildrer trekantdramaet mellom Gyri, Stabbe og Jo. Dramaet er lagt til Nivelkinn, et fantasirike med klare geografiske og spr\u00e5klige referanser til Kviteseid i Telemark der Vaa tilbragte storparten av sin oppvekst. Groven Myhren og Nordstoga har hentet inspirasjon fra norsk folkemusikk og kombinert dette med mer melodi\u00f8se og rytmiske elementer fra nyere musikkretninger.<\/p>\n<p><!--more--><\/p>\n<p>Odd Nordstoga og \u00d8yonn Groven Myhren med folkemusikalsk drakt til Aslaug Vaas lyrikk.<\/p>\n<h4>Unik utgivelse<\/h4>\n<p>De unge og allsidige musikerne \u00d8yonn Groven Myhren og Odd Nordstoga har laget musikk til Aslaug Vaa sin diktsyklus Nivelkinn. Stykket er n\u00e5 tilgjengelig p\u00e5 CD, og lytteren vil f\u00e5 oppleve musikk som er forankret i norsk folkemusikk, men ogs\u00e5 med elementer blant annet fra Balkan og USA. Resultatet er en unik utgivelse som har klar appell til et bredt publikum og som fornyer kjennskapen til Aslaug Vaa.<\/p>\n<h4>Aslaug Vaas Nivelkinn<\/h4>\n<p>Nivelkinn er en diktsyklus hentet fra den f\u00f8rste diktsamlingen til Aslaug Vaa, Nord i leite (1934). Handlingen best\u00e5r i et trekantdrama med en fjerdepart luskende i kulissene, og persongalleriet utgj\u00f8res av dr\u00f8mmende kvinner og litt ufyselige menn, som lever i sm\u00e5 k\u00e5r p\u00e5 sm\u00e5 g\u00e5rder. antasiriket som Vaa skildrer har klare geografiske og spr\u00e5klige kjennetegn fra hennes egen oppvekst i Kviteseid i Telemark.<\/p>\n<h4>Bestillingsverk<\/h4>\n<p>Nivelkinn var et bestillingsverk til Telemarkfestivalen 2001 og Groven Myhren og Nordstoga gjennomf\u00f8rte en sv\u00e6rt vellykket turn\u00e9 med Rikskonsertene. Til sammen er Nivelkinn blitt fremf\u00f8rt mer enn 50 ganger ulike steder i Norge, deriblant p\u00e5 Det Norske Teateret i Oslo og i Vaas barndomsbygd. CD-utgivelsen er et live-opptak fra urfremf\u00f8ringen under Telemarkfestivalen i 2001.<\/p>\n<p><\/p>","protected":false},"excerpt":{"rendered":"<p>Nivelkinn er en enest\u00e5ende utgivelse.<\/p>\n","protected":false},"featured_media":27241,"comment_status":"closed","ping_status":"open","template":"","meta":[],"product_brand":[],"product_cat":[35],"product_tag":[],"class_list":{"0":"post-689","1":"product","2":"type-product","3":"status-publish","4":"has-post-thumbnail","6":"product_cat-heilo","7":"product_shipping_class-cddvd-shipping","8":"uni_artist_tag-leiv-solberg","9":"uni_artist_tag-odd-nordstoga","10":"uni_artist_tag-oyonn-groven-myhren","11":"uni_main_artist_tag-odd-nordstoga","12":"uni_artist_genre-folk-music","13":"uni_artist_genre-traditional","15":"first","16":"outofstock","17":"taxable","18":"shipping-taxable","19":"purchasable","20":"product-type-simple"},"_links":{"self":[{"href":"https:\/\/grappa.no\/no\/wp-json\/wp\/v2\/product\/689","targetHints":{"allow":["GET"]}}],"collection":[{"href":"https:\/\/grappa.no\/no\/wp-json\/wp\/v2\/product"}],"about":[{"href":"https:\/\/grappa.no\/no\/wp-json\/wp\/v2\/types\/product"}],"replies":[{"embeddable":true,"href":"https:\/\/grappa.no\/no\/wp-json\/wp\/v2\/comments?post=689"}],"wp:featuredmedia":[{"embeddable":true,"href":"https:\/\/grappa.no\/no\/wp-json\/wp\/v2\/media\/27241"}],"wp:attachment":[{"href":"https:\/\/grappa.no\/no\/wp-json\/wp\/v2\/media?parent=689"}],"wp:term":[{"taxonomy":"product_brand","embeddable":true,"href":"https:\/\/grappa.no\/no\/wp-json\/wp\/v2\/product_brand?post=689"},{"taxonomy":"product_cat","embeddable":true,"href":"https:\/\/grappa.no\/no\/wp-json\/wp\/v2\/product_cat?post=689"},{"taxonomy":"product_tag","embeddable":true,"href":"https:\/\/grappa.no\/no\/wp-json\/wp\/v2\/product_tag?post=689"}],"curies":[{"name":"wp","href":"https:\/\/api.w.org\/{rel}","templated":true}]}}