{"id":685,"date":"2008-03-03T00:00:00","date_gmt":"2008-03-02T23:00:00","guid":{"rendered":"http:\/\/www.grappa.no\/albums\/uncategorized\/love-heartbreak-and-drinkin\/"},"modified":"2016-12-15T11:18:13","modified_gmt":"2016-12-15T10:18:13","slug":"love-heartbreak-and-drinkin","status":"publish","type":"product","link":"https:\/\/grappa.no\/no\/albums\/blue-mood-records\/love-heartbreak-and-drinkin\/","title":{"rendered":"Love, heartbreak and drinkin\u00b4"},"content":{"rendered":"<p><\/p>\n<p>En av Norges beste country-utgivelser!<\/p>\n<p>Harald Thune er en av Norges sterkeste l\u00e5tskrivere med et forfriskende skr\u00e5blikk p\u00e5 livet og mange har utpekt ham til den desidert beste norske ut\u00f8veren innenfor sin sjanger. Love, Heartbreak &amp; Drinkin\u2019 bekrefter at denne hederen er berettiget. I en mannsalder har Harald Thune v\u00e6rt et respektert navn i musikerkretser og har f\u00e5tt en stor og trofast skare av fans. Opp igjennom \u00e5rene har han utmerket seg p\u00e5 mange arenaer, og har gitt ut tre utmerkede utgivelser f\u00f8r Love, Heartbreak &amp; Drinkin\u00b4. Denne utgivelsen er full av knallgode l\u00e5ter der Thunes m\u00f8rke vokal og drivende gitarspill utgj\u00f8r den r\u00f8de tr\u00e5den. Thune har full kontroll p\u00e5 materialet og det er ingen tvil om dette er en av de sterkeste country-utgivelsene i Norge noensinne!<\/p>\n<p><!--more--><\/p>\n<p>Nytt album fra countrykongen Harald Thune!<\/p>\n<h4>Kjent og kj\u00e6r artist<\/h4>\n<p>Thune har i en mannsalder v\u00e6rt et respektert navn i musikerkretser og hos sitt trofaste publikum. Allerede med debuten Freestyle Americana (1994), utgitt sammen med Svend Berg under gruppenavnet Campfire Combo, ble det tydelig at Thune var en artist man ville se mer til fremover. Opp igjennom \u00e5rene har han utmerket seg p\u00e5 mange arenaer, og har gitt ut tre utmerkede utgivelser f\u00f8r Love, Heartbreak &amp; Drinkin\u00b4. Denne utgivelsen er Thunes f\u00f8rste plate p\u00e5 Blue Mood Records (Grappa) og dette er ogs\u00e5 den f\u00f8rste countryplaten som er blitt gitt ut p\u00e5 Blue Mood Records.<\/p>\n<h4>Solid samarbeid<\/h4>\n<p>Thune tar sin rolle som artist p\u00e5 alvor og han er velkjent for sin sjarmerende spilleglede som f\u00e5r uttrykk b\u00e5de i l\u00e5ter og under sceneshow. Tilsvarende er han n\u00f8ye p\u00e5 hvem han samarbeider med og omgir seg med eliten av norske musikere p\u00e5 sine konserter og innspillinger. P\u00e5 Love, Heartbreak &amp; Drinkin\u2019 har han for eksempel f\u00e5tt med seg gitarvirtuos Lars H\u00e5vard Haugen, som har v\u00e6rt involvert i flertallet av norske countryutgivelser, Knut Hem og Johanna Demker som b\u00e5de er artist og internasjonalt ettertraktet l\u00e5tskriver.<\/p>\n<h4>M\u00f8rkt og fengende<\/h4>\n<p>Love, Heartbreak &amp; Drinkin\u00b4 best\u00e5r av en rekke med knallgode l\u00e5ter der Thunes m\u00f8rke vokal og drivende gitarspill utgj\u00f8r den r\u00f8de tr\u00e5den. Ikke minst er dette tilfellet p\u00e5 den rockete singelen \u201dTruckdriver\u201d, en tempofylt hyllest til verdens landeveiskonger med Richard Gjems p\u00e5 munnspill. Albumet inneholder ogs\u00e5 flere ballader, slik som den m\u00f8rke morderballaden \u201dFirevictims\u201d, den personlige \u201dIt\u00b4s Time\u201d\u201d og den fengende \u201dYour Number Two\u201d som er fremf\u00f8rt i duett med Johanna Demker. Det hele avrundes med den stilsikre kj\u00e6rlighetsballaden \u201dHeartbroken, Lonesome &amp; Blue\u201d.<\/p>\n<p><\/p>","protected":false},"excerpt":{"rendered":"<p>\u2013 Tidenes norske countryplate! [6\/6 Radio Tango]<\/p>\n","protected":false},"featured_media":26882,"comment_status":"closed","ping_status":"open","template":"","meta":[],"product_brand":[],"product_cat":[51],"product_tag":[],"class_list":{"0":"post-685","1":"product","2":"type-product","3":"status-publish","4":"has-post-thumbnail","6":"product_cat-blue-mood-records","7":"product_shipping_class-cddvd-shipping","8":"uni_artist_tag-aslag-haugen","9":"uni_artist_tag-bjorn-edvin-haglund","10":"uni_artist_tag-brennen-leigh","11":"uni_artist_tag-eivind-staksrud","12":"uni_artist_tag-harald-thune","13":"uni_artist_tag-johanna-demker","14":"uni_artist_tag-jorun-bogeberg","15":"uni_artist_tag-knut-ragnar-hem","16":"uni_artist_tag-lars-havard-haugen","17":"uni_artist_tag-lise-sorensen","18":"uni_artist_tag-richard-gjems","19":"uni_artist_tag-tore-blestrud","20":"uni_main_artist_tag-harald-thune","21":"uni_artist_genre-country","22":"uni_artist_genre-rock","24":"first","25":"instock","26":"taxable","27":"shipping-taxable","28":"purchasable","29":"product-type-simple"},"_links":{"self":[{"href":"https:\/\/grappa.no\/no\/wp-json\/wp\/v2\/product\/685","targetHints":{"allow":["GET"]}}],"collection":[{"href":"https:\/\/grappa.no\/no\/wp-json\/wp\/v2\/product"}],"about":[{"href":"https:\/\/grappa.no\/no\/wp-json\/wp\/v2\/types\/product"}],"replies":[{"embeddable":true,"href":"https:\/\/grappa.no\/no\/wp-json\/wp\/v2\/comments?post=685"}],"wp:featuredmedia":[{"embeddable":true,"href":"https:\/\/grappa.no\/no\/wp-json\/wp\/v2\/media\/26882"}],"wp:attachment":[{"href":"https:\/\/grappa.no\/no\/wp-json\/wp\/v2\/media?parent=685"}],"wp:term":[{"taxonomy":"product_brand","embeddable":true,"href":"https:\/\/grappa.no\/no\/wp-json\/wp\/v2\/product_brand?post=685"},{"taxonomy":"product_cat","embeddable":true,"href":"https:\/\/grappa.no\/no\/wp-json\/wp\/v2\/product_cat?post=685"},{"taxonomy":"product_tag","embeddable":true,"href":"https:\/\/grappa.no\/no\/wp-json\/wp\/v2\/product_tag?post=685"}],"curies":[{"name":"wp","href":"https:\/\/api.w.org\/{rel}","templated":true}]}}