{"id":684,"date":"2008-03-31T00:00:00","date_gmt":"2008-03-30T23:00:00","guid":{"rendered":"http:\/\/www.grappa.no\/albums\/uncategorized\/high-roller\/"},"modified":"2017-05-02T08:02:37","modified_gmt":"2017-05-02T07:02:37","slug":"high-roller","status":"publish","type":"product","link":"https:\/\/grappa.no\/no\/albums\/blue-mood-records\/high-roller\/","title":{"rendered":"High Roller"},"content":{"rendered":"<p><\/p>\n<p>Kruttsterkt fra ORBO &amp; The Longshots<\/p>\n<p>High Roller ble bel\u00f8nnet med en Spellemannpris i klassen Blues og fikk str\u00e5lende kritikker da den kom ut. Mange mener til og med at dette er Bergensbandets beste album noensinne! Albumet ble spilt inn i musikkbyen Seattle og inkluderer blant annet Chuck Berrys egen bl\u00e5serrekke The Kings Of Swing, i tillegg til The Northwestern String Quartet fra Seattle Philharmonic Orchestra. ORBO &amp; The Longshots er med andre ord i meget godt selskap. Og resultatet er intet mindre enn uts\u00f8kt: albumet holder h\u00f8y oktan, knallhard energi, vokal i toppklasse, de\ufb01nert lydbilde og stilsikre sanger.\u00a0High Roller er en kruttsterk plate der ORBO &amp; The Longshots virkelig f\u00e5r vist at de er blant de ypperste artistene i landet!<\/p>\n<p><!--more--><\/p>\n<p>Kruttsterkt fra ORBO &amp; The Longshots.<\/p>\n<h4>Kvalitetsvarer<\/h4>\n<p>Som vanlig leverer ORBO &amp; The Longshots energisk musikk og uts\u00f8kte sanger i toppklasse. De vokale og instrumentale prestasjonene er av sjeldent h\u00f8y kvalitet og utgivelsen f\u00f8yer seg inn i og gj\u00f8r stas p\u00e5 sjangre som roots, rock, country og americana. Albumet er smekkfullt av gode, smektende l\u00e5ter som virkelig fenger, slik som \u201dVoodoo Lounge\u201d, tittelsporet \u201dHigh Roller\u201d og den popul\u00e6re \u201dJet Black\u201d.<\/p>\n<h4>Celebre medmusikere<\/h4>\n<p>Bandet har f\u00e5tt med seg flere dyktige musikere p\u00e5 denne utgivelsen, deriblant de celebre bl\u00e5serekkene The Kings of Swing (som har spilt med selveste Chuck Berry!) og The Northwest String Quartet fra Seattle Philharmonic Orchestra. Resultatet er en kruttsterk plate der ORBO &amp; The Longshots virkelig f\u00e5r vist hva de er gode for \u2013 til glede for trofaste fans og for nye lyttere.<\/p>\n<h4>Innspillinger i USA<\/h4>\n<p>Bandets andre album Genuine Handmade Rock&#8217;n&#8217;Roll ble spilt inn i legendariske Sun Studio, Memphis og debutalbumet Seven i Compass Sound Studio, Nashville. High Roller ble spilt inn i Seattle, men ORBO &amp; The Longshots har ingen planer om \u00e5 stoppe der. Bandets ambisi\u00f8se pilgrimsferd-prosjekt er \u00e5 spille inn alle sine album i alle verdens st\u00f8rste musikkmetropoler. For \u00e5 bli ett med musikkens r\u00f8tter og for \u00e5 utvikle sjangeren ved \u00e5 kombinere tradisjon og nytt blod. ORBO &amp; The Longshots mener alvor og har kommet for \u00e5 bli. For \u00e5 gi deg rock&#8217;n&#8217;roll i \u00e5rene som kommer.<\/p>\n<p><\/p>","protected":false},"excerpt":{"rendered":"<p>Hardtsl\u00e5ende og klassisk rock fra Bergen.<\/p>\n","protected":false},"featured_media":26880,"comment_status":"closed","ping_status":"open","template":"","meta":[],"product_brand":[],"product_cat":[51],"product_tag":[],"class_list":{"0":"post-684","1":"product","2":"type-product","3":"status-publish","4":"has-post-thumbnail","6":"product_cat-blue-mood-records","7":"product_shipping_class-cddvd-shipping","8":"uni_artist_tag-erick-jaskowiak","9":"uni_artist_tag-ine-tumyr","10":"uni_artist_tag-orbo-the-longshots","11":"uni_artist_tag-orbo-ole-reinert-berg-olsen","12":"uni_artist_tag-paul-inge-vikingstad","13":"uni_artist_tag-reidar-opdal","14":"uni_artist_tag-rhonda-dover","15":"uni_artist_tag-robert-thurgood","16":"uni_artist_tag-stein-urheim","17":"uni_artist_tag-stian-tumyr","18":"uni_artist_tag-the-kings-of-swing","19":"uni_artist_tag-the-northwest-string-quartet","20":"uni_main_artist_tag-orbo-the-longshots","21":"uni_artist_genre-blues","22":"uni_artist_genre-rock","23":"uni_artist_genre-roots","25":"first","26":"instock","27":"taxable","28":"shipping-taxable","29":"purchasable","30":"product-type-simple"},"_links":{"self":[{"href":"https:\/\/grappa.no\/no\/wp-json\/wp\/v2\/product\/684","targetHints":{"allow":["GET"]}}],"collection":[{"href":"https:\/\/grappa.no\/no\/wp-json\/wp\/v2\/product"}],"about":[{"href":"https:\/\/grappa.no\/no\/wp-json\/wp\/v2\/types\/product"}],"replies":[{"embeddable":true,"href":"https:\/\/grappa.no\/no\/wp-json\/wp\/v2\/comments?post=684"}],"wp:featuredmedia":[{"embeddable":true,"href":"https:\/\/grappa.no\/no\/wp-json\/wp\/v2\/media\/26880"}],"wp:attachment":[{"href":"https:\/\/grappa.no\/no\/wp-json\/wp\/v2\/media?parent=684"}],"wp:term":[{"taxonomy":"product_brand","embeddable":true,"href":"https:\/\/grappa.no\/no\/wp-json\/wp\/v2\/product_brand?post=684"},{"taxonomy":"product_cat","embeddable":true,"href":"https:\/\/grappa.no\/no\/wp-json\/wp\/v2\/product_cat?post=684"},{"taxonomy":"product_tag","embeddable":true,"href":"https:\/\/grappa.no\/no\/wp-json\/wp\/v2\/product_tag?post=684"}],"curies":[{"name":"wp","href":"https:\/\/api.w.org\/{rel}","templated":true}]}}