{"id":683,"date":"2007-12-03T00:00:00","date_gmt":"2007-12-02T23:00:00","guid":{"rendered":"http:\/\/www.grappa.no\/albums\/uncategorized\/the-dreamer\/"},"modified":"2016-12-15T10:48:14","modified_gmt":"2016-12-15T09:48:14","slug":"the-dreamer","status":"publish","type":"product","link":"https:\/\/grappa.no\/no\/albums\/blue-mood-records\/the-dreamer\/","title":{"rendered":"The Dreamer"},"content":{"rendered":"<p><\/p>\n<p>Leken blues fra Kid Andersen<\/p>\n<p>The Dreamer er oppf\u00f8lgeren til den fremragende Spellemann-nominerte Greaseland fra 2006. Dette er en av \u00e5rets musikalske juveler og feier all tvil til side: Kid Andersen tilh\u00f8rer toppen av den internasjonale bluesverden. Som vanlig er Andersens tekster n\u00e5del\u00f8st \u00e6rlige. Han gir oss innsiktsfulle betraktninger om livets mange aspekter og synger n\u00e6rt og gjenkjennelig om livets lyse s\u00e5vel som m\u00f8rke sider. Andersens enorme kunnskap om de mange stilartene i bluesen manifesterer seg tydelig i hans omgang med gitaren, og han leker seg b\u00e5de med britisk blues og kredible blueshedersmenn fra s\u00f8rstatene i USA. Med seg p\u00e5 laget har han et stort antall kvalitetsgjester, deriblant trofaste samarbeidspartnere som Charlie Musselwhite, Rick Estrin og Mark Hummel.<\/p>\n<p><!--more--><\/p>\n<p>Kid Andersen er p\u00e5 vei til toppen i den internasjonale bluesverden.<\/p>\n<h4>Egenartet spillestil<\/h4>\n<p>Kid Andersen er tilbake med oppf\u00f8lgeren til den fremragende Spellemann-nominerte Greaseland fra 2006. The Dreamer er hans tredje soloalbum og gj\u00f8r det klart at Andersen er en artist som stadig utvikler seg. Utgangspunktet er fortsatt tradisjonell blues, men Andersen er uredd og st\u00f8dig i sin tiln\u00e6rming til andre sjangere og stilarter. Resultatet er str\u00e5lende: han blander ulike uttrykk p\u00e5 en mesterlig m\u00e5te og gir det hele sitt eget preg gjennom et enest\u00e5ende gitarspill.<\/p>\n<h4>Ny og gammel blues<\/h4>\n<p>Albumet presenterer stort sett eget materiale, med inspirasjon fra eldre amerikansk og britisk blues fra 1960-tallet. Her finnes tradisjonelle bluestoner som \u201dServes Me Right to Suffer\u201d av Jimmy Dawkins. Ogs\u00e5 Andersens selvskrevne l\u00e5t \u201dA Better Day\u201d tar opp den gode, gamle bluestr\u00e5den og gj\u00f8r det mer enn tydelig at Andersen mestrer bluessjangeren som f\u00e5 andre. The Dreamer har ogs\u00e5 mer utforskende l\u00e5ter slik som \u201dSoul City\u201d, der Andersen blander elementer fra blues og soul og leverer noen helt utrolige gitarsoloer. Den samme musikalske lekenheten finner vi igjen i den pulserende \u201dMy Baby Lee\u201d, en hyllest til kona, og i \u201dTwist of the Century\u201d som har hentet inspirasjon fra spagetti-western musikk. \u201dThe Nightmare\u201d m\u00e5 ogs\u00e5 nevnes: et 10 minutter langt kutt fylt til randen av eminent gitarspill og musikalsk f\u00f8lelse.<\/p>\n<h4>Musikalsk godbit<\/h4>\n<p>Med seg p\u00e5 utgivelsen har Andersen et musikerlag i verdensklasse, med celebre gjester som Charlie Musselwhite, Rick Estrin og Mark Hummel. Dette er virkelig en av de store musikalske godbitene i 2007.<\/p>\n<p><\/p>","protected":false},"excerpt":{"rendered":"<p>Kid Andersen er p\u00e5 vei til \u00e5 bli en av de beste i sin generasjon.<\/p>\n","protected":false},"featured_media":26879,"comment_status":"closed","ping_status":"open","template":"","meta":[],"product_brand":[],"product_cat":[51],"product_tag":[],"class_list":{"0":"post-683","1":"product","2":"type-product","3":"status-publish","4":"has-post-thumbnail","6":"product_cat-blue-mood-records","7":"product_shipping_class-cddvd-shipping","8":"uni_artist_tag-andy-santana","9":"uni_artist_tag-butch-cousins","10":"uni_artist_tag-charlie-musselwhite","11":"uni_artist_tag-hans-bosse","12":"uni_artist_tag-henry-purcell","13":"uni_artist_tag-jimmy-dawkins","14":"uni_artist_tag-jimmy-dewrance","15":"uni_artist_tag-jimmy-reed","16":"uni_artist_tag-joey-ventittelli","17":"uni_artist_tag-june-core","18":"uni_artist_tag-kedar-roy","19":"uni_artist_tag-kid-christoffer-andersen","20":"uni_artist_tag-peter-james","21":"uni_artist_tag-randy-bermudes","22":"uni_artist_tag-rick-estrin","23":"uni_artist_tag-robert-bobby-welsh-jr","24":"uni_artist_tag-robert-welsh-jr","25":"uni_artist_tag-taylor-gibbons","26":"uni_artist_tag-terry-hanck","27":"uni_main_artist_tag-kid-christoffer-andersen","28":"uni_artist_genre-blues","29":"uni_artist_genre-rock","31":"first","32":"instock","33":"taxable","34":"shipping-taxable","35":"purchasable","36":"product-type-simple"},"_links":{"self":[{"href":"https:\/\/grappa.no\/no\/wp-json\/wp\/v2\/product\/683","targetHints":{"allow":["GET"]}}],"collection":[{"href":"https:\/\/grappa.no\/no\/wp-json\/wp\/v2\/product"}],"about":[{"href":"https:\/\/grappa.no\/no\/wp-json\/wp\/v2\/types\/product"}],"replies":[{"embeddable":true,"href":"https:\/\/grappa.no\/no\/wp-json\/wp\/v2\/comments?post=683"}],"wp:featuredmedia":[{"embeddable":true,"href":"https:\/\/grappa.no\/no\/wp-json\/wp\/v2\/media\/26879"}],"wp:attachment":[{"href":"https:\/\/grappa.no\/no\/wp-json\/wp\/v2\/media?parent=683"}],"wp:term":[{"taxonomy":"product_brand","embeddable":true,"href":"https:\/\/grappa.no\/no\/wp-json\/wp\/v2\/product_brand?post=683"},{"taxonomy":"product_cat","embeddable":true,"href":"https:\/\/grappa.no\/no\/wp-json\/wp\/v2\/product_cat?post=683"},{"taxonomy":"product_tag","embeddable":true,"href":"https:\/\/grappa.no\/no\/wp-json\/wp\/v2\/product_tag?post=683"}],"curies":[{"name":"wp","href":"https:\/\/api.w.org\/{rel}","templated":true}]}}