{"id":682,"date":"2009-03-02T00:00:00","date_gmt":"2009-03-01T23:00:00","guid":{"rendered":"http:\/\/www.grappa.no\/albums\/uncategorized\/peace-will-come\/"},"modified":"2016-12-15T11:48:12","modified_gmt":"2016-12-15T10:48:12","slug":"peace-will-come","status":"publish","type":"product","link":"https:\/\/grappa.no\/no\/albums\/blue-mood-records\/peace-will-come\/","title":{"rendered":"Peace Will Come"},"content":{"rendered":"<p><\/p>\n<p>Harding Hank i godt selskap<\/p>\n<p>Hallvard T. Bj\u00f8rgum, som her spiller under dekknavnet Harding Hank, har h\u00f8stet mange lovord for sin personlige og originale tiln\u00e6rming til musikken. Peace Will Come er intet unntak: utgivelsen er et lysende eksempel hvordan musikalsk samarbeid og lekenhet kan skape nye musikalske uttrykk. Bj\u00f8rgum regnes som en av Norges fremste hardingfelespillere og er en av de sentrale skikkelsene innen norsk folkemusikk. P\u00e5 Peace Will Come hyller han imidlertid countrymusikken fra sin ungdom, med s\u00e6rlig honn\u00f8r til Hank Williams. Men folkemusikken er fortsatt med: Harding Hank lar hardingfela lede an gjennom en blanding av country, visesang, rock og folkemusikk, tett fulgt av en rekke verdensber\u00f8mte artister med ulik musikalsk bakgrunn.<\/p>\n<p><!--more--><\/p>\n<p>Hallvard T. Bj\u00f8rgum med stjernelag av musikere.<\/p>\n<h4>Hyllest til countrymusikken<\/h4>\n<p>Hallvard T. Bj\u00f8rgum regnes som en av Norges fremste hardingfelespillere og er h\u00f8yt respektert for sin langvarige innsats for norsk folkemusikk. P\u00e5 Peace Will Come spiller han under dekknavnet Harding Hank, og hyller countrymusikken fra ungdommen. Hyllesten er f\u00f8rst og fremst rettet mot den legendariske Hank Williams som har skrevet tittelsporet \u201d(I\u2019m Praying for The Day That) Peace Will Come\u201d, i tillegg til flere sanger p\u00e5 utgivelsen.<\/p>\n<h4>Stjernelag av artister<\/h4>\n<p>Peace Will Come er en sterk produksjon som i sin blanding av country, visesang, rock og folkemusikk er fri for trangsynte sjangerbegrensinger. Bj\u00f8rgum har da ogs\u00e5 f\u00e5tt selskap av sv\u00e6rt ulike verdensber\u00f8mte musikere og artister. Her finner vi storheter som Garth Hudson fra The Band, Rick Danko, Eric Andersen, Blondie Chaplin, Lisa Fischer (begge korsangere for The Rolling Stones) og Ed Kaercher. Rekken fortsetter med respekterte navn som Lillebj\u00f8rn Nilsen, Kirsten Br\u00e5ten Berg, Jonas Fjeld, Keith Lentin, Steve Holley, Paolo Vinaccia og Bj\u00f8rgulv Straume.<\/p>\n<h4>Grensesprengende musikk<\/h4>\n<p>Prosjektet er preget av en uredd sammenblanding av ulike sjangere, l\u00e5ter, musikere og instrumenter, men det er hele tiden Bj\u00f8rgums hardingfele som leder an. Albumet innledes med to velvalgte Williams-l\u00e5ter og avsluttes med \u201dMyllarguten\u201d. Mellom disse musikalske ytterpunktene finner vi en rekke perler, deriblant Robbie Robertsons \u201dTwilight\u201d og \u201dNils, Jens &amp; Jeidaug\u201d som er en modernisert folkesang med folkemusikkens Kirsten Br\u00e5ten Berg og rockeveteranen Blondie Chaplin. I tillegg finner vi flere av Bj\u00f8rgums egne komposisjoner. Utgivelsen rundes av med fem skatter av noen bonusspor gjort hjemme hos n\u00e5 avd\u00f8de Rick Danko i Woodstock i 1994. Disse er tidligere ikke gitt ut p\u00e5 CD. I CD-heftet finnes en mengde fotografier fra Bj\u00f8rgums lange karriere og grundig bakgrunnsinformasjon om de forskjellige sangene.<\/p>\n<p><\/p>","protected":false},"excerpt":{"rendered":"<p>Bj\u00f8rgum regnes som en av Norges fremste hardingfelespillere og er en av de sentrale skikkelsene innen norsk folkemusikk. P\u00e5 Peace Will Come hyller han imidlertid countrymusikken fra sin ungdom, med s\u00e6rlig honn\u00f8r til Hank Williams.<\/p>\n","protected":false},"featured_media":26884,"comment_status":"closed","ping_status":"open","template":"","meta":[],"product_brand":[],"product_cat":[51],"product_tag":[],"class_list":{"0":"post-682","1":"product","2":"type-product","3":"status-publish","4":"has-post-thumbnail","6":"product_cat-blue-mood-records","7":"product_shipping_class-cddvd-shipping","8":"uni_artist_tag-bjorgulv-straume","9":"uni_artist_tag-blondie-chaplin","10":"uni_artist_tag-daniel-sanden-warg","11":"uni_artist_tag-danny-dill","12":"uni_artist_tag-danny-morrison","13":"uni_artist_tag-ed-kaercher","14":"uni_artist_tag-eric-andersen","15":"uni_artist_tag-fred-rose","16":"uni_artist_tag-garth-hudson","17":"uni_artist_tag-hallvard-t-bjorgum","18":"uni_artist_tag-hallvard-t-bjorgum-harding-hank","19":"uni_artist_tag-hank-williams","20":"uni_artist_tag-inge-bakke-nes","21":"uni_artist_tag-james-taylor","22":"uni_artist_tag-jan-lothe-eriksen","23":"uni_artist_tag-johnny-slate","24":"uni_artist_tag-jonas-fjeld","25":"uni_artist_tag-keith-lentin","26":"uni_artist_tag-kirsten-braten-berg","27":"uni_artist_tag-larry-keith","28":"uni_artist_tag-lillebjorn-nilsen","29":"uni_artist_tag-lisa-fischer","30":"uni_artist_tag-marijohn-wilkin","31":"uni_artist_tag-paolo-vinaccia","32":"uni_artist_tag-paul-kennerly","33":"uni_artist_tag-pee-wee-king","34":"uni_artist_tag-rick-danko","35":"uni_artist_tag-robbie-robertson","36":"uni_artist_tag-steve-holley","37":"uni_artist_tag-tarald-j-uppstad","38":"uni_artist_tag-trad","39":"uni_artist_tag-william-olson","40":"uni_main_artist_tag-hallvard-t-bjorgum","41":"uni_artist_genre-country","42":"uni_artist_genre-traditional","44":"first","45":"instock","46":"taxable","47":"shipping-taxable","48":"purchasable","49":"product-type-simple"},"_links":{"self":[{"href":"https:\/\/grappa.no\/no\/wp-json\/wp\/v2\/product\/682","targetHints":{"allow":["GET"]}}],"collection":[{"href":"https:\/\/grappa.no\/no\/wp-json\/wp\/v2\/product"}],"about":[{"href":"https:\/\/grappa.no\/no\/wp-json\/wp\/v2\/types\/product"}],"replies":[{"embeddable":true,"href":"https:\/\/grappa.no\/no\/wp-json\/wp\/v2\/comments?post=682"}],"wp:featuredmedia":[{"embeddable":true,"href":"https:\/\/grappa.no\/no\/wp-json\/wp\/v2\/media\/26884"}],"wp:attachment":[{"href":"https:\/\/grappa.no\/no\/wp-json\/wp\/v2\/media?parent=682"}],"wp:term":[{"taxonomy":"product_brand","embeddable":true,"href":"https:\/\/grappa.no\/no\/wp-json\/wp\/v2\/product_brand?post=682"},{"taxonomy":"product_cat","embeddable":true,"href":"https:\/\/grappa.no\/no\/wp-json\/wp\/v2\/product_cat?post=682"},{"taxonomy":"product_tag","embeddable":true,"href":"https:\/\/grappa.no\/no\/wp-json\/wp\/v2\/product_tag?post=682"}],"curies":[{"name":"wp","href":"https:\/\/api.w.org\/{rel}","templated":true}]}}