{"id":681,"date":"2007-02-05T00:00:00","date_gmt":"2007-02-04T23:00:00","guid":{"rendered":"http:\/\/www.grappa.no\/albums\/uncategorized\/string-sisters-live\/"},"modified":"2016-11-18T16:35:30","modified_gmt":"2016-11-18T15:35:30","slug":"string-sisters-live","status":"publish","type":"product","link":"https:\/\/grappa.no\/no\/albums\/heilo\/string-sisters-live\/","title":{"rendered":"String Sisters Live"},"content":{"rendered":"<p><\/p>\n<p>Forrykende felespill!<\/p>\n<p>String Sisters Live presenterer et stjernelag av seks av verdens fremste felespillere: Liz Carroll og Liz Knowles fra USA, Emma H\u00e4rdelin fra Sverige, Annbj\u00f8rg Lien fra Norge, Catriona Macdonald fra Shetland og Mair\u00e9ad N\u00ed Mhaonaigh fra Irland. Gjennom sine gnistrende liveopptredener har String Sisters blitt en umiddelbar publikumssuksess og endelig kan det enest\u00e5ende samspillet oppleves p\u00e5 plate! Albumet ga gruppen en Spellemann-nominasjon i \u00c5pen klasse. Repertoaret best\u00e5r av irsk, shetlandsk og skandinavisk folkemusikk i tillegg til artistenes egne komposisjoner. Her t\u00f8yes musikalske grenser og tradisjoner, b\u00e5de i n\u00e6re solopartier og i forrykende samspilll. Konserten er ogs\u00e5 gitt ut som DVD. Her f\u00e5r man presentert nesten dobbelt s\u00e5 mange l\u00e5ter som p\u00e5 CDen, i tillegg til gnistrende visuelle konsertopptak fullt av spilleglede og sprudlende energi.<\/p>\n<p><!--more--><\/p>\n<p>String Sisters \u2013 Live CD &amp; DVD!<\/p>\n<h4>Internasjonal m\u00f8te<\/h4>\n<p>De seks kvinnelige solistene, hver med aktive solokarrierer, ble sammensatt under navnet String Sisters for f\u00f8rste gang i 1998 for \u00e5 spille p\u00e5 roots-festivalen Celtic Connections i Glasgow, Skottland. Der fikk de en overveldende mottakelse, og dr\u00f8mmen om \u00e5 samle noen av verdens ledende kvinnelige felespillere p\u00e5 ett brett, hadde blitt til virkelighet. Etter dette m\u00f8tet ville alle fortsette, noe som endte i en oppf\u00f8lgingskonsert p\u00e5 samme festival \u00e5ret etter, med samme suksess. To \u00e5r etter den formidable Norgesturnen i 2005 var String Sisters klare for \u00e5 gjenforenes der det hele startet, i Glasgow p\u00e5 Celtic Connections.<\/p>\n<h4>String Sisters<\/h4>\n<p>String Sisters er:<br \/>\nAnnbj\u00f8rg Lien (Norge) \u2013 en av Norges mest profilerte og interessante fiolinister. Lien er en sterk fornyer av folkemusikken og er kjent som en forrykende liveartist.<br \/>\nCatriona Macdonald (Shetland) \u2013 kjent som formidler av en av verdens sterkeste feletradisjoner. Hennes r\u00f8tter i den shetlandske tradisjonen kombinert med hennes evne til fornyelse og dristighet har gjort henne til en sv\u00e6rt spennende fiolinist. Hennes debut-album kom i 2000.<br \/>\nLiz Knowles (USA) \u2013 hennes felespill favner over et bredt repertoar: fra jazz og rock til irsk tradisjonsmusikk. I tillegg tar hun vare p\u00e5 essensen i den klassiske tradisjonen som hun er utdannet i.<br \/>\nLiz Carroll (USA) \u2013 f\u00f8dt og bosatt i USA, men regnes likevel som en av de fremste fiolinistene i den irske tradisjonen. Hun har mottatt en rekke priser og utmerkelser.<br \/>\nMair\u00e9ad N\u00ed Mhaonaigh (Irland) \u2013 b\u00e5de fiolinist og sanger. Ledende eksponent for irsk folkemusikk, og i s\u00e6rdeleshet tradisjonen fra distriktet Donegal. Sammen med Frankie Kennedy etablerte hun den irske folkemusikkgruppa Altan p\u00e5 80-tallet.<br \/>\nEmma H\u00e4rdelin (Sverige) \u2013 er i likhet med Mhaonaigh b\u00e5de fiolinist og sanger. Allerede som 17 \u00e5ring i 1993 debuterte hun som vokalist i den svenske folk\/rock\/teknologiske gruppen Garmarna. I 1995 startet hun gruppen Triakel sammen med Kjell Erik Eriksson, fiolinist i Hovendroven, og Jan Str\u00f6mstedt.<\/p>\n<h4><\/h4>\n<\/p>\n<p><\/p>","protected":false},"excerpt":{"rendered":"<p>\u2013 Felekraft fra strenges\u00f8stre i stjerneklassen. [5\/6 Carl Petter Opsahl \/ VG]<\/p>\n","protected":false},"featured_media":27254,"comment_status":"closed","ping_status":"open","template":"","meta":[],"product_brand":[],"product_cat":[35],"product_tag":[],"class_list":{"0":"post-681","1":"product","2":"type-product","3":"status-publish","4":"has-post-thumbnail","6":"product_cat-heilo","7":"product_shipping_class-cddvd-shipping","8":"uni_artist_tag-annbjorg-lien","9":"uni_artist_tag-bjorn-ole-rasch","10":"uni_artist_tag-catriona-macdonald","11":"uni_artist_tag-conrad-ivitsky","12":"uni_artist_tag-david-milligan","13":"uni_artist_tag-emma-hardelin","14":"uni_artist_tag-ian-lowthian","15":"uni_artist_tag-james-mackintosh","16":"uni_artist_tag-lad-obeirne","17":"uni_artist_tag-liz-carroll","18":"uni_artist_tag-liz-knowles","19":"uni_artist_tag-mairead-ni-mhaonaigh","20":"uni_artist_tag-string-sisters","21":"uni_artist_tag-tom-andersen","22":"uni_artist_tag-tore-bruvoll","23":"uni_artist_tag-trad","24":"uni_main_artist_tag-string-sisters","25":"uni_artist_genre-folk-music","26":"uni_artist_genre-traditional","27":"uni_artist_genre-world-music","29":"first","30":"instock","31":"taxable","32":"shipping-taxable","33":"purchasable","34":"product-type-simple"},"_links":{"self":[{"href":"https:\/\/grappa.no\/no\/wp-json\/wp\/v2\/product\/681","targetHints":{"allow":["GET"]}}],"collection":[{"href":"https:\/\/grappa.no\/no\/wp-json\/wp\/v2\/product"}],"about":[{"href":"https:\/\/grappa.no\/no\/wp-json\/wp\/v2\/types\/product"}],"replies":[{"embeddable":true,"href":"https:\/\/grappa.no\/no\/wp-json\/wp\/v2\/comments?post=681"}],"wp:featuredmedia":[{"embeddable":true,"href":"https:\/\/grappa.no\/no\/wp-json\/wp\/v2\/media\/27254"}],"wp:attachment":[{"href":"https:\/\/grappa.no\/no\/wp-json\/wp\/v2\/media?parent=681"}],"wp:term":[{"taxonomy":"product_brand","embeddable":true,"href":"https:\/\/grappa.no\/no\/wp-json\/wp\/v2\/product_brand?post=681"},{"taxonomy":"product_cat","embeddable":true,"href":"https:\/\/grappa.no\/no\/wp-json\/wp\/v2\/product_cat?post=681"},{"taxonomy":"product_tag","embeddable":true,"href":"https:\/\/grappa.no\/no\/wp-json\/wp\/v2\/product_tag?post=681"}],"curies":[{"name":"wp","href":"https:\/\/api.w.org\/{rel}","templated":true}]}}