{"id":680,"date":"2009-09-14T00:00:00","date_gmt":"2009-09-13T23:00:00","guid":{"rendered":"http:\/\/www.grappa.no\/albums\/uncategorized\/seven-winds\/"},"modified":"2016-11-18T16:35:29","modified_gmt":"2016-11-18T15:35:29","slug":"seven-winds","status":"publish","type":"product","link":"https:\/\/grappa.no\/no\/albums\/heilo\/seven-winds\/","title":{"rendered":"Seven Winds"},"content":{"rendered":"<p><\/p>\n<p>Spennande tonesetjing av Olav H. Hauge<\/p>\n<p>De i tre anerkjente musikarane vart i 2008 spurt av Dei Nynorske Festspela om \u00e5 lage eit bestillingsverk basert p\u00e5 tekstar av Olav H. Hauge. Det resulterte i tonesetjing av fleire av dikta hans, der dei vert framheva i alt fr\u00e5 funk, ballade, vise, jazz, folk, ny musikk; rett og slett det som Seven Winds f\u00f8ler passar dei forskjellige dikta best. Musikken er eit resultat av dei tre ulike musikarane sine ulike musikalske st\u00e5stadar, evna deira til \u00e5 ta opp i seg nye uttrykk, intens turn\u00e8verksemd og deira ynskje om \u00e5 f\u00e5 l\u00e5tane og plata til \u00e5 vere s\u00e5 tru mot Hauge sine dikt, sett fr\u00e5 Seven Winds sin st\u00e5stad, som overhodet mogleg.<\/p>\n<p><!--more--><\/p>\n<p>Seven Winds i alle retningar! Spennande tonesetjing av Olav H. Hauge.<\/p>\n<h4>Bestillingsverk<\/h4>\n<p>De i tre anerkjente musikarane vart i 2008 spurt av Dei Nynorske Festspela om \u00e5 lage eit bestillingsverk basert p\u00e5 tekstar av Olav H. Hauge. Det resulterte i tonesetjing av fleire av dikta hans, der dei vert framheva i alt fr\u00e5 funk, ballade, vise, jazz, folk, ny musikk; rett og slett det som Seven Winds f\u00f8ler passar dei forskjellige dikta best. Musikken er eit resultat av dei tre ulike musikarane sine ulike musikalske st\u00e5stadar, evna deira til \u00e5 ta opp i seg nye uttrykk, intens turn\u00e8verksemd og deira ynskje om \u00e5 f\u00e5 l\u00e5tane og plata til \u00e5 vere s\u00e5 tru mot Hauge sine dikt, sett fr\u00e5 Seven Winds sin st\u00e5stad, som overhodet mogleg.<\/p>\n<h4>Internasjonal Hauge<\/h4>\n<p>Sidan juni 2008 har Seven Winds heldt meir enn 40 konsertar i alt fr\u00e5 klubbar til konserthus, slum og palass, universitet og skuler i India, Tanzania, Kina, Korea, Nepal, Sri Lanka og Norge. Dei har samarbeidd med musikarar og diktarar fr\u00e5 m.a. Zanzibar, Beijing, Seoul, Kunming, Kathmandu, Colombo, Shanghai, Hanzhou, Xi\u2019an, Lanzhou, Bhopal og Delhi, og framf\u00f8rt tekstane til Hauge p\u00e5 nynorsk, kinesisk, fransk, fulani, hindi, swahili og koreansk. Coveret speglar dette ved at du finn eit utval av Hauge sine tekstar oversatt til 16 ulike spr\u00e5k.<\/p>\n<h4><\/h4>\n<\/p>\n<p><\/p>","protected":false},"excerpt":{"rendered":"<p>\u2013 Olav H. Hauges dikt har p\u00e5 utmerket vis f\u00e5tt et eget og internasjonalt tonespr\u00e5k. [5 \/ Svein Andersen \/ Aftenposten]<\/p>\n","protected":false},"featured_media":27282,"comment_status":"closed","ping_status":"open","template":"","meta":[],"product_brand":[],"product_cat":[35],"product_tag":[],"class_list":{"0":"post-680","1":"product","2":"type-product","3":"status-publish","4":"has-post-thumbnail","6":"product_cat-heilo","7":"product_shipping_class-cddvd-shipping","8":"uni_artist_tag-becaye-aw","9":"uni_artist_tag-rolf-erik-nystrom","10":"uni_artist_tag-unni-lovlid","11":"uni_main_artist_tag-rolf-erik-nystrom","12":"uni_artist_genre-folk-music","13":"uni_artist_genre-traditional","14":"uni_artist_genre-world-music","16":"first","17":"instock","18":"taxable","19":"shipping-taxable","20":"purchasable","21":"product-type-simple"},"_links":{"self":[{"href":"https:\/\/grappa.no\/no\/wp-json\/wp\/v2\/product\/680","targetHints":{"allow":["GET"]}}],"collection":[{"href":"https:\/\/grappa.no\/no\/wp-json\/wp\/v2\/product"}],"about":[{"href":"https:\/\/grappa.no\/no\/wp-json\/wp\/v2\/types\/product"}],"replies":[{"embeddable":true,"href":"https:\/\/grappa.no\/no\/wp-json\/wp\/v2\/comments?post=680"}],"wp:featuredmedia":[{"embeddable":true,"href":"https:\/\/grappa.no\/no\/wp-json\/wp\/v2\/media\/27282"}],"wp:attachment":[{"href":"https:\/\/grappa.no\/no\/wp-json\/wp\/v2\/media?parent=680"}],"wp:term":[{"taxonomy":"product_brand","embeddable":true,"href":"https:\/\/grappa.no\/no\/wp-json\/wp\/v2\/product_brand?post=680"},{"taxonomy":"product_cat","embeddable":true,"href":"https:\/\/grappa.no\/no\/wp-json\/wp\/v2\/product_cat?post=680"},{"taxonomy":"product_tag","embeddable":true,"href":"https:\/\/grappa.no\/no\/wp-json\/wp\/v2\/product_tag?post=680"}],"curies":[{"name":"wp","href":"https:\/\/api.w.org\/{rel}","templated":true}]}}