{"id":679,"date":"2008-10-13T00:00:00","date_gmt":"2008-10-12T23:00:00","guid":{"rendered":"http:\/\/www.grappa.no\/albums\/uncategorized\/for-du-skin-ikkje-for-deg-sjolv\/"},"modified":"2016-11-18T16:35:28","modified_gmt":"2016-11-18T15:35:28","slug":"for-du-skin-ikkje-for-deg-sjolv","status":"publish","type":"product","link":"https:\/\/grappa.no\/no\/albums\/grappa\/for-du-skin-ikkje-for-deg-sjolv\/","title":{"rendered":"For du skin ikkje for deg sj\u00f8lv"},"content":{"rendered":"<p><\/p>\n<p>Norske artister tolker Olav H. Hauge <\/p>\n<p>Ti av Norges fremste musikere har valgt ut hvert sitt dikt av Olav H. Hauge (1908\u20131994) og har satt tone til det. Resultatet er en hyllest til den store dikteren som bringer lytterne inn i Hauges mangfoldige litter\u00e6re verden gjennom sv\u00e6rt forskjellige musikalske uttrykksformer. Her er visesang, folkemusikk, hip-hop og jazz, alle sjangre som f\u00f8rer Hauges lyrikk langs nye veier til nye publikum. Albumet For du skjin ikkje for deg sj\u00f8lv kler Olav H. Hauges dikt i frisk tonedrakt, skrevet og fremf\u00f8rt av artister som Bj\u00f8rn Eidsv\u00e5g, Jan Eggum, Valkyrien Allstars, Thom Hell, Unni L\u00f8vlid og Side Brok. Med sine ulike bidrag maner de fram nye, melodiske sider av kjente og mindre kjente Hauge-dikt, og viser hvor mangfoldig inspirasjon Hauges diktning kan gi.<\/p>\n<p><!--more--><\/p>\n<p>Ein gneiste av den store eld \u2013 Norske musikere inspirert av stor lyrikk.<\/p>\n<h4>Mangfoldig inspirasjon<\/h4>\n<p>En hyllest til den store dikteren Olav H. Hauge (1908\u20131994) fra en rekke norske artister bringer lytterne inn i Hauges mangfoldige litter\u00e6re verden gjennom sv\u00e6rt forskjellige musikalske uttrykksformer. Her er visesang, folkemusikk, hip-hop og jazz blant de musikalske redskapene som artistene tar i bruk for \u00e5 f\u00f8re Hauges lyrikk langs nye veier til nye publikum. Plata For du skjin ikkje for deg sj\u00f8lv kler Olav H. Hauges dikt i frisk tonedrakt, spilt av artister som for eksempel Bj\u00f8rn Eidsv\u00e5g, Jan Eggum, Valkyrien Allstars og Side Brok. Med sine forskjellige bidrag viser de nye, melodiske sider av kjente og mindre kjente Hauge-dikt. Felles for alle sangene er at det l\u00e5ter aktuelt, tilgjengelig og sangbart, og viser hvor mangfoldig inspirasjon Olav H. Hauges diktning kan gi.<\/p>\n<h4>Artister<\/h4>\n<p>Unni L\u00f8vlid, Becaye Aw, Rolf-Erik Nystr\u00f8m; Bj\u00f8rn Eidsv\u00e5g; Lars Bremnes; Valkyrien Allstars; Thom Hell; Side Brok; Niko Valkaep\u00e4\u00e4; Jan Eggum; Heidi Marie Vestrheim; Kirsten Br\u00e5ten Berg.<\/p>\n<h4><\/h4>\n<\/p>\n<p><\/p>","protected":false},"excerpt":{"rendered":"<p>Olav H. Hauges diktning i musikalsk drakt.<\/p>\n","protected":false},"featured_media":27021,"comment_status":"closed","ping_status":"open","template":"","meta":[],"product_brand":[],"product_cat":[6],"product_tag":[],"class_list":{"0":"post-679","1":"product","2":"type-product","3":"status-publish","4":"has-post-thumbnail","6":"product_cat-grappa","7":"product_shipping_class-cddvd-shipping","8":"uni_artist_tag-anders-engen","9":"uni_artist_tag-anders-jormin","10":"uni_artist_tag-anders-lonne-gronseth","11":"uni_artist_tag-anne-hytta","12":"uni_artist_tag-becaye-aw","13":"uni_artist_tag-bendik-hofseth","14":"uni_artist_tag-bjorn-eidsvag","15":"uni_artist_tag-bjorn-holm","16":"uni_artist_tag-christer-knudsen","17":"uni_artist_tag-david-wallumrod","18":"uni_artist_tag-erik-holm","19":"uni_artist_tag-even-ormestad","20":"uni_artist_tag-georg-buljo","21":"uni_artist_tag-georg-riedel","22":"uni_artist_tag-heidi-marie-vestrheim","23":"uni_artist_tag-jan-eggum","24":"uni_artist_tag-jon-balke","25":"uni_artist_tag-kenneth-ekornes","26":"uni_artist_tag-kirsten-braten-berg","27":"uni_artist_tag-knut-petter-saevik","28":"uni_artist_tag-lars-bremnes","29":"uni_artist_tag-morten-halle","30":"uni_artist_tag-niko-valkaepaa","31":"uni_artist_tag-ole-johan-skjelbred","32":"uni_artist_tag-per-willy-aaserud","33":"uni_artist_tag-rabakoret","34":"uni_artist_tag-rolf-erik-nystrom","35":"uni_artist_tag-roy-ole-forland","36":"uni_artist_tag-side-brok","37":"uni_artist_tag-sigbjorn-nedland","38":"uni_artist_tag-terje-isungset","39":"uni_artist_tag-thom-hell","40":"uni_artist_tag-tuva-livsdatter-syvertsen","41":"uni_artist_tag-unni-lovlid","42":"uni_artist_tag-valkyrien-allstars","43":"uni_main_artist_tag-kirsten-braten-berg","44":"uni_artist_genre-lyric-poetry","45":"uni_artist_genre-pop","47":"first","48":"instock","49":"taxable","50":"shipping-taxable","51":"product-type-simple"},"_links":{"self":[{"href":"https:\/\/grappa.no\/no\/wp-json\/wp\/v2\/product\/679","targetHints":{"allow":["GET"]}}],"collection":[{"href":"https:\/\/grappa.no\/no\/wp-json\/wp\/v2\/product"}],"about":[{"href":"https:\/\/grappa.no\/no\/wp-json\/wp\/v2\/types\/product"}],"replies":[{"embeddable":true,"href":"https:\/\/grappa.no\/no\/wp-json\/wp\/v2\/comments?post=679"}],"wp:featuredmedia":[{"embeddable":true,"href":"https:\/\/grappa.no\/no\/wp-json\/wp\/v2\/media\/27021"}],"wp:attachment":[{"href":"https:\/\/grappa.no\/no\/wp-json\/wp\/v2\/media?parent=679"}],"wp:term":[{"taxonomy":"product_brand","embeddable":true,"href":"https:\/\/grappa.no\/no\/wp-json\/wp\/v2\/product_brand?post=679"},{"taxonomy":"product_cat","embeddable":true,"href":"https:\/\/grappa.no\/no\/wp-json\/wp\/v2\/product_cat?post=679"},{"taxonomy":"product_tag","embeddable":true,"href":"https:\/\/grappa.no\/no\/wp-json\/wp\/v2\/product_tag?post=679"}],"curies":[{"name":"wp","href":"https:\/\/api.w.org\/{rel}","templated":true}]}}