{"id":673,"date":"2006-11-27T00:00:00","date_gmt":"2006-11-26T23:00:00","guid":{"rendered":"http:\/\/www.grappa.no\/albums\/uncategorized\/the-source-of-christmas-live\/"},"modified":"2018-11-23T08:18:57","modified_gmt":"2018-11-23T07:18:57","slug":"the-source-of-christmas-live","status":"publish","type":"product","link":"https:\/\/grappa.no\/no\/albums\/grappa\/the-source-of-christmas-live\/","title":{"rendered":"The Source: of Christmas &#8211; Live"},"content":{"rendered":"<p><\/p>\n<p>Ti \u00e5r med The Source: of Christmas<\/p>\n<p>I 2005 feiret den utradisjonelle og tradisjonsrike julekonserten The Source: of Christmas sitt 10-\u00e5rsjubileum med brask og bram. Konserten ble festet til tape av Jan Erik Kongshaug og resulterte i en Spellemann-nominert utgivelse! The Source: of Christmas er en ekstravagant julemusikalsk feiring hvor artister fra mange forskjellige himmelstr\u00f8k s\u00f8ker sammen i kjente og kj\u00e6re julesanger, enten de besynges i beste crooner-stil med skikkelig storbandtr\u00f8kk, som algerisk ra\u00ef, som kinesisk opera eller som cabaretsang. Over 50 artister, musikere og dansere totalt er samlet i et spektakul\u00e6rt show, og n\u00e5 ogs\u00e5 p\u00e5 en perle av en CD-utgivelse. Blant gjesteartistene m\u00e5 nevnes sangeren Cheb Hocine, mezzosopranene Anne-Lise Berntsen og Tora Augestad, Lars Klevstrand, Jarle Bernhoft, Youssou N\u00b4Dours Cairo Orchestra ledet av Fathy Salama, akkordeonist Frode Haltli og mange flere. The Source: of Christmas er ekstravagant julemusikk og er definitivt en juleplate helt utenom det vanlige.<\/p>\n<p><!--more--><\/p>\n<p>10 \u00e5r med fulle hus, utallige gjestartister og ellevill musikalsk feiring!<\/p>\n<h4>Ekstravagant julefeiring<\/h4>\n<p>The Source: of Christmas er en ekstravagant julefeiring innenfor det usedvanlige, hvor The Source og solister fra mange forskjellige himmelstr\u00f8k avdekker mistelteinens eksotiske myter og s\u00f8ker sammen i kjente og kj\u00e6re julesanger, enten de besynges i beste crooner-stil med skikkelig storbandtr\u00f8kk, som algerisk ra\u00ef, som kinesisk opera eller som cabaretsang. Det er rett og slett The Source: of Christmas, med over 50 artister, musikere og dansere i et spektakul\u00e6rt show p\u00e5 en glitrende scene i flere etasjer.<\/p>\n<h4>Celebre gjester<\/h4>\n<p>I navet av denne julemusikalske zodiak figurerer den velsmurte kvartetten The Source, koblet med dirigent og klaversolist Christian Eggen foran eminente Kongelig Norske Marines Musikkorps, Youssou N\u2019Dours egyptiske Cairo Orchestra under ledelse av Fathy Salama og selvf\u00f8lgelig et vell av overraskede gjesteartister. Blant gjestene m\u00e5 nevnes sangeren Cheb Hocine (som blant annet turnerer klassikere som \u201cJallah-klang\u201d, \u201cSj\u00f8 og Land\u201d og \u201cP\u00e5 L\u00e5ven Sitter Nissen\u201d), mezzosopranene Anne-Lise Berntsen og Tora Augestad, fiolinisten, oudspilleren og professoren Dr Alfred Gamil og akkordeonist Frode Haltli. Men tro ikke at dette er de eneste julestjernene p\u00e5 desemberhimmelens bl\u00e5 firmament. For den snille vil sekken aldri t\u00f8mmes\u2026<\/p>\n<h4><\/h4>\n<\/p>\n<p><\/p>","protected":false},"excerpt":{"rendered":"<p>\u2013 En julemusikalsk skattkiste fylt til randen av godbiter. [Carl Petter Opsahl \/ VG]<\/p>\n","protected":false},"featured_media":26992,"comment_status":"closed","ping_status":"open","template":"","meta":[],"product_brand":[],"product_cat":[6],"product_tag":[],"class_list":{"0":"post-673","1":"product","2":"type-product","3":"status-publish","4":"has-post-thumbnail","6":"product_cat-grappa","7":"product_shipping_class-cddvd-shipping","8":"uni_artist_tag-adolphe-adam","9":"uni_artist_tag-ahmad-el-ghazar","10":"uni_artist_tag-alfred-gamil","11":"uni_artist_tag-anne-lise-berntsen","12":"uni_artist_tag-ayman-sedki","13":"uni_artist_tag-benny-borg","14":"uni_artist_tag-cheb-hocine-derras","15":"uni_artist_tag-christian-eggen","16":"uni_artist_tag-christopher-weyse","17":"uni_artist_tag-fathy-salama","18":"uni_artist_tag-finn-guttormsen","19":"uni_artist_tag-franz-gruber","20":"uni_artist_tag-frode-haltli","21":"uni_artist_tag-frode-thingnaes","22":"uni_artist_tag-hakon-mjaset-johansen","23":"uni_artist_tag-irving-berlin","24":"uni_artist_tag-jarle-bernhoft","25":"uni_artist_tag-johann-sebastian-bach","26":"uni_artist_tag-mamdouh-serour","27":"uni_artist_tag-marvin-charles","28":"uni_artist_tag-mathias-eick","29":"uni_artist_tag-mats-eilertsen","30":"uni_artist_tag-maurice-ravel","31":"uni_artist_tag-mel-torme","32":"uni_artist_tag-oyvind-braekke","33":"uni_artist_tag-per-oddvar-johansen","34":"uni_artist_tag-ramadan-mohamed","35":"uni_artist_tag-ruben-stranger","36":"uni_artist_tag-saleh-el-artist","37":"uni_artist_tag-the-royal-norwegian-navy-band","38":"uni_artist_tag-the-source","39":"uni_artist_tag-thoralf-berg","40":"uni_artist_tag-tom-simensen","41":"uni_artist_tag-tora-augestad","42":"uni_artist_tag-trad","43":"uni_artist_tag-trygve-seim","44":"uni_main_artist_tag-the-source","45":"uni_artist_genre-christmas-music","46":"uni_artist_genre-improvised-music","47":"uni_artist_genre-jazz","48":"uni_artist_genre-world-music","50":"first","51":"instock","52":"taxable","53":"shipping-taxable","54":"purchasable","55":"product-type-simple"},"_links":{"self":[{"href":"https:\/\/grappa.no\/no\/wp-json\/wp\/v2\/product\/673","targetHints":{"allow":["GET"]}}],"collection":[{"href":"https:\/\/grappa.no\/no\/wp-json\/wp\/v2\/product"}],"about":[{"href":"https:\/\/grappa.no\/no\/wp-json\/wp\/v2\/types\/product"}],"replies":[{"embeddable":true,"href":"https:\/\/grappa.no\/no\/wp-json\/wp\/v2\/comments?post=673"}],"wp:featuredmedia":[{"embeddable":true,"href":"https:\/\/grappa.no\/no\/wp-json\/wp\/v2\/media\/26992"}],"wp:attachment":[{"href":"https:\/\/grappa.no\/no\/wp-json\/wp\/v2\/media?parent=673"}],"wp:term":[{"taxonomy":"product_brand","embeddable":true,"href":"https:\/\/grappa.no\/no\/wp-json\/wp\/v2\/product_brand?post=673"},{"taxonomy":"product_cat","embeddable":true,"href":"https:\/\/grappa.no\/no\/wp-json\/wp\/v2\/product_cat?post=673"},{"taxonomy":"product_tag","embeddable":true,"href":"https:\/\/grappa.no\/no\/wp-json\/wp\/v2\/product_tag?post=673"}],"curies":[{"name":"wp","href":"https:\/\/api.w.org\/{rel}","templated":true}]}}