{"id":672,"date":"2008-01-07T00:00:00","date_gmt":"2008-01-06T23:00:00","guid":{"rendered":"http:\/\/www.grappa.no\/albums\/uncategorized\/episoder\/"},"modified":"2016-11-18T16:35:23","modified_gmt":"2016-11-18T15:35:23","slug":"episoder","status":"publish","type":"product","link":"https:\/\/grappa.no\/no\/albums\/grappa\/episoder\/","title":{"rendered":"Episoder"},"content":{"rendered":"<p><\/p>\n<p>Kaia Huuses 10 \u00e5r som plateartist!<\/p>\n<p>Kaia Huuse oppsummerer her 10 \u00e5r som plateartist der b\u00e5de gamle og nye l\u00e5ter har f\u00e5tt plass. Huuse har i l\u00f8pet av sin karriere blitt kjent som en helt s\u00e6regen artist og har betydd mye for den norske visesjangeren. Hun har kompromissl\u00f8st fulgt sin egen vei, noe som har gjort henne til en spennende og ukonvensjonell artist. Episoder presenterer nyinnspillinger av 10 tidligere utgitte l\u00e5ter og 3 nyskrevne sanger: \u201dSang til Bastian\u201d, \u201dPrinsesse\u201d og \u201dMoa\u201d. Dette er muntre melodier med et alvorlig og til tider melankolsk innhold. De tidligere utgitte l\u00e5tene er blant de absolutte h\u00f8ydepunktene fra karrieren og gir oss velkjente sanger som \u201dFor han\u201d, \u201dEkskoner\u201d og \u201dMellom oss\u201d.<\/p>\n<p><!--more--><\/p>\n<p>Kaia Huuse  feirer 10 \u00e5r som plateartist med nytt album: \u2013 Jeg jubilerer med \u00e5 se framover: tre nye l\u00e5ter, og bakover: nye innspillinger av gamle favoritter som publikum har valgt ut!<\/p>\n<h4>Sm\u00e5 sanger om store ting<\/h4>\n<p>Temaene i Huuses tekster kretser rundt relasjoner og f\u00f8lelser; brudd, oppgj\u00f8r, dr\u00f8mmer, lengsler, n\u00e6rhet og avstand. En liten bunke lavm\u00e6lte, melodi\u00f8se sanger i akustisk lydbilde. Dette er sm\u00e5 sanger om store ting. H\u00f8yt snakk p\u00e5 en stille m\u00e5te. Sangene er hentet fra hennes 4 solo-CDer som siden utgivelsen har blitt modellert p\u00e5 nytt gjennom over 400 konserter. I likhet med l\u00e5tene p\u00e5 albumet, er ogs\u00e5 innleggsheftet til Episoder en sammenfatning av Huuses \u00e5r i rampelyset. Her finner vi en rekke faksimiler fra aviser og blader som omtaler artisten, mennesket og kjendisen Kaia Huuse.<\/p>\n<h4>Huuses 10 \u00e5r som plateartist<\/h4>\n<p>Gjennom 10 \u00e5r i platebransjen, har Kaia Huuse v\u00e6rt med p\u00e5 litt av hvert. Hun opptr\u00e5dte i 70-\u00e5rsdagen til Erik Bye, har sunget med Kringkastingsorkesteret p\u00e5 Rockefeller og har gjort duett med Nora Brockstedt i beste sendetid p\u00e5 TV. Hun har turnert Norge p\u00e5 langs med eget tog og ankommet sine egne konserter i b\u00e5de beltevogn, p\u00e5 sn\u00f8skuter, med firehjuling og i redningssk\u00f8yte. Huuse har konsertert utenlands ogs\u00e5, fra Berlin til Budapest, og hun har sunget sitt hjerte ut innenfor murene p\u00e5 de fleste norske fengsler. Hun har v\u00e6rt nummer en p\u00e5 Norsktoppen, f\u00e5tt Statens Kunstnerstipend, Josefineprisen og Spellemannpris for \u00e5rets visealbum.<\/p>\n<h4><\/h4>\n<\/p>\n<p><\/p>","protected":false},"excerpt":{"rendered":"<p>En herlig inngang til Huuses univers.<\/p>\n","protected":false},"featured_media":27012,"comment_status":"closed","ping_status":"open","template":"","meta":[],"product_brand":[],"product_cat":[6],"product_tag":[],"class_list":{"0":"post-672","1":"product","2":"type-product","3":"status-publish","4":"has-post-thumbnail","6":"product_cat-grappa","7":"product_shipping_class-cddvd-shipping","8":"uni_artist_tag-anders-engen","9":"uni_artist_tag-anita-skorgan","10":"uni_artist_tag-asmund-reistad","11":"uni_artist_tag-audun-erlien","12":"uni_artist_tag-borge-pettersen-overleir","13":"uni_artist_tag-elin-ro","14":"uni_artist_tag-elisabeth-lie","15":"uni_artist_tag-freddy-dahl","16":"uni_artist_tag-frode-berntzen","17":"uni_artist_tag-geir-holmsen","18":"uni_artist_tag-grethe-berntzen","19":"uni_artist_tag-gro-elisabeth-sille","20":"uni_artist_tag-hakon-alexander-jessen","21":"uni_artist_tag-hakon-kvidal","22":"uni_artist_tag-henning-sommerro","23":"uni_artist_tag-ingrid-bjornov","24":"uni_artist_tag-jan-eggum","25":"uni_artist_tag-kaia-huuse","26":"uni_artist_tag-kare-vestrheim","27":"uni_artist_tag-kathrine-skaug","28":"uni_artist_tag-knut-reiersrud","29":"uni_artist_tag-lise-sorensen","30":"uni_artist_tag-magnus-westgaard","31":"uni_artist_tag-norwegian-radio-orchestra","32":"uni_artist_tag-ole-eirik-ree","33":"uni_artist_tag-oyvind-bjora","34":"uni_artist_tag-oyvind-bremnes","35":"uni_artist_tag-pal-solbakk","36":"uni_artist_tag-per-kolstad","37":"uni_artist_tag-thomas-rimul","38":"uni_artist_tag-trond-augland","39":"uni_artist_tag-vegar-ellevseth","40":"uni_main_artist_tag-kaia-huuse","41":"uni_artist_genre-norwegian","42":"uni_artist_genre-singersongwriter","44":"first","45":"instock","46":"taxable","47":"shipping-taxable","48":"purchasable","49":"product-type-simple"},"_links":{"self":[{"href":"https:\/\/grappa.no\/no\/wp-json\/wp\/v2\/product\/672","targetHints":{"allow":["GET"]}}],"collection":[{"href":"https:\/\/grappa.no\/no\/wp-json\/wp\/v2\/product"}],"about":[{"href":"https:\/\/grappa.no\/no\/wp-json\/wp\/v2\/types\/product"}],"replies":[{"embeddable":true,"href":"https:\/\/grappa.no\/no\/wp-json\/wp\/v2\/comments?post=672"}],"wp:featuredmedia":[{"embeddable":true,"href":"https:\/\/grappa.no\/no\/wp-json\/wp\/v2\/media\/27012"}],"wp:attachment":[{"href":"https:\/\/grappa.no\/no\/wp-json\/wp\/v2\/media?parent=672"}],"wp:term":[{"taxonomy":"product_brand","embeddable":true,"href":"https:\/\/grappa.no\/no\/wp-json\/wp\/v2\/product_brand?post=672"},{"taxonomy":"product_cat","embeddable":true,"href":"https:\/\/grappa.no\/no\/wp-json\/wp\/v2\/product_cat?post=672"},{"taxonomy":"product_tag","embeddable":true,"href":"https:\/\/grappa.no\/no\/wp-json\/wp\/v2\/product_tag?post=672"}],"curies":[{"name":"wp","href":"https:\/\/api.w.org\/{rel}","templated":true}]}}