{"id":671,"date":"2011-03-25T00:00:00","date_gmt":"2011-03-24T23:00:00","guid":{"rendered":"http:\/\/www.grappa.no\/albums\/uncategorized\/a-tribute-to-the-northern-winds\/"},"modified":"2019-02-22T16:04:01","modified_gmt":"2019-02-22T15:04:01","slug":"a-tribute-to-the-northern-winds","status":"publish","type":"product","link":"https:\/\/grappa.no\/no\/albums\/simax-classics\/a-tribute-to-the-northern-winds\/","title":{"rendered":"A tribute to the NORTHERN WINDS"},"content":{"rendered":"<p><\/p>\n<p>Tine spiller med Staben!<\/p>\n<p>Forsvarets Stabsmusikkorps er blant de fremste milit\u00e6rorkestre, og h\u00f8ster stor internasjonal anerkjennelse for sitt musikalske niv\u00e5. P\u00e5 sin nye plate A Tribute to the Northern Winds spiller de bredt anlagt nordisk musikk \u2013 med Tine Thing Helseth som suveren solist. Platen inneholder det beste av norsk, svensk, finsk og dansk musikk for &#8216;symphonic band&#8217; \u2013 fremf\u00f8rt av v\u00e5re beste ut\u00f8vere.<\/p>\n<p>Stabsmusikken er Norges representasjonskorps nr. 1, og spiller p\u00e5 en rekke arrangementer i regi av Kongehuset, Regjering og Forsvaret. Med Ruud som sjefdirigent siden 2007 og utstrakt konsertvirksomhet i sin nye konsertsal p\u00e5 Akershus festning &#8216;Ridehuset&#8217;, har Staben virkelig markert sin m\u00e5lsetning om ogs\u00e5 \u00e5 v\u00e6re et kraftsentrum i hovedstadens pulserende musikkliv.<\/p>\n<p><!--more--><\/p>\n<p>Forsvarets Stabsmusikkorps er blant de fremste milit\u00e6rorkestre, og h\u00f8ster stor internasjonal anerkjennelse for sitt musikalske niv\u00e5. P\u00e5 sin nye plate A Tribute to the Northern Winds spiller de bredt anlagt nordisk musikk \u2013 med Tine Thing Helseth som suveren solist.<\/p>\n<h4>Tine i &#8216;jazzig&#8217; trompetkonsert fra Finland<\/h4>\n<p>Norges fremste korpsambassad\u00f8r, Tine Thing Helseth, er solist i trompetkonserten til komponist og jazzpianist Jukka Linkola. Tine har raskt etablert seg som en av de mest ettertraktede solister i Europa, med stor suksess og en rekke utmerkelser allerede. Musikken er vill, leken og virtuos, den beveger den seg fra blueslignende atmosf\u00e6rer til urbane stemninger, og samspillet mellom Tine og Stabsmusikkener er virkelig f\u00f8rsteklasses. Sallinen er ogs\u00e5 en finne som kan skrive fengende musikk; i hans stykke h\u00f8rer vi blant annet den lidenskapelige tangoen som ligger finnenes hjerter s\u00e5 n\u00e6r.<\/p>\n<h4>Storsl\u00e5tte verker<\/h4>\n<p>Thommessens Stabsarabesk er skrevet til Stabsmusikken i 1974, og kan beskrives som et gjennombrudd for komponisten. Hovlands Fanfare og Koral er godt kjent i versjonen for symfoniorkester, men det var faktisk denne kraftfulle versjonen for korps som s\u00e5 dagens lys f\u00f8rst, og som f\u00f8rte til et krav om ytterligere orkestrering. Hugo Alfven h\u00f8rer med blant de viktigste svenske komponistene, og i Festival Overture h\u00f8rer vi ogs\u00e5 kj\u00e6rlighet til folkemusikkens toneganger.<\/p>\n<h4>Stabsmusikken og Ole Kristian Ruud<\/h4>\n<p>Stabsmusikken er Norges representasjonskorps nr. 1, og spiller p\u00e5 en rekke arrangementer i regi av Kongehuset, Regjering og Forsvaret. Med Ruud som sjefdirigent siden 2007 og utstrakt konsertvirksomhet i sin nye konsertsal p\u00e5 Akershus festning &#8216;Ridehuset&#8217;, har Staben virkelig markert sin m\u00e5lsetning om ogs\u00e5 \u00e5 v\u00e6re et kraftsentrum i hovedstadens pulserende musikkliv.<\/p>\n<p><\/p>","protected":false},"excerpt":{"rendered":"<p>\u2013 bredt anlagt nordisk korpsmusikk \u2013 med Tine Thing Helseth som suveren solist<\/p>\n","protected":false},"featured_media":27730,"comment_status":"closed","ping_status":"open","template":"","meta":[],"product_brand":[],"product_cat":[180],"product_tag":[],"class_list":{"0":"post-671","1":"product","2":"type-product","3":"status-publish","4":"has-post-thumbnail","6":"product_cat-simax-classics","7":"product_shipping_class-cddvd-shipping","8":"uni_artist_tag-aulis-sallinen","9":"uni_artist_tag-egil-hovland","10":"uni_artist_tag-hugo-alfven","11":"uni_artist_tag-jorn-pedersen","12":"uni_artist_tag-jukka-linkola","13":"uni_artist_tag-olav-anton-thommessen","14":"uni_artist_tag-ole-kristian-ruud","15":"uni_artist_tag-ole-schmidt","16":"uni_artist_tag-the-staff-band-of-the-norwegian-armed-forces","17":"uni_artist_tag-tine-thing-helseth","18":"uni_main_artist_tag-the-staff-band-of-the-norwegian-armed-forces","19":"uni_artist_genre-brass","20":"uni_artist_genre-classical","21":"uni_artist_genre-concerto","22":"uni_artist_genre-contemporary-music","24":"first","25":"instock","26":"taxable","27":"shipping-taxable","28":"purchasable","29":"product-type-simple"},"_links":{"self":[{"href":"https:\/\/grappa.no\/no\/wp-json\/wp\/v2\/product\/671","targetHints":{"allow":["GET"]}}],"collection":[{"href":"https:\/\/grappa.no\/no\/wp-json\/wp\/v2\/product"}],"about":[{"href":"https:\/\/grappa.no\/no\/wp-json\/wp\/v2\/types\/product"}],"replies":[{"embeddable":true,"href":"https:\/\/grappa.no\/no\/wp-json\/wp\/v2\/comments?post=671"}],"wp:featuredmedia":[{"embeddable":true,"href":"https:\/\/grappa.no\/no\/wp-json\/wp\/v2\/media\/27730"}],"wp:attachment":[{"href":"https:\/\/grappa.no\/no\/wp-json\/wp\/v2\/media?parent=671"}],"wp:term":[{"taxonomy":"product_brand","embeddable":true,"href":"https:\/\/grappa.no\/no\/wp-json\/wp\/v2\/product_brand?post=671"},{"taxonomy":"product_cat","embeddable":true,"href":"https:\/\/grappa.no\/no\/wp-json\/wp\/v2\/product_cat?post=671"},{"taxonomy":"product_tag","embeddable":true,"href":"https:\/\/grappa.no\/no\/wp-json\/wp\/v2\/product_tag?post=671"}],"curies":[{"name":"wp","href":"https:\/\/api.w.org\/{rel}","templated":true}]}}