{"id":670,"date":"2010-03-01T00:00:00","date_gmt":"2010-02-28T23:00:00","guid":{"rendered":"http:\/\/www.grappa.no\/albums\/uncategorized\/norske-ballader-2cd-bok\/"},"modified":"2017-01-17T12:32:09","modified_gmt":"2017-01-17T11:32:09","slug":"norske-ballader-2cd-bok","status":"publish","type":"product","link":"https:\/\/grappa.no\/no\/albums\/heilo\/norske-ballader-2cd-bok\/","title":{"rendered":"Norske Ballader (2CD + bok)"},"content":{"rendered":"<p><\/p>\n<p>Unik CD og bok<\/p>\n<p>De norske middelalderballadene har blitt sunget i over 700 \u00e5r, og i dag blomstrer balladesangen her til lands. Disse to CD-ene utgj\u00f8r en antologi av ballader sunget av moderne artister som kominerer en individuell tiln\u00e6rming til stoffet med respekt for tradisjonen. Utvalget gir eksempler p\u00e5 forskjellige balladetyper, syngem\u00e5ter og lokale tradisjoner.<\/p>\n<p><!--more--><\/p>\n<h4><\/h4>\n<\/p>\n<h4><\/h4>\n<p><h4><\/h4>\n<\/p>\n<p><\/p>","protected":false},"excerpt":{"rendered":"","protected":false},"featured_media":27276,"comment_status":"closed","ping_status":"open","template":"","meta":[],"product_brand":[],"product_cat":[35],"product_tag":[],"class_list":{"0":"post-670","1":"product","2":"type-product","3":"status-publish","4":"has-post-thumbnail","6":"product_cat-heilo","7":"product_shipping_class-book-shipping","8":"uni_artist_tag-agnes-buen-garnas","9":"uni_artist_tag-alf-proysen","10":"uni_artist_tag-anne-marit-jacobsen","11":"uni_artist_tag-arve-moen-bergset","12":"uni_artist_tag-berit-opheim-versto","13":"uni_artist_tag-blamann-blamann","14":"uni_artist_tag-bukkene-bruse","15":"uni_artist_tag-ellen-nordstoga","16":"uni_artist_tag-frode-nyvold","17":"uni_artist_tag-gunnlaug-lien-myhr","18":"uni_artist_tag-halvor-hakanes","19":"uni_artist_tag-inger-marie-lien-rust","20":"uni_artist_tag-ingvill-marit-buen-garnas","21":"uni_artist_tag-kalenda-maya","22":"uni_artist_tag-kirsten-braten-berg","23":"uni_artist_tag-lillebjorn-nilsen","24":"uni_artist_tag-oyonn-groven-myhren","25":"uni_artist_tag-ragnhild-furholt","26":"uni_artist_tag-rita-eriksen","27":"uni_artist_tag-sinikka-langeland","28":"uni_artist_tag-trio-mediaeval","29":"uni_artist_tag-turid-spildo-nerdrum","30":"uni_main_artist_tag-sinikka-langeland","31":"uni_artist_genre-folk-music","32":"uni_artist_genre-solo","34":"first","35":"instock","36":"taxable","37":"shipping-taxable","38":"purchasable","39":"product-type-simple"},"_links":{"self":[{"href":"https:\/\/grappa.no\/no\/wp-json\/wp\/v2\/product\/670","targetHints":{"allow":["GET"]}}],"collection":[{"href":"https:\/\/grappa.no\/no\/wp-json\/wp\/v2\/product"}],"about":[{"href":"https:\/\/grappa.no\/no\/wp-json\/wp\/v2\/types\/product"}],"replies":[{"embeddable":true,"href":"https:\/\/grappa.no\/no\/wp-json\/wp\/v2\/comments?post=670"}],"wp:featuredmedia":[{"embeddable":true,"href":"https:\/\/grappa.no\/no\/wp-json\/wp\/v2\/media\/27276"}],"wp:attachment":[{"href":"https:\/\/grappa.no\/no\/wp-json\/wp\/v2\/media?parent=670"}],"wp:term":[{"taxonomy":"product_brand","embeddable":true,"href":"https:\/\/grappa.no\/no\/wp-json\/wp\/v2\/product_brand?post=670"},{"taxonomy":"product_cat","embeddable":true,"href":"https:\/\/grappa.no\/no\/wp-json\/wp\/v2\/product_cat?post=670"},{"taxonomy":"product_tag","embeddable":true,"href":"https:\/\/grappa.no\/no\/wp-json\/wp\/v2\/product_tag?post=670"}],"curies":[{"name":"wp","href":"https:\/\/api.w.org\/{rel}","templated":true}]}}