{"id":668,"date":"2009-09-21T00:00:00","date_gmt":"2009-09-20T23:00:00","guid":{"rendered":"http:\/\/www.grappa.no\/albums\/uncategorized\/torbjorn-dyrud-alabaster-box-liturgy\/"},"modified":"2016-11-18T16:35:21","modified_gmt":"2016-11-18T15:35:21","slug":"torbjorn-dyrud-alabaster-box-liturgy","status":"publish","type":"product","link":"https:\/\/grappa.no\/no\/albums\/grappa\/torbjorn-dyrud-alabaster-box-liturgy\/","title":{"rendered":"Torbj\u00f8rn Dyrud: Alabaster Box Liturgy"},"content":{"rendered":"<p><\/p>\n<p>Improvisert orgelmusikk<\/p>\n<p>Torbj\u00f8rn Dyrud satt i to dager og improviserte ved J\u00fcrgen Ahrend-orgelet i Mariakirken p\u00e5 Gran i Hadeland. De beste kuttene fikk plass p\u00e5 albumet Alabaster Box Liturgy. I likhet med hans f\u00f8rste soloplate, Quietly to the Fields, st\u00e5r den improviserte musikken i sentrum ogs\u00e5 her. Mens forrige plate bestod av improvisasjoner p\u00e5 flygel, eksperimenterer Dyrud her med orgelimprovisasjoner. Alabaster Box Liturgy er et religi\u00f8st prosjekt, en kirkemusikk der bibelske bilder og evangeliske beretninger om Jesu liv knyttes til improvisasjonene. P\u00e5 Alabaster Box Liturgy tar Dyrud i bruk kirkeorgelets klang- og rytmemuligheter, leker og pr\u00f8ver seg frem med dem. Resultatet er et vakkert og s\u00e6rpreget album som er spennende \u00e5 lytte til.<\/p>\n<p><!--more--><\/p>\n<h4><\/h4>\n<\/p>\n<h4><\/h4>\n<p><h4><\/h4>\n<\/p>\n<p><\/p>","protected":false},"excerpt":{"rendered":"<p>\u2013 Her er det dypdykk i klanger, harmonier og rytme om hverandre, og det resulterer i en spennende og utradisjonelt fengende utgivelse. [5 \/ Bergens Tidende]<\/p>\n","protected":false},"featured_media":27032,"comment_status":"closed","ping_status":"open","template":"","meta":[],"product_brand":[],"product_cat":[6],"product_tag":[],"class_list":{"0":"post-668","1":"product","2":"type-product","3":"status-publish","4":"has-post-thumbnail","6":"product_cat-grappa","7":"product_shipping_class-cddvd-shipping","8":"uni_artist_tag-fennesz","9":"uni_artist_tag-torbjorn-dyrud","10":"uni_main_artist_tag-torbjorn-dyrud","11":"uni_artist_genre-contemporary-music","12":"uni_artist_genre-improvised-music","13":"uni_artist_genre-organ","14":"uni_artist_genre-religious","16":"first","17":"instock","18":"taxable","19":"shipping-taxable","20":"purchasable","21":"product-type-simple"},"_links":{"self":[{"href":"https:\/\/grappa.no\/no\/wp-json\/wp\/v2\/product\/668","targetHints":{"allow":["GET"]}}],"collection":[{"href":"https:\/\/grappa.no\/no\/wp-json\/wp\/v2\/product"}],"about":[{"href":"https:\/\/grappa.no\/no\/wp-json\/wp\/v2\/types\/product"}],"replies":[{"embeddable":true,"href":"https:\/\/grappa.no\/no\/wp-json\/wp\/v2\/comments?post=668"}],"wp:featuredmedia":[{"embeddable":true,"href":"https:\/\/grappa.no\/no\/wp-json\/wp\/v2\/media\/27032"}],"wp:attachment":[{"href":"https:\/\/grappa.no\/no\/wp-json\/wp\/v2\/media?parent=668"}],"wp:term":[{"taxonomy":"product_brand","embeddable":true,"href":"https:\/\/grappa.no\/no\/wp-json\/wp\/v2\/product_brand?post=668"},{"taxonomy":"product_cat","embeddable":true,"href":"https:\/\/grappa.no\/no\/wp-json\/wp\/v2\/product_cat?post=668"},{"taxonomy":"product_tag","embeddable":true,"href":"https:\/\/grappa.no\/no\/wp-json\/wp\/v2\/product_tag?post=668"}],"curies":[{"name":"wp","href":"https:\/\/api.w.org\/{rel}","templated":true}]}}