{"id":666,"date":"2009-10-12T00:00:00","date_gmt":"2009-10-11T23:00:00","guid":{"rendered":"http:\/\/www.grappa.no\/albums\/uncategorized\/come-home\/"},"modified":"2016-11-18T16:35:20","modified_gmt":"2016-11-18T15:35:20","slug":"come-home","status":"publish","type":"product","link":"https:\/\/grappa.no\/no\/albums\/heilo\/come-home\/","title":{"rendered":"Come Home"},"content":{"rendered":"<p><\/p>\n<p>Et personlig portrett<\/p>\n<p>Dette er en plate Annbj\u00f8rg og Bj\u00f8rn Ole har hatt i tankene i mange \u00e5r. En personlig produksjon gjort p\u00e5 en naken og jordn\u00e6r m\u00e5te: Feler, nykkelharpe, vokal og tr\u00f8orgel. Den er spilt inn i deres eget Kongshavn Studio utenfor Kristiansand.<\/p>\n<p>De fleste l\u00e5tene p\u00e5 plata er nyskrevet av duoen selv, samt tradisjonelle sl\u00e5tter som de har et spesiellt forhold til. Det er et levende og nyskapende utrykk med f\u00e5 instrumenter, med en stor bredde i det musikalske rommet de beveger seg i. Mye av musikken er inspirert av bildene til norges fremste billedkunstnere; Elisabeth Werp, Per Fronth, Kjell Nupen og Bj\u00f8rg Thorhallsdottir. Disse bildene f\u00f8lger med i coveret og gj\u00f8r produksjonen ekstra spesiell.<\/p>\n<p>En unik produksjon av duoen Lien\/ Rasch som er verdt \u00e5 f\u00e5 med seg.<\/p>\n<p><!--more--><\/p>\n<h4><\/h4>\n<\/p>\n<h4><\/h4>\n<p><h4><\/h4>\n<\/p>\n<p><\/p>","protected":false},"excerpt":{"rendered":"<p>En personlig produksjon gjort p\u00e5 en naken og jordn\u00e6r m\u00e5te.<\/p>\n","protected":false},"featured_media":27280,"comment_status":"closed","ping_status":"open","template":"","meta":[],"product_brand":[],"product_cat":[35],"product_tag":[],"class_list":{"0":"post-666","1":"product","2":"type-product","3":"status-publish","4":"has-post-thumbnail","6":"product_cat-heilo","7":"product_shipping_class-cddvd-shipping","8":"uni_artist_tag-annbjorg-lien","9":"uni_artist_tag-bjorn-ole-rasch","10":"uni_main_artist_tag-annbjorg-lien","11":"uni_artist_genre-folk-music","12":"uni_artist_genre-traditional","14":"first","15":"instock","16":"taxable","17":"shipping-taxable","18":"purchasable","19":"product-type-simple"},"_links":{"self":[{"href":"https:\/\/grappa.no\/no\/wp-json\/wp\/v2\/product\/666","targetHints":{"allow":["GET"]}}],"collection":[{"href":"https:\/\/grappa.no\/no\/wp-json\/wp\/v2\/product"}],"about":[{"href":"https:\/\/grappa.no\/no\/wp-json\/wp\/v2\/types\/product"}],"replies":[{"embeddable":true,"href":"https:\/\/grappa.no\/no\/wp-json\/wp\/v2\/comments?post=666"}],"wp:featuredmedia":[{"embeddable":true,"href":"https:\/\/grappa.no\/no\/wp-json\/wp\/v2\/media\/27280"}],"wp:attachment":[{"href":"https:\/\/grappa.no\/no\/wp-json\/wp\/v2\/media?parent=666"}],"wp:term":[{"taxonomy":"product_brand","embeddable":true,"href":"https:\/\/grappa.no\/no\/wp-json\/wp\/v2\/product_brand?post=666"},{"taxonomy":"product_cat","embeddable":true,"href":"https:\/\/grappa.no\/no\/wp-json\/wp\/v2\/product_cat?post=666"},{"taxonomy":"product_tag","embeddable":true,"href":"https:\/\/grappa.no\/no\/wp-json\/wp\/v2\/product_tag?post=666"}],"curies":[{"name":"wp","href":"https:\/\/api.w.org\/{rel}","templated":true}]}}