{"id":665,"date":"2010-04-19T00:00:00","date_gmt":"2010-04-18T23:00:00","guid":{"rendered":"http:\/\/www.grappa.no\/albums\/uncategorized\/chopin-schumann-piano-works\/"},"modified":"2019-02-22T16:03:58","modified_gmt":"2019-02-22T15:03:58","slug":"chopin-schumann-piano-works","status":"publish","type":"product","link":"https:\/\/grappa.no\/no\/albums\/simax-classics\/chopin-schumann-piano-works\/","title":{"rendered":"Chopin &amp; Schumann piano works"},"content":{"rendered":"<p><\/p>\n<p>Endelig: Christian Ihle Hadlands f\u00f8rste solo-cd!<\/p>\n<p>Christian Ihle Hadland har allerede markert seg som en helt spesiell kunstnerisk og pianistisk begavelse. Hans etterlengtede solodebut p\u00e5 CD er viet \u00e5rets jubilerende komponister Chopin og Schumann.<\/p>\n<p>Christian er en sjelden musikertype i dag \u2013 i sin tiln\u00e6rming minner han p\u00e5 mange m\u00e5ter om tidligere tiders ut\u00f8vere. Det er en forfriskende \u00e5penhet og \u00e6rlighet i hans musisering som treffer lytteren fra f\u00f8rste tone. Klangbehandlingen er uts\u00f8kt, dynamisk og levende \u2013 med omsorgsfullt formede melodilinjer og svimlende rapiditet i skj\u00f8nn forening. Komponistene p\u00e5 platen er blant de mest spilte klaverkomponistene, elsket av publikum og ut\u00f8vere. Da Christian satt sammen repertoaret til sin debutplate, ville han f\u00e5 frem verker som ikke er de mest profilerte, og som nettopp derfor kanskje overrasker noen med sine fantastiske kvaliteter.<\/p>\n<p><!--more--><\/p>\n<p>Christian Ihle Hadland har allerede markert seg som en helt spesiell kunstnerisk og pianistisk begavelse. Hans etterlengtede solodebut p\u00e5 CD er viet \u00e5rets jubilerende komponister Chopin og Schumann.<\/p>\n<h4>Pianistisk transendens i romantikken<\/h4>\n<p>Chopin var selv en ytterst virtuos klaversolist, mens Schumann \u00f8dela sine muligheter som ut\u00f8ver etter en tidlig, selvp\u00e5f\u00f8rt skade. Begge br\u00f8t pianotekniske grenser i sine komposisjoner. For \u00e5 formidle poetiske stemninger og uforutsigbare f\u00f8lelser gjennom musikken tok de i bruk utradisjonelle virkemidler, og klavermusikken utviklet seg lange skritt videre. Selvf\u00f8lgelig i stemningsbilder som impromptuer og nocturner, men ogs\u00e5 tradisjonelle \u2018\u00f8velsesstykker\u2019 som etyder fikk et utvidet f\u00f8lelsesmessig innhold.<\/p>\n<h4>Ikke S\u00c5 kjente\u2026<\/h4>\n<p>Komponistene p\u00e5 denne platen er blant de mest spilte klaverkomponistene, elsket av publikum og ut\u00f8vere. Da Christian satt sammen repertoaret til sin debutplate, ville han f\u00e5 frem verker som ikke er de mest profilerte, og som nettopp derfor kanskje overrasker noen med sine fantastiske kvaliteter. Chopins impromptuer inneholder for eksempel flere av de mest elegante melodiene han har skrevet. Schumanns magiske Waldszenen er en oppdiktet verden av vertshus og jegere, en eventyrverden i tysk romantikk.<\/p>\n<h4>Christian Ihle Hadland<\/h4>\n<p>Christian Ihle Hadland er f\u00f8dt i Stavanger i 1983, og regnes i dag blant de fremste norske pianister. Han studerte blant annet ved Barratt Dues Musikkinstitutt i Oslo, hos den anerkjente tsjekkiske klaverpedagogen Jiri Hlinka. Christian \u00e5pner sesongen 2010\/11 med Oslo-filharmonien, og tunerer ogs\u00e5 i Japan og Kina denne sesongen. Fra 2010 er han kunstnerisk leder for Stavanger Kammermusikkfestival sammen med Martin Fr\u00f6st.<\/p>\n<p><\/p>","protected":false},"excerpt":{"rendered":"<p>&#8211; Christian Ihle Hadland er en lyriker ved klaveret. Han har det mest f\u00f8lsomme anslaget man kan tenke seg og hans klangbehandling er eksepsjonell. [Dagsavisen]<\/p>\n<p>&#8211; Hadland har et imponerende musikalsk og teknisk overskudd. Han rister frasene elegant ut av<br \/>\nermet, er en mester i myke og lange linjef\u00f8ringer, og han f\u00e5r musikken til \u00e5 puste. [5\/6 Ingrid R\u00f8ynesdal \/Aftenposten]<\/p>\n<p>&#8211; Sensasjonelt klaverspill. [6\/6 Kjell Flem \/ Sunnm\u00f8rsposten]<\/p>\n<p>Oppsiktsvekkende debut med solo-cd.<br \/>\n\u00c5pningen av Chopins impromptu i Ass-dur op. 29 setter straks standarden. M\u00e5ten han &#8211; liksom i svevet \u2013 kommer inn i den briljante innledningspassasjen p\u00e5, er som \u00e5 h\u00f8re de mest idiomatiske Chopin-fortolkere, med aner tilbake til Arthur Rubinstein. [\u2026] Ihle Hadland spill her er nydelig og uts\u00f8kt. [Arnfinn B\u00f8-Rygg \/ Stavanger Aftenblad]<\/p>\n<p>Anslag i s\u00e6rklasse. [\u2026] s\u00e5 finstilt inn mot musikkens vareste nyanser at det kaster nytt lys langt inn i de fjerneste regioner i verkene. [St\u00e5le Wiksh\u00e5land \/ Dagbladet]<\/p>\n","protected":false},"featured_media":27728,"comment_status":"closed","ping_status":"open","template":"","meta":[],"product_brand":[],"product_cat":[180],"product_tag":[],"class_list":{"0":"post-665","1":"product","2":"type-product","3":"status-publish","4":"has-post-thumbnail","6":"product_cat-simax-classics","7":"product_shipping_class-cddvd-shipping","8":"uni_artist_tag-christian-ihle-hadland","9":"uni_artist_tag-frederic-chopin","10":"uni_artist_tag-krzysztof-drab","11":"uni_artist_tag-robert-schumann","12":"uni_main_artist_tag-christian-ihle-hadland","13":"uni_artist_genre-classical","14":"uni_artist_genre-piano","15":"uni_artist_genre-young-norwegian","17":"first","18":"instock","19":"taxable","20":"shipping-taxable","21":"purchasable","22":"product-type-simple"},"_links":{"self":[{"href":"https:\/\/grappa.no\/no\/wp-json\/wp\/v2\/product\/665","targetHints":{"allow":["GET"]}}],"collection":[{"href":"https:\/\/grappa.no\/no\/wp-json\/wp\/v2\/product"}],"about":[{"href":"https:\/\/grappa.no\/no\/wp-json\/wp\/v2\/types\/product"}],"replies":[{"embeddable":true,"href":"https:\/\/grappa.no\/no\/wp-json\/wp\/v2\/comments?post=665"}],"wp:featuredmedia":[{"embeddable":true,"href":"https:\/\/grappa.no\/no\/wp-json\/wp\/v2\/media\/27728"}],"wp:attachment":[{"href":"https:\/\/grappa.no\/no\/wp-json\/wp\/v2\/media?parent=665"}],"wp:term":[{"taxonomy":"product_brand","embeddable":true,"href":"https:\/\/grappa.no\/no\/wp-json\/wp\/v2\/product_brand?post=665"},{"taxonomy":"product_cat","embeddable":true,"href":"https:\/\/grappa.no\/no\/wp-json\/wp\/v2\/product_cat?post=665"},{"taxonomy":"product_tag","embeddable":true,"href":"https:\/\/grappa.no\/no\/wp-json\/wp\/v2\/product_tag?post=665"}],"curies":[{"name":"wp","href":"https:\/\/api.w.org\/{rel}","templated":true}]}}