{"id":663,"date":"2011-11-18T00:00:00","date_gmt":"2011-11-17T23:00:00","guid":{"rendered":"http:\/\/www.grappa.no\/albums\/uncategorized\/finn-mortensen-per-orchestra\/"},"modified":"2021-10-29T14:54:30","modified_gmt":"2021-10-29T13:54:30","slug":"finn-mortensen-per-orchestra","status":"publish","type":"product","link":"https:\/\/grappa.no\/no\/albums\/simax-classics\/finn-mortensen-per-orchestra\/","title":{"rendered":"Finn Mortensen: Per Orchestra"},"content":{"rendered":"<p><\/p>\n<p>Den romantiske modernisten<\/p>\n<p>Mortensen var tidlig inspirert av Bruckner. Etter urfremf\u00f8ringen av Mortensens symfoni, skrev \u00e9n kritiker: \u00abStor musikk med parti av stram form og dramatisk kraft i harmonisk blanding [\u2026] der mjuke klangar og raffinerte klangfargar skapar venleiksinntrykk som g\u00e5r beint til hjarta.\u00bb Denne gaven for f\u00f8lelsesmessig kommunikasjon fortsatte Mortensen \u00e5 utvikle gjennom sine verker.<\/p>\n<p>Finn Mortensen ble Norges musikkh\u00f8gskoles f\u00f8rste professor i komposisjon. Han var hele livet en foregangsmann for den internasjonale modernismen. Romantikeren Mortensen opplevde \u2013 og forsto \u2013 hvilke sterke muligheter for f\u00f8lelsesuttrykk tolvtonemusikken ga. Midt p\u00e5 sekstitallet ble komposisjonene hans friere, og i hans \u2018nyserielle\u2019 komposisjonsteknikk fra 1970 fikk melodiske elementer en viktig plass. Verkene p\u00e5 denne platen viser bevegelsen fra senromantikk i Symfoni, gjennom tolvtone-inspirasjon, og frem til stilistisk frigj\u00f8ring i Per Orchestra.<\/p>\n<p><!--more--><\/p>\n<p>Finn Mortensen skrev fabelaktig musikk for orkester \u2013 verk som tidligere nesten ikke har v\u00e6rt fremf\u00f8rt. N\u00e5 har selveste M\u00fcnchner Rundfunkorchester, under ledelse av Terje Mikkelsen, blitt s\u00e5 fascinert av uttrykket hos den norske pioneren at de har gjort en innspilling som vil bringe Mortensens navn ut i verden.<\/p>\n<h4>Mortensen var modernismens forkjemper<\/h4>\n<p>Finn Mortensen ble Norges musikkh\u00f8gskoles f\u00f8rste professor i komposisjon. Han var hele livet en foregangsmann for den internasjonale modernismen. Romantikeren Mortensen opplevde \u2013 og forsto \u2013 hvilke sterke muligheter for f\u00f8lelsesuttrykk tolvtonemusikken ga. Midt p\u00e5 sekstitallet ble komposisjonene hans friere, og i hans \u2018nyserielle\u2019 komposisjonsteknikk fra 1970 fikk melodiske elementer en viktig plass. Verkene p\u00e5 denne platen viser bevegelsen fra senromantikk i Symfoni, gjennom tolvtone-inspirasjon, og frem til stilistisk frigj\u00f8ring i Per Orchestra.<\/p>\n<h4>Sjener\u00f8s musikk<\/h4>\n<p>Mortensen var tidlig inspirert av Bruckner, og uttalte i 1954: \u00abBruckner ja! Hans verker burde oppf\u00f8res oftere. Uten ham ville ikke jeg tenkt p\u00e5 noe orkesterverk.\u00bb Etter urfremf\u00f8ringen av Mortensens symfoni, skrev \u00e9n kritiker: \u00abStor musikk med parti av stram form og dramatisk kraft i harmonisk blanding [\u2026] der mjuke klangar og raffinerte klangfargar skapar venleiksinntrykk som g\u00e5r beint til hjarta.\u00bb Denne gaven for f\u00f8lelsesmessig kommunikasjon fortsatte Mortensen \u00e5 utvikle gjennom sine verker.<\/p>\n<h4>Terje Mikkelsen \u2013 norsk maestro i internasjonal m\u00e5lestokk<\/h4>\n<p>Det er ingen tilfeldighet at det er nettopp dirigenten Terje Mikkelsen som griper fatt i dette fascinerende materialet som har ligget glemt s\u00e5 lenge. Han har vist en utrolig teft n\u00e5r det gjelder \u00e5 hente frem kvalitativt sterkt men ukjent norsk materiale de siste 20 \u00e5rene. Han var den f\u00f8rste som spilte inn Griegs symfoni p\u00e5 CD, og har senere gitt ut en rekke plater med musikk av Halvorsen, Svendsen, Tellefsen og Aln\u00e6s. Han ikke bare spiller musikken inn; Mikkelsens programsetter ogs\u00e5 musikken p\u00e5 konserter rundt om i verden. N\u00e5 n\u00e6rmest i November 2011 p\u00e5 en st\u00f8rre turn\u00e9 i Spania med bl.a Aln\u00e6s symfoni sammen med M\u00fcnchner Rundfunkorchester.<\/p>\n<p><\/p>","protected":false},"excerpt":{"rendered":"<p>\u2013 Selv holder jeg Finn Mortensen som en av norsk musikklivs aller st\u00f8rste komponister, uansett \u00e5rhundre. Endelig har vi f\u00e5tt en innspilling der vi kan h\u00f8re nettopp d\u00e9t. [St\u00e5le Wiksh\u00e5land \/ Dagbladet]<\/p>\n","protected":false},"featured_media":27725,"comment_status":"closed","ping_status":"closed","template":"","meta":[],"product_brand":[],"product_cat":[180],"product_tag":[],"class_list":{"0":"post-663","1":"product","2":"type-product","3":"status-publish","4":"has-post-thumbnail","6":"product_cat-simax-classics","7":"product_shipping_class-cddvd-shipping","8":"uni_artist_tag-finn-mortensen","9":"uni_artist_tag-munchner-rundfunkorchester","10":"uni_artist_tag-terje-mikkelsen","11":"uni_artist_tag-torsten-schreier","12":"uni_main_artist_tag-terje-mikkelsen","13":"uni_artist_genre-contemporary-music","14":"uni_artist_genre-orchestral","16":"first","17":"outofstock","18":"taxable","19":"shipping-taxable","20":"purchasable","21":"product-type-simple"},"_links":{"self":[{"href":"https:\/\/grappa.no\/no\/wp-json\/wp\/v2\/product\/663","targetHints":{"allow":["GET"]}}],"collection":[{"href":"https:\/\/grappa.no\/no\/wp-json\/wp\/v2\/product"}],"about":[{"href":"https:\/\/grappa.no\/no\/wp-json\/wp\/v2\/types\/product"}],"replies":[{"embeddable":true,"href":"https:\/\/grappa.no\/no\/wp-json\/wp\/v2\/comments?post=663"}],"wp:featuredmedia":[{"embeddable":true,"href":"https:\/\/grappa.no\/no\/wp-json\/wp\/v2\/media\/27725"}],"wp:attachment":[{"href":"https:\/\/grappa.no\/no\/wp-json\/wp\/v2\/media?parent=663"}],"wp:term":[{"taxonomy":"product_brand","embeddable":true,"href":"https:\/\/grappa.no\/no\/wp-json\/wp\/v2\/product_brand?post=663"},{"taxonomy":"product_cat","embeddable":true,"href":"https:\/\/grappa.no\/no\/wp-json\/wp\/v2\/product_cat?post=663"},{"taxonomy":"product_tag","embeddable":true,"href":"https:\/\/grappa.no\/no\/wp-json\/wp\/v2\/product_tag?post=663"}],"curies":[{"name":"wp","href":"https:\/\/api.w.org\/{rel}","templated":true}]}}