{"id":662,"date":"2011-10-07T00:00:00","date_gmt":"2011-10-06T23:00:00","guid":{"rendered":"http:\/\/www.grappa.no\/albums\/uncategorized\/carl-arnold-piano-works\/"},"modified":"2019-02-22T16:03:51","modified_gmt":"2019-02-22T15:03:51","slug":"carl-arnold-piano-works","status":"publish","type":"product","link":"https:\/\/grappa.no\/no\/albums\/simax-classics\/carl-arnold-piano-works\/","title":{"rendered":"Carl Arnold Piano Works"},"content":{"rendered":"<p><\/p>\n<p>Carl Arnold for aller f\u00f8rste gang!<\/p>\n<p>Carl Arnold (1794\u20131873) var en suksessfull tysk pianist og komponist som i 1848 p\u00e5 en av sine utallige konsertturne\u00e9r kom til Christiania, byen han skulle bli i resten av sitt liv. Hans navn er ul\u00f8selig knyttet til fremveksten av et profesjonelt norsk musikkliv i 1850-\u00e5rene. Men hans egen musikk er totalt glemt i dag. Pianisten Torleif Torgersen har lett seg frem til en spennende time klavermusikk av denne fascinerende komponisten, og han tolker dem briljant og innsiktsfullt p\u00e5 et tidsriktig hammerklaver.<\/p>\n<p>Carl Arnold var en id\u00e9rik og pasjonert komponist, sterkt influert av Beethovens verker og ideer. Det er to store sonater p\u00e5 denne innspillingen, fabulerende fantasiaer og variasjonsverker med norske temaer i tillegg til mindre karakterstykker.<\/p>\n<p><!--more--><\/p>\n<p>Navnet Carl Arnold er ul\u00f8selig knyttet til fremveksten av et profesjonelt norsk musikkliv i 1850-\u00e5rene. Han tok med seg hele sin virketrang og kontinentale musikktradisjon til Christiania og var en stor inspirator og l\u00e6rer for bl.a. Svendsen og Kjerulf. Men hans egen musikk er totalt glemt i dag. Pianisten Torleif Torgersen har lett seg frem til en fascinerende time klavermusikk av den tyske komponisten og klavervirtuosen som gjorde nordmann av seg de siste 25 \u00e5rene av sitt lange liv.<\/p>\n<h4>Vidunderbarn adoptert av Mozarts forlegger<\/h4>\n<p>Arnold ble f\u00f8dt i Neunkirchen, Tyskland. Han fikk pianoundervisning av sin far og opptr\u00e5dte offentlig bare 11 \u00e5r gammel, samme \u00e5r som faren d\u00f8de. I 1812 ble Carl adoptert av Mozarts forlegger Andr\u00e9, og fikk p\u00e5 den m\u00e5ten tilgang til et stort musikkbibliotek samt uvurderlig musikkundervisning av Mozarts gamle kolleger. Etter f\u00e5 \u00e5r kunne Carl Arnold reise rundt som klavervirtuos med egne komposisjoner hos de fornemste fyrstehus over hele Europa<\/p>\n<h4>Mai 1948: Carl Arnold kommer til Christiania<\/h4>\n<p>Arnold var p\u00e5 leting etter et nytt sted hvor han kunne virke som musiker og pedagog, og da en konsertreise tok ham til Christiania, ville man ikke gi slipp p\u00e5 en slik kapasitet. Han tok med seg sin familie til byen, opprettet byens f\u00f8rste organist- og komposisjonsskole, ledet Det Philharmoniske Selskab, og var fra 1858 og livet ut organist i Trefoldighetskirken. Ved Arnolds gullbryllupsfeiring i 1870 talte Bj\u00f8rnstjerne Bj\u00f8rnson, og Stephan Sinding lagde en byste av komponisten etter hans d\u00f8d som n\u00e5 st\u00e5r i Den Gamle Logen.<\/p>\n<h4>Torleif Torgersen<\/h4>\n<p>Siden debuten i Universitets aula i 1992 har Torleif Torgersen hatt en omfattende virksomhet som solist og kammermusiker, b\u00e5de med klassisk repertoar og ny musikk. Siden 2005 har han spilt regelmessig med fiolinisten Shlomo Mintz og holdt konserter med ham over det meste av Europa, i tillegg til Israel, Japan og S\u00f8r-Amerika. Torgersens f\u00f8rste solo-CD med klaververk av Fartein Valen og Lasse Thoresen ble nominert til Spellemannsprisen i 1995. Siden har han spilt inn samtlige klaververk av Klaus Egge. Han spiller ogs\u00e5 hammerklaver og historiske klaverinstrumenter, og har foruten Liv Glaser, ogs\u00e5 hatt Malcolm Bilson og Bart van Oort som l\u00e6rere. Torleif Torgersen er ansatt som f\u00f8rsteamanuensis ved Griegakademiet i Bergen.<\/p>\n<p><\/p>","protected":false},"excerpt":{"rendered":"<p>Beethoven klinger med i disse store verkene av den ukjente virtuoskomponisten Carl Arnold.<\/p>\n","protected":false},"featured_media":27722,"comment_status":"closed","ping_status":"open","template":"","meta":[],"product_brand":[],"product_cat":[180],"product_tag":[],"class_list":{"0":"post-662","1":"product","2":"type-product","3":"status-publish","4":"has-post-thumbnail","6":"product_cat-simax-classics","7":"product_shipping_class-cddvd-shipping","8":"uni_artist_tag-carl-arnold","9":"uni_artist_tag-erik-gard-amundsen","10":"uni_artist_tag-torleif-torgersen","11":"uni_main_artist_tag-torleif-torgersen","12":"uni_artist_genre-classical","13":"uni_artist_genre-early-music","14":"uni_artist_genre-piano","15":"uni_artist_genre-world-premiere-recording","17":"first","18":"instock","19":"taxable","20":"shipping-taxable","21":"purchasable","22":"product-type-simple"},"_links":{"self":[{"href":"https:\/\/grappa.no\/no\/wp-json\/wp\/v2\/product\/662","targetHints":{"allow":["GET"]}}],"collection":[{"href":"https:\/\/grappa.no\/no\/wp-json\/wp\/v2\/product"}],"about":[{"href":"https:\/\/grappa.no\/no\/wp-json\/wp\/v2\/types\/product"}],"replies":[{"embeddable":true,"href":"https:\/\/grappa.no\/no\/wp-json\/wp\/v2\/comments?post=662"}],"wp:featuredmedia":[{"embeddable":true,"href":"https:\/\/grappa.no\/no\/wp-json\/wp\/v2\/media\/27722"}],"wp:attachment":[{"href":"https:\/\/grappa.no\/no\/wp-json\/wp\/v2\/media?parent=662"}],"wp:term":[{"taxonomy":"product_brand","embeddable":true,"href":"https:\/\/grappa.no\/no\/wp-json\/wp\/v2\/product_brand?post=662"},{"taxonomy":"product_cat","embeddable":true,"href":"https:\/\/grappa.no\/no\/wp-json\/wp\/v2\/product_cat?post=662"},{"taxonomy":"product_tag","embeddable":true,"href":"https:\/\/grappa.no\/no\/wp-json\/wp\/v2\/product_tag?post=662"}],"curies":[{"name":"wp","href":"https:\/\/api.w.org\/{rel}","templated":true}]}}