{"id":661,"date":"2011-01-24T00:00:00","date_gmt":"2011-01-23T23:00:00","guid":{"rendered":"http:\/\/www.grappa.no\/albums\/uncategorized\/catharinus-elling-quartets\/"},"modified":"2019-02-22T16:03:48","modified_gmt":"2019-02-22T15:03:48","slug":"catharinus-elling-quartets","status":"publish","type":"product","link":"https:\/\/grappa.no\/no\/albums\/simax-classics\/catharinus-elling-quartets\/","title":{"rendered":"Catharinus Elling Quartets"},"content":{"rendered":"<p><\/p>\n<p>Brahms?<\/p>\n<p>Norske kvartetter i romantisk tradisjon er sjelden vare. Catharinus Elling (1858-1942) har skrevet kvartetter som sv\u00e6rt f\u00e5 har h\u00f8rt \u2013 inntil n\u00e5. Engeg\u00e5rdkvartetten r\u00f8sker vekk glemselens sl\u00f8r med kvartettspill som det sl\u00e5r gnister av. Ellings kompositoriske stil er tradisjonell og han beveger seg aldri bort fra det romantiske tonespr\u00e5k. Idealene er hentet fra den tyske stilen, slik den fremkommer fra Schubert gjennom Mendelssohn og Schumann frem til Brahms.<\/p>\n<p>\u00c5pningen av Ellings klaverkvartett i g-moll er noe av det mest medrivende som finnes i den norske musikkarv. De store brede gestene i den stramme strukturen, fargebruken i instrumentasjonen er helt f\u00f8rsteklasses \u2013 det er s\u00e5 man nesten m\u00e5 holde seg fast. Og s\u00e5 sjekke igjen \u2013 joda; skrevet av Catharinus Elling fra Tollbodgaten i Oslo!<\/p>\n<p><!--more--><\/p>\n<p>Norske kvartetter i romantisk tradisjon er sjelden vare. Catharinus Elling (1858-1942) har skrevet kvartetter som sv\u00e6rt f\u00e5 har h\u00f8rt \u2013 inntil n\u00e5. Engeg\u00e5rdkvartetten r\u00f8sker vekk glemselens sl\u00f8r med kvartettspill som det sl\u00e5r gnister av.<\/p>\n<h4>Et sterkt indre liv<\/h4>\n<p>Ellings kompositoriske stil er tradisjonell og han beveger seg aldri bort fra det romantiske tonespr\u00e5k. Idealene er hentet fra den tyske stilen, slik den fremkommer fra Schubert gjennom Mendelssohn og Schumann frem til Brahms. Elling daterte aldri sine komposisjoner, og han nevnte dem heller aldri i noen av brevene som er bevart. De er imidlertid rimelig \u00e5 anta at verkene som er innspilt her ble til mellom 1890 og 1905.<\/p>\n<h4>Norsk Brahms?<\/h4>\n<p>\u00c5pningen av Ellings klaverkvartett i g-moll er noe av det mest medrivende som finnes innen norsk musikkarv. De store brede gestene i den stramme strukturen, fargebruken i instrumentasjonen er helt f\u00f8rsteklasses \u2013 det er s\u00e5 man nesten m\u00e5 holde seg fast. Og s\u00e5 sjekke igjen \u2013 joda; skrevet av Catharinus Elling fra Tollbodgaten i Oslo!<\/p>\n<h4>Engeg\u00e5rd-kvartetten<\/h4>\n<p>En solid del av ansvaret for at dette er s\u00e5 til de grader gledelig ligger hos Engeg\u00e5rd-kvartetten. Spilleglede og besjelet musisering er deres varemerke, noe som ogs\u00e5 blir lagt merke til og kommentert i inn og utland. Med seg p\u00e5 denne utgivelsen har de pianisten Nils Anders Mortensen, som bidrar med forrykende virtuost klaverspill.<\/p>\n<p><\/p>","protected":false},"excerpt":{"rendered":"<p>Brahms? Neida \u2013 Catharinus Elling fra Tollbodgaten i Oslo!<\/p>\n","protected":false},"featured_media":27720,"comment_status":"closed","ping_status":"open","template":"","meta":[],"product_brand":[],"product_cat":[180],"product_tag":[],"class_list":{"0":"post-661","1":"product","2":"type-product","3":"status-publish","4":"has-post-thumbnail","6":"product_cat-simax-classics","7":"product_shipping_class-cddvd-shipping","8":"uni_artist_tag-catharinus-elling","9":"uni_artist_tag-nils-anders-mortensen","10":"uni_artist_tag-the-engegard-quartet","11":"uni_artist_tag-tony-harrison","12":"uni_main_artist_tag-the-engegard-quartet","13":"uni_artist_genre-chamber-music","14":"uni_artist_genre-classical","15":"uni_artist_genre-world-premiere-recording","17":"first","18":"instock","19":"taxable","20":"shipping-taxable","21":"purchasable","22":"product-type-simple"},"_links":{"self":[{"href":"https:\/\/grappa.no\/no\/wp-json\/wp\/v2\/product\/661","targetHints":{"allow":["GET"]}}],"collection":[{"href":"https:\/\/grappa.no\/no\/wp-json\/wp\/v2\/product"}],"about":[{"href":"https:\/\/grappa.no\/no\/wp-json\/wp\/v2\/types\/product"}],"replies":[{"embeddable":true,"href":"https:\/\/grappa.no\/no\/wp-json\/wp\/v2\/comments?post=661"}],"wp:featuredmedia":[{"embeddable":true,"href":"https:\/\/grappa.no\/no\/wp-json\/wp\/v2\/media\/27720"}],"wp:attachment":[{"href":"https:\/\/grappa.no\/no\/wp-json\/wp\/v2\/media?parent=661"}],"wp:term":[{"taxonomy":"product_brand","embeddable":true,"href":"https:\/\/grappa.no\/no\/wp-json\/wp\/v2\/product_brand?post=661"},{"taxonomy":"product_cat","embeddable":true,"href":"https:\/\/grappa.no\/no\/wp-json\/wp\/v2\/product_cat?post=661"},{"taxonomy":"product_tag","embeddable":true,"href":"https:\/\/grappa.no\/no\/wp-json\/wp\/v2\/product_tag?post=661"}],"curies":[{"name":"wp","href":"https:\/\/api.w.org\/{rel}","templated":true}]}}