{"id":660,"date":"2006-02-06T00:00:00","date_gmt":"2006-02-05T23:00:00","guid":{"rendered":"http:\/\/www.grappa.no\/albums\/uncategorized\/rosa-i-botnen\/"},"modified":"2016-11-18T16:35:14","modified_gmt":"2016-11-18T15:35:14","slug":"rosa-i-botnen","status":"publish","type":"product","link":"https:\/\/grappa.no\/no\/albums\/heilo\/rosa-i-botnen\/","title":{"rendered":"Rosa i Botnen"},"content":{"rendered":"<p><\/p>\n<p>Folkemusikalsk pion\u00e9rarbeid<\/p>\n<p>Gamle instrumenter og tradisjonsmusikk er mer enn kuriositeter p\u00e5 museum! Rosa i botnen er er et pion\u00e9rarbeid som tar opp gamle instrumenttradisjoner s\u00e5vel som musikktradisjoner. Knut Hamre og Benedicte Maurseth st\u00e5r bak den f\u00f8rste innspillingen noensinne som bruker de eldste bevarte hardingfelene i Norge, skapt av felemakerne Ole Jonsen Jaastad, Isak og Trond Botnen i Hardanger 1651\u20131751. P\u00e5 Rosa i botnen har det v\u00e6rt et m\u00e5l \u00e5 gjenskape den opprinnelige lyden i felene i st\u00f8rst mulig grad. Men med gamle instrumenter har ikke dette v\u00e6rt problemfritt. De tekniske utfordringene har imidlertid bare inspirert musikerene til \u00e5 \u201cl\u00e6re p\u00e5 nytt\u201d, og fors\u00f8ke \u00e5 n\u00e6rme seg den gamle sl\u00e5ttemusikken fra Hardanger med erfaringer, refleksjoner og f\u00f8lelser. Resultatet er en unik ramme for sl\u00e5ttemusikken fra Hardanger, framf\u00f8rt b\u00e5de solistisk og i ensemble.<\/p>\n<p><!--more--><\/p>\n<p>Ny CD+DVD fra Knut Hamre og Benedicte Maurseth: Rosa i botnen. &quot;Den som t\u00f8mer sk\u00e5li, f\u00e6r sj\u00e5 rosa i botnen&quot;. Olav H. Hauge.<\/p>\n<h4>Tradisjonsinstrumenter<\/h4>\n<p>P\u00e5 Rosa i botnen har det v\u00e6rt et m\u00e5l \u00e5 gjenskape den opprinnelige lyden i felene i st\u00f8rst mulig grad. Men med gamle feler, er dette ikke helt problemfritt. De tekniske utfordringene har imidlertid bare inspirert musikerene til \u00e5 \u201cl\u00e6re p\u00e5 nytt\u201d, og fors\u00f8ke \u00e5 n\u00e6rme seg den gamle sl\u00e5ttemusikken fra Hardanger med erfaringer, refleksjoner og f\u00f8lelser. Denne CD\/DVD-utgivelsen illustrerer at de gamle instrumentene og den tradisjonsrike musikken er noe mer enn kuriositeter p\u00e5 museum. Sl\u00e5ttemusikken fra Hardanger fremf\u00f8res b\u00e5de solistisk og i ensemble. Medvirkende: Knut Hamre og Benedicte Maurseth (Hardingfele), Nils \u00d8kland (viola d`amore), H\u00e5kon M\u00f8rch Stene (perkusjon) og Sigbj\u00f8rn Apeland (orgel).<\/p>\n<h4>Felene<\/h4>\n<p>Den eldste daterte fela som er bevart her i landet, kalles Jaastad-fela, og de fleste er enige i \u00e5 karakterisere den som en tidlig variant av Hardingfela, norges nasjonalinstrument. Navnet Hardingfele betyr simpelthen ei fele fra Hardanger, og bakgrunnen er at felemakere fra Hardanger allerede midt p\u00e5 1700-tallet var kjent for sin felebygging av h\u00f8y kvalitet. Det har v\u00e6rt en del usikkerhet rundt dateringen av Jaastad-fela, men nyere forskning utf\u00f8rt av Hardingfele-prosjektet viser imidlertid at det er relativt liten grunn til \u00e5 tvile p\u00e5 dateringen. Hardingfelene som benyttes p\u00e5 denne innspillingen er laget i tidsrommet 1651\u20131751 av felemakerne Ole Jonsen Jaastad fra Ullensvang, samt far og s\u00f8nn Isak Botnen og Trond Flateb\u00f8 fra Kvam.<\/p>\n<h4>Orgelet<\/h4>\n<p>Orgelet, som er Norges eldste spillbare, ble bygget av Jonas Rosendal i f\u00f8rste halvdel av 1700-tallet, og sto i Hof kirke p\u00e5 \u00d8stre Toten fra 1723 til 1870. Senere ble orgelet innkj\u00f8pt av Norsk Folkemuseum, og det ble ferdig restaurert av den danske orgelbyggeren Mads Kjersgaard i 1979. Siden orgelet har 8 stemmer og ganske kraftig klang, var det bare de svakeste stemmene som egnet seg i samspill med instrumentene p\u00e5 denne plata.<\/p>\n<p>Knut Hamre og Benedicte Maurseth<\/p>\n<p><\/p>","protected":false},"excerpt":{"rendered":"<p>\u2013 En av tidenes vakreste og sterkeste hardingfeleplater. [6\/ 6 Carl Petter Opsahl \/ VG]<\/p>\n","protected":false},"featured_media":27257,"comment_status":"closed","ping_status":"open","template":"","meta":[],"product_brand":[],"product_cat":[35],"product_tag":[],"class_list":{"0":"post-660","1":"product","2":"type-product","3":"status-publish","4":"has-post-thumbnail","6":"product_cat-heilo","7":"product_shipping_class-cddvd-shipping","8":"uni_artist_tag-benedicte-maurseth","9":"uni_artist_tag-hakon-stene","10":"uni_artist_tag-knut-hamre","11":"uni_artist_tag-nils-okland","12":"uni_artist_tag-sigbjorn-apeland","13":"uni_artist_tag-trad","14":"uni_main_artist_tag-knut-hamre","15":"uni_artist_genre-folk-music","16":"uni_artist_genre-traditional","18":"first","19":"instock","20":"taxable","21":"shipping-taxable","22":"purchasable","23":"product-type-simple"},"_links":{"self":[{"href":"https:\/\/grappa.no\/no\/wp-json\/wp\/v2\/product\/660","targetHints":{"allow":["GET"]}}],"collection":[{"href":"https:\/\/grappa.no\/no\/wp-json\/wp\/v2\/product"}],"about":[{"href":"https:\/\/grappa.no\/no\/wp-json\/wp\/v2\/types\/product"}],"replies":[{"embeddable":true,"href":"https:\/\/grappa.no\/no\/wp-json\/wp\/v2\/comments?post=660"}],"wp:featuredmedia":[{"embeddable":true,"href":"https:\/\/grappa.no\/no\/wp-json\/wp\/v2\/media\/27257"}],"wp:attachment":[{"href":"https:\/\/grappa.no\/no\/wp-json\/wp\/v2\/media?parent=660"}],"wp:term":[{"taxonomy":"product_brand","embeddable":true,"href":"https:\/\/grappa.no\/no\/wp-json\/wp\/v2\/product_brand?post=660"},{"taxonomy":"product_cat","embeddable":true,"href":"https:\/\/grappa.no\/no\/wp-json\/wp\/v2\/product_cat?post=660"},{"taxonomy":"product_tag","embeddable":true,"href":"https:\/\/grappa.no\/no\/wp-json\/wp\/v2\/product_tag?post=660"}],"curies":[{"name":"wp","href":"https:\/\/api.w.org\/{rel}","templated":true}]}}