{"id":659,"date":"2010-09-20T00:00:00","date_gmt":"2010-09-19T23:00:00","guid":{"rendered":"http:\/\/www.grappa.no\/albums\/uncategorized\/the-poet-speaks\/"},"modified":"2019-02-22T16:03:45","modified_gmt":"2019-02-22T15:03:45","slug":"the-poet-speaks","status":"publish","type":"product","link":"https:\/\/grappa.no\/no\/albums\/simax-classics\/the-poet-speaks\/","title":{"rendered":"The Poet Speaks"},"content":{"rendered":"<p><\/p>\n<p>Liv Glaser jubilerer med Schumann<\/p>\n<p>I 2010 er 75 \u00e5r siden pianisten Liv Glaser ble f\u00f8dt, og 50 \u00e5r siden debutkonserten i Universitetets Aula. Hun holder et beundringsverdig og karakteristisk tempo, til glede for en stadig voksende tilhengerskare av b\u00e5de tilh\u00f8rere og studenter. Feiringen markeres med en plate med 200-\u00e5rs-jubilanten Schumanns vidunderlig poetiske musikk for og om barn.<br \/>\nLiv Glaser er en av v\u00e5re fremste poeter ved klaveret, enten det handler om vare melodilinjer eller dyptf\u00f8lte ekspressive utbrudd. Liv  g\u00e5r inn i Schumanns verden uten forbehold, og er med p\u00e5 \u2018spilloppene\u2019 fra f\u00f8rste tone. Denne musikken har fulgt Liv Glaser fra hun selv var liten, i utgaven hun arvet etter sin farmor. \u00abSom barn boltret jeg meg i flere av stykkene. Det f\u00f8rste stykket passet min lille h\u00e5nd s\u00e5 godt, og den lille Koralen var som skapt for julens familieopptreden! Dessuten fikk jeg lov til \u00e5 v\u00e6re s\u00e5 sint som bare det i Knecht Ruprecht, og t\u00e5rene var ikke langt unna i Den f\u00f8rste Sorg.\u00bb<\/p>\n<p><!--more--><\/p>\n<p>I 2010 er 75 \u00e5r siden pianisten Liv Glaser ble f\u00f8dt, og 50 \u00e5r siden debutkonserten i Universitetets Aula. Hun holder et beundringsverdig og karakteristisk tempo, til glede for en stadig voksende tilhengerskare av b\u00e5de tilh\u00f8rere og studenter. Feiringen markeres med en plate med 200-\u00e5rs-jubilanten Schumanns vidunderlig poetiske musikk for og om barn.<\/p>\n<h4>Farmors utgave<\/h4>\n<p>Mange av stykkene i Album f\u00fcr die Jugend skrev Schumann for sin eldste datter til hennes 7-\u00e5rsdag. Alts\u00e5 spesielt skrevet for \u00e5 bli spilt av barn og unge, og hvert stykke forteller sin egen lille historie. Denne musikken har fulgt Liv Glaser fra hun selv var liten, i utgaven hun arvet etter sin farmor. \u00abSom barn boltret jeg meg i flere av stykkene. Det f\u00f8rste stykket passet min lille h\u00e5nd s\u00e5 godt, og den lille Koralen var som skapt for julens familieopptreden! Dessuten fikk jeg lov til \u00e5 v\u00e6re s\u00e5 sint som bare det i Knecht Ruperecht, og t\u00e5rene var ikke langt unna i Den f\u00f8rste Sorg.\u00bb<\/p>\n<h4>Kinderszenen<\/h4>\n<p>I denne samlingen ser komponisten p\u00e5 scener fra barndommen fra den voksnes perspektiv, og flere av Schumanns mest kjente og kj\u00e6re klaverstykker finner vi her. Til sin kj\u00e6re Clara skriver han: \u00abJeg har komponert noen sm\u00e5, pussige ting til deg \u2013 kanskje som en etterklang av dine ord om at jeg noen ganger forekommer deg som et barn?\u00bb<\/p>\n<h4>Veteran-piano med entusiastisk sj\u00e5f\u00f8r bak tangentene<\/h4>\n<p>For omkring 20 \u00e5r siden satte godt voksne Liv seg p\u00e5 skolebenken igjen \u2013 for \u00e5 studere tidsriktige klaverinstrumenter og oppf\u00f8relsespraksis hos bl.a Malcolm Bilson. I sitt syttifemte \u00e5r er Liv p\u00e5 farten h\u00f8yt og lavt, i b\u00e5de inn og utland, med konserter, kritikerroste CD-utgivelser og mesterklasser p\u00e5 hammerklaver av forskjellige slag. Denne innspillingen er gjort p\u00e5 et nydelig Hafner-instrument fra 1830, nettopp av den typen klaver som Schumann selv har spilt sin musikk p\u00e5.<\/p>\n<p><\/p>","protected":false},"excerpt":{"rendered":"<p>\u2013 her er det en dikter som taler, en klaverets poet. [Bergens Tidende]<\/p>\n","protected":false},"featured_media":27718,"comment_status":"closed","ping_status":"open","template":"","meta":[],"product_brand":[],"product_cat":[180],"product_tag":[],"class_list":{"0":"post-659","1":"product","2":"type-product","3":"status-publish","4":"has-post-thumbnail","6":"product_cat-simax-classics","7":"product_shipping_class-cddvd-shipping","8":"uni_artist_tag-erik-gard-amundsen","9":"uni_artist_tag-liv-glaser","10":"uni_artist_tag-robert-schumann","11":"uni_main_artist_tag-liv-glaser","12":"uni_artist_genre-children","13":"uni_artist_genre-original-performance-practice","14":"uni_artist_genre-piano","15":"uni_artist_genre-solo","17":"first","18":"instock","19":"taxable","20":"shipping-taxable","21":"purchasable","22":"product-type-simple"},"_links":{"self":[{"href":"https:\/\/grappa.no\/no\/wp-json\/wp\/v2\/product\/659","targetHints":{"allow":["GET"]}}],"collection":[{"href":"https:\/\/grappa.no\/no\/wp-json\/wp\/v2\/product"}],"about":[{"href":"https:\/\/grappa.no\/no\/wp-json\/wp\/v2\/types\/product"}],"replies":[{"embeddable":true,"href":"https:\/\/grappa.no\/no\/wp-json\/wp\/v2\/comments?post=659"}],"wp:featuredmedia":[{"embeddable":true,"href":"https:\/\/grappa.no\/no\/wp-json\/wp\/v2\/media\/27718"}],"wp:attachment":[{"href":"https:\/\/grappa.no\/no\/wp-json\/wp\/v2\/media?parent=659"}],"wp:term":[{"taxonomy":"product_brand","embeddable":true,"href":"https:\/\/grappa.no\/no\/wp-json\/wp\/v2\/product_brand?post=659"},{"taxonomy":"product_cat","embeddable":true,"href":"https:\/\/grappa.no\/no\/wp-json\/wp\/v2\/product_cat?post=659"},{"taxonomy":"product_tag","embeddable":true,"href":"https:\/\/grappa.no\/no\/wp-json\/wp\/v2\/product_tag?post=659"}],"curies":[{"name":"wp","href":"https:\/\/api.w.org\/{rel}","templated":true}]}}