{"id":658,"date":"2007-01-15T00:00:00","date_gmt":"2007-01-14T23:00:00","guid":{"rendered":"http:\/\/www.grappa.no\/albums\/uncategorized\/beethoven-thoresen-beethoven-vol-3\/"},"modified":"2019-02-22T16:03:42","modified_gmt":"2019-02-22T15:03:42","slug":"beethoven-thoresen-beethoven-vol-3","status":"publish","type":"product","link":"https:\/\/grappa.no\/no\/albums\/simax-classics\/beethoven-thoresen-beethoven-vol-3\/","title":{"rendered":"Beethoven + Thoresen (Beethoven+, vol. 3)"},"content":{"rendered":"<p><\/p>\n<p>Kronen p\u00e5 verket, Beethoven+<\/p>\n<p>Siste utgivelse i Grieg Trios kritikerroste serie Beethoven+ er klar. Kronen p\u00e5 verket settes med Beethovens siste trio og premiere-innspillingen av Lasse Thoresens klavertrio nr. 2. Komponist og professor Lasse Thoresen har i de senere \u00e5r vekket stor oppmerksomhet og begeistring rundt omkring i verden med sin musikk, b\u00e5de gjennom konserter, festivaler og plateutgivelser. Thoresens klavertrio \u00abThe Descent of Luminous Waters\u00bb, ble urfremf\u00f8rt i Beethoven+ serien og har senere blitt fremf\u00f8rt bl.a. i Amsterdam, Berlin og London. \u00abErkehertugen\u00bb viser den modne Beethovens melodiske inspirasjon, instrumentale virtuositet, \u00e5ndelige dybde og formmessige mesterskap.<\/p>\n<p><!--more--><\/p>\n<p>Siste utgivelse i Grieg Trios kritikerroste serie Beethoven+ er klar. Kronen p\u00e5 verket settes med Beethovens siste trio og premiere-innspillingen av Lasse Thoresens klavertrio nr. 2.<\/p>\n<h4>Beethoven + Thoresen<\/h4>\n<p>Den eneste norske komponisten som er med i CD-delen av Beethoven+ er, passende nok, en selverkl\u00e6rt stor beundrer av Beethoven. Komponist og professor Lasse Thoresen har i de senere \u00e5r vekket stor oppmerksomhet og begeistring rundt omkring i verden med sin musikk, b\u00e5de gjennom konserter, festivaler og plateutgivelser. Thoresens klavertrio \u00abThe Descent of Luminous Waters\u00bb, ble urfremf\u00f8rt i Beethoven+ serien og har senere blitt fremf\u00f8rt bl.a. i Amsterdam, Berlin og London. Materialet til klavertrioen har han ogs\u00e5 utviklet videre til en trippelkonsert med navnet \u00abTransfigurations\u00bb.<\/p>\n<h4>Grieg Trio<\/h4>\n<p>Beethoven+ er den st\u00f8rste satsningen noen skandinavisk kammermusikkgruppe har initiert. Alle Beethovens klavertrioer fremf\u00f8res sammen med nyskrevne verker for besetningen b\u00e5de p\u00e5 konserter og CD. I sesongen 2002-03 ble serien gjennomf\u00f8rt bl. a. i Wigmore Hall, og i 2005 var arenaen Konzerthaus Berlin. I 2004 overtok Grieg Trio som kunstnerisk ansvarlige for Stavanger Internasjonale Kammermusikkfestival, og samme \u00e5r ble trioen tildelt Spellemannprisen for sin innspilling av Dvoraks komplette klavertrioer. Vebj\u00f8rn Anvik (piano), S\u00f8lve Sigerland (fiolin) og Ellen Margrete Flesj\u00f8 (cello) befester sin unike kunstneriske posisjon med denne kompletteringen av prosjektet Beethoven+.<\/p>\n<h4><\/h4>\n<\/p>\n<p><\/p>","protected":false},"excerpt":{"rendered":"<p>&#8211; alert, spirited performances and a program that seems to highlight Beethoven&#8217;s originality by placing it next to an inventive modern work. [Gramophone]<\/p>\n","protected":false},"featured_media":27568,"comment_status":"closed","ping_status":"open","template":"","meta":[],"product_brand":[],"product_cat":[180],"product_tag":[],"class_list":{"0":"post-658","1":"product","2":"type-product","3":"status-publish","4":"has-post-thumbnail","6":"product_cat-simax-classics","7":"product_shipping_class-cddvd-shipping","8":"uni_artist_tag-grieg-trio","9":"uni_artist_tag-krzysztof-drab","10":"uni_artist_tag-lasse-thoresen","11":"uni_artist_tag-ludwig-van-beethoven","12":"uni_main_artist_tag-grieg-trio","13":"uni_artist_genre-chamber-music","15":"first","16":"instock","17":"taxable","18":"shipping-taxable","19":"purchasable","20":"product-type-simple"},"_links":{"self":[{"href":"https:\/\/grappa.no\/no\/wp-json\/wp\/v2\/product\/658","targetHints":{"allow":["GET"]}}],"collection":[{"href":"https:\/\/grappa.no\/no\/wp-json\/wp\/v2\/product"}],"about":[{"href":"https:\/\/grappa.no\/no\/wp-json\/wp\/v2\/types\/product"}],"replies":[{"embeddable":true,"href":"https:\/\/grappa.no\/no\/wp-json\/wp\/v2\/comments?post=658"}],"wp:featuredmedia":[{"embeddable":true,"href":"https:\/\/grappa.no\/no\/wp-json\/wp\/v2\/media\/27568"}],"wp:attachment":[{"href":"https:\/\/grappa.no\/no\/wp-json\/wp\/v2\/media?parent=658"}],"wp:term":[{"taxonomy":"product_brand","embeddable":true,"href":"https:\/\/grappa.no\/no\/wp-json\/wp\/v2\/product_brand?post=658"},{"taxonomy":"product_cat","embeddable":true,"href":"https:\/\/grappa.no\/no\/wp-json\/wp\/v2\/product_cat?post=658"},{"taxonomy":"product_tag","embeddable":true,"href":"https:\/\/grappa.no\/no\/wp-json\/wp\/v2\/product_tag?post=658"}],"curies":[{"name":"wp","href":"https:\/\/api.w.org\/{rel}","templated":true}]}}