{"id":657,"date":"2012-06-01T00:00:00","date_gmt":"2012-05-31T23:00:00","guid":{"rendered":"http:\/\/www.grappa.no\/albums\/uncategorized\/perspectives-6942-north-1900-east\/"},"modified":"2019-02-22T16:03:38","modified_gmt":"2019-02-22T15:03:38","slug":"perspectives-6942-north-1900-east","status":"publish","type":"product","link":"https:\/\/grappa.no\/no\/albums\/simax-classics\/perspectives-6942-north-1900-east\/","title":{"rendered":"Perspectives (69\u00b042&#8242;, North | 19\u00b000&#8242; East)"},"content":{"rendered":"<p><\/p>\n<p>Debut-utgivelse fra Troms\u00f8 kammerorkester med Webern, P\u00e4rt, Kurt\u00e1g, H\u00f6gberg og Lutos\u0142awski<\/p>\n<p>Troms\u00f8 Kammerorkester, Norges eneste fulltids kammerorkester, presenterer her sin aller f\u00f8rste CD-utgivelse. P\u00e5 utgivelsen &#8216;Perspectives (69\u00b042&#8242;, North | 19\u00b000&#8242; East)&#8217; viser orkesteret seg som en f\u00f8rsteklasses fortolker av det moderne klassiske repertoaret.<\/p>\n<p>De tre f\u00f8rste verkene h\u00f8rer absolutt m\u00f8rketiden til, p\u00e5 mange m\u00e5ter. F\u00fcnf S\u00e4tze er Weberns f\u00f8rste atonale verk, opprinnelig skrevet for strykekvartett. P\u00e4rts Cantus in Memoriam Benjamin Britten er et s\u00f8rgestykke over den engelske komponistkollegaen Benjamin Brittens bortgang i 1977. Kurt\u00e1gs betagende Aus der Ferne III fra 1991 avslutter avdelingen.<\/p>\n<p>H\u00f6gbergs kontrabasskonsert sl\u00e5r inn over sanseapparatet som en rytmisk og sprelsk midnattssolstorm av vitalt musikanteri. Verket er komponert for og tilegnet kontrabassisten Dan Styffe som selv har v\u00e6rt med p\u00e5 \u00e5 utforme det sv\u00e6rt virtuose, fysisk krevende og dynamiske solopartiet. Witold Lutos\u0142awski legger vekt p\u00e5 lange, horisontale linjer i Musique fun\u00e8bre, som i likhet med P\u00e4rts Cantus er sorgtung musikk til minne om en beundret komponistkollega.<\/p>\n<p><!--more--><\/p>\n<p>Troms\u00f8 Kammerorkester, Norges eneste fulltids kammerorkester, presenterer her sin aller f\u00f8rste CD-utgivelse. P\u00e5 utgivelsen &#8216;Perspectives (69\u00b042&#8242;, North | 19\u00b000&#8242; East)&#8217; viser orkesteret seg som en f\u00f8rsteklasses fortolker av det moderne klassiske repertoaret.<\/p>\n<h4>M\u00f8rketid<\/h4>\n<p>De tre f\u00f8rste verkene h\u00f8rer absolutt m\u00f8rketiden til, p\u00e5 mange m\u00e5ter. Webern er en komponist som knapt fikk oppleve en eneste reell suksess. F\u00fcnf S\u00e4tze er hans f\u00f8rste atonale verk, opprinnelig skrevet for strykekvartett. P\u00e4rts Cantus in Memoriam Benjamin Britten er et s\u00f8rgestykke over den engelske komponistkollegaen Benjamin Brittens bortgang i 1977. Stykket er en i en form for musikalsk minimalisme som rommer det maksimale, lik perspektivene i polarlandskapet. Kurt\u00e1gs betagende Aus der Ferne III fra 1991 avslutter avdelingen.<\/p>\n<h4>Midnattssol<\/h4>\n<p>H\u00f6gbergs kontrabasskonsert sl\u00e5r inn over sanseapparatet som en rytmisk og sprelsk midnattssolstorm av vitalt musikanteri. Verket er komponert for og tilegnet kontrabassisten Dan Styffe som selv har v\u00e6rt med p\u00e5 \u00e5 utforme det sv\u00e6rt virtuose, fysisk krevende og dynamiske solopartiet. Witold Lutos\u0142awski legger vekt p\u00e5 lange, horisontale linjer i Musique fun\u00e8bre, som i likhet med P\u00e4rts Cantus er sorgtung musikk til minne om en beundret komponistkollega.<\/p>\n<h4>Troms\u00f8 kammerorkester<\/h4>\n<p>Troms\u00f8 Kammerorkester er Norges eneste fulltids profesjonelle kammerorkester. Orkesteret har gjort seg bemerket som et moderne og allsidig ensemble med en h\u00f8y internasjonal standard. Troms\u00f8 Kammerorkester spiller ukentlig konserter i Troms\u00f8, og i tillegg inng\u00e5r musikerne som del av Nordnorsk Symfoniorkester gjennom organisasjonen NOSO AS. Orkesteret presenterer noen av de mest ettertraktede solistene og kunstneriske lederne fra inn- og utland, og opptrer b\u00e5de som kammerorkester, kammerensembler og i st\u00f8rre symfoniske oppsetninger. I tillegg har orkesteret f\u00e5tt h\u00f8y anerkjennelse innenfor sjangeroverskridende produksjoner, gjennom flere vellykkede samarbeid med noen av Norges st\u00f8rste pop- og jazzartister. Kolbj\u00f8rn Holthe har v\u00e6rt kunstnerisk leder siden 2006, og under hans ledelse har Troms\u00f8 Kammerorkester utviklet seg til \u00e5 bli et ensemble som inspirerer og engasjerer b\u00e5de publikum, musikere og gjestende artister. Henning Kraggerud etterf\u00f8lger Holthe som kunstnerisk leder fra h\u00f8sten 2012.<\/p>\n<p><\/p>","protected":false},"excerpt":{"rendered":"<p>Kraftledningarna<br \/>\nspenda i k\u00f6ldens rike<br \/>\nnorr om all musik.<br \/>\nTomas Transtr\u00f6mer (fra Sorgegondolen)<\/p>\n","protected":false},"featured_media":27713,"comment_status":"closed","ping_status":"open","template":"","meta":[],"product_brand":[],"product_cat":[180],"product_tag":[],"class_list":{"0":"post-657","1":"product","2":"type-product","3":"status-publish","4":"has-post-thumbnail","6":"product_cat-simax-classics","7":"product_shipping_class-cddvd-shipping","8":"uni_artist_tag-anton-webern","9":"uni_artist_tag-arvo-part","10":"uni_artist_tag-dan-styffe","11":"uni_artist_tag-francois-eckert","12":"uni_artist_tag-fredrik-hogberg","13":"uni_artist_tag-gyorgy-kurtag","14":"uni_artist_tag-kolbjorn-holthe","15":"uni_artist_tag-tromso-chamber-orchestra","16":"uni_artist_tag-witold-lutoslawski","17":"uni_main_artist_tag-tromso-chamber-orchestra","18":"uni_artist_genre-chamber-music","19":"uni_artist_genre-contemporary-music","20":"uni_artist_genre-strings","21":"uni_artist_genre-world-premiere-recording","23":"first","24":"instock","25":"taxable","26":"shipping-taxable","27":"purchasable","28":"product-type-simple"},"_links":{"self":[{"href":"https:\/\/grappa.no\/no\/wp-json\/wp\/v2\/product\/657","targetHints":{"allow":["GET"]}}],"collection":[{"href":"https:\/\/grappa.no\/no\/wp-json\/wp\/v2\/product"}],"about":[{"href":"https:\/\/grappa.no\/no\/wp-json\/wp\/v2\/types\/product"}],"replies":[{"embeddable":true,"href":"https:\/\/grappa.no\/no\/wp-json\/wp\/v2\/comments?post=657"}],"wp:featuredmedia":[{"embeddable":true,"href":"https:\/\/grappa.no\/no\/wp-json\/wp\/v2\/media\/27713"}],"wp:attachment":[{"href":"https:\/\/grappa.no\/no\/wp-json\/wp\/v2\/media?parent=657"}],"wp:term":[{"taxonomy":"product_brand","embeddable":true,"href":"https:\/\/grappa.no\/no\/wp-json\/wp\/v2\/product_brand?post=657"},{"taxonomy":"product_cat","embeddable":true,"href":"https:\/\/grappa.no\/no\/wp-json\/wp\/v2\/product_cat?post=657"},{"taxonomy":"product_tag","embeddable":true,"href":"https:\/\/grappa.no\/no\/wp-json\/wp\/v2\/product_tag?post=657"}],"curies":[{"name":"wp","href":"https:\/\/api.w.org\/{rel}","templated":true}]}}