{"id":656,"date":"2009-03-16T00:00:00","date_gmt":"2009-03-15T23:00:00","guid":{"rendered":"http:\/\/www.grappa.no\/albums\/uncategorized\/bendik-hofseth-xi\/"},"modified":"2016-11-18T16:35:12","modified_gmt":"2016-11-18T15:35:12","slug":"bendik-hofseth-xi","status":"publish","type":"product","link":"https:\/\/grappa.no\/no\/albums\/grappa\/bendik-hofseth-xi\/","title":{"rendered":"Bendik Hofseth: XI"},"content":{"rendered":"<p><\/p>\n<p>Vakkert saksofonspill<\/p>\n<p>Etter ti \u00e5r med sjeldne plateopptredener vender den allsidige norske komponisten og saksofonisten Bendik Hofseth tilbake. &quot;XI&quot; er et rendyrket  jazzalbum innspilt i Avatar Studio i New York med et stjernelag av internasjonale musikernavn: Mike Mainieri (vibrafon), Gil Goldstein (piano, accordion), Olivier Louvel (gitar), Scott Colley (bass) og Antonio Sanchez (trommer). <\/p>\n<p>Bendik Hofseth debuterte i 1991 med &quot;IX&quot;. Mellom &quot;IX&quot; og &quot;XI&quot; ligger det ni andre CD-utgivelser og bestillingsverk. P\u00e5 &quot;XI&quot; er det l\u00e5ter fra alle disse prosjektene \u2013 en slags samleplate i ny tapning. Bendik Hofseth fikk sitt gjennombrudd som musiker da han tok over for Michael Brecker i Mike Mainieris band Steps Ahead, et band han fortsatt turnerer med. &quot;XI&quot; er et vakkert og personlig album, med et musikerlag i toppform, og innholder noe av det fineste saksofonspillet fra Bendik til dags dato.<\/p>\n<p><!--more--><\/p>\n<p>Etter ti \u00e5r med f\u00e5 plateopptredener vender den allsidige norske komponisten og saksofonisten Bendik Hofseth tilbake.<\/p>\n<h4>Samleplate i ny tapning<\/h4>\n<p>I 1991 ble Bendik Hofseths debut &quot;IX&quot; innspilt i New York. Den var tenkt som en introduksjon til ni musikalske prosjekter. I \u00e5rene etter ble alle disse ni prosjektene realisert, flere av dem utgitt p\u00e5 CD. P\u00e5 den nye platen &quot;XI&quot; er det l\u00e5ter fra alle disse prosjektene \u2013 en slags samleplate i ny tapning, eller en epilog til alle hans musikalske reiser. Igjen er musikken innspilt i New York. Musikken har endret seg underveis, fra \u00e5 eksperimentere fritt med mange musikalske genre, fra popmusikk til samtidsmusikk, er n\u00e5 uttrykket landet i et lavm\u00e6lt kammerjazz landskap.<\/p>\n<h4>Utforsker samspillet<\/h4>\n<p>\u2013 Jeg ville gj\u00f8re en CD som utgjorde noe av essensen i musikken som jeg har v\u00e6rt igjennom i alle disse \u00e5rene, sier Hofseth. Litt sp\u00f8kefullt har han kalt prosjektet sitt &quot;omvendte universitet&quot;, m\u00e5let har v\u00e6rt \u00e5 avl\u00e6re all teknisk kunnskap fra mange \u00e5rs studier og utforske samspillet mellom publikum og musiker p\u00e5 ulike arenaer. &quot;XI&quot; inneholder l\u00e5ter fra de fleste av ni prosjektets totalt 110 l\u00e5ter. &quot;Det er noen av de l\u00e5tene jeg har hatt mest glede av \u00e5 framf\u00f8re live&quot;, forteller Hofseth.<\/p>\n<h4>Legendarisk musikerlag<\/h4>\n<p>P\u00e5 &quot;XI&quot; deltar gamle kolleger fra Hofseths opphold i New York p\u00e5 80- og 90-tallet. F\u00f8rst og fremst Mike Mainieri, jazzlegende og innovat\u00f8r som vibrafonist og komponist. \u2013 Mike er p\u00e5 sett og vis min amerikanske adoptivfar, sier Hofseth. \u2013 Vi har samarbeidet i mer enn 20 \u00e5r og bedre mentor kunne jeg ikke hatt. Han har en \u00e5penhet og oversikt som er fenomenal. Mainieri har v\u00e6rt med siden 50-tallet og spilte da med Billie Holiday, Buddy Rich m.fl. Han var aktiv som produsent ogs\u00e5 for artister som Carly Simon, Art Garfunkel etc.<\/p>\n<p>Gil Goldstein, musikalsk leder for Bobby McFerrin, Dave Sanborn og primus motor i Gil Evans storband spiller piano og trekkspill p\u00e5 plata. De fleste kjenner Gil som bakmann og arrang\u00f8r for mange kjente pop og jazz-artister men han er ogs\u00e5 en fantastisk begavet pianist.  Kompet best\u00e5r av Scott Collet (bass) og Antonio Sanchez (trommer) som har gjort utallige plateinnspillinger med store jazznavn slik som Pat Metheny. Det franske gitarfunnet Olivier Louvel er sistemann p\u00e5 laget.<\/p>\n<p>&quot;XI&quot; er et vakkert og personlig album, med et musikerlag i toppform, og innholder noe av det fineste saksofonspillet fra Bendik til dags dato.<\/p>\n<p><\/p>","protected":false},"excerpt":{"rendered":"<p>\u2013 Bendik Hofseths ferske utgivelse er helst\u00f8pt, moden og finslipt. [5\/6 Carl Petter Opsahl\/VG]<\/p>\n","protected":false},"featured_media":27025,"comment_status":"closed","ping_status":"open","template":"","meta":[],"product_brand":[],"product_cat":[6],"product_tag":[],"class_list":{"0":"post-656","1":"product","2":"type-product","3":"status-publish","4":"has-post-thumbnail","6":"product_cat-grappa","7":"product_shipping_class-cddvd-shipping","8":"uni_artist_tag-antonio-sanchez","9":"uni_artist_tag-bendik-hofseth","10":"uni_artist_tag-gil-goldstein","11":"uni_artist_tag-mike-mainieri","12":"uni_artist_tag-olivier-louvel","13":"uni_artist_tag-scott-colley","14":"uni_main_artist_tag-bendik-hofseth","15":"uni_artist_genre-instrumental","16":"uni_artist_genre-jazz","18":"first","19":"instock","20":"taxable","21":"shipping-taxable","22":"purchasable","23":"product-type-simple"},"_links":{"self":[{"href":"https:\/\/grappa.no\/no\/wp-json\/wp\/v2\/product\/656","targetHints":{"allow":["GET"]}}],"collection":[{"href":"https:\/\/grappa.no\/no\/wp-json\/wp\/v2\/product"}],"about":[{"href":"https:\/\/grappa.no\/no\/wp-json\/wp\/v2\/types\/product"}],"replies":[{"embeddable":true,"href":"https:\/\/grappa.no\/no\/wp-json\/wp\/v2\/comments?post=656"}],"wp:featuredmedia":[{"embeddable":true,"href":"https:\/\/grappa.no\/no\/wp-json\/wp\/v2\/media\/27025"}],"wp:attachment":[{"href":"https:\/\/grappa.no\/no\/wp-json\/wp\/v2\/media?parent=656"}],"wp:term":[{"taxonomy":"product_brand","embeddable":true,"href":"https:\/\/grappa.no\/no\/wp-json\/wp\/v2\/product_brand?post=656"},{"taxonomy":"product_cat","embeddable":true,"href":"https:\/\/grappa.no\/no\/wp-json\/wp\/v2\/product_cat?post=656"},{"taxonomy":"product_tag","embeddable":true,"href":"https:\/\/grappa.no\/no\/wp-json\/wp\/v2\/product_tag?post=656"}],"curies":[{"name":"wp","href":"https:\/\/api.w.org\/{rel}","templated":true}]}}