{"id":654,"date":"2009-10-12T00:00:00","date_gmt":"2009-10-11T23:00:00","guid":{"rendered":"http:\/\/www.grappa.no\/albums\/uncategorized\/mohammeds-cafe\/"},"modified":"2016-11-18T16:35:09","modified_gmt":"2016-11-18T15:35:09","slug":"mohammeds-cafe","status":"publish","type":"product","link":"https:\/\/grappa.no\/no\/albums\/grappa\/mohammeds-cafe\/","title":{"rendered":"Mohammeds Cafe"},"content":{"rendered":"<p><\/p>\n<p>Bj\u00f8lsen Valsem\u00f8lle: Mohammeds Cafe<\/p>\n<p>Bj\u00f8lsen Valsem\u00f8lle var bandet som satt begrepet Oslo-rock p\u00e5 kartet. Allerede tidlig 80-tallet hadde Bj\u00f8lsen legendariske Oslo-l\u00e5ter som V\u00e5lerenga Kjerke, Soria Moria, Vaterlands bru og Fem p\u00e5 midnatt. Bandet har kommet med utallige l\u00e5ter som har festet seg i minnet, og denne utgivelsen er inget unntak. I takt med v\u00e5re tradisjoner har Bj\u00f8lsen n\u00e5 nesten tredve \u00e5r senere kalt sin nye CD &quot;Mohammeds Cafe&quot;. Tittelsporet er en hyllest til det nye multikulturelle Oslo \u2013 en svingende feiring av palestineren Mohammed Hussien Ahmed fra Gaza og den hyggelige kafeen hans midt i Oslos jungel. Denne og ni andre l\u00e5ter, blant annet &quot;91,72&quot;, &quot;Hvor blei det av deg&quot; og &quot;\u00c5penbaring p\u00e5 Lilletorget&quot;, gj\u00f8r dette til kanskje den sterkeste og mest gjennomarbeida utgivelsen fra Bj\u00f8lsen Valsem\u00f8lle noen sinne.<\/p>\n<p><!--more--><\/p>\n<h4><\/h4>\n<\/p>\n<h4><\/h4>\n<p><h4><\/h4>\n<\/p>\n<p><\/p>","protected":false},"excerpt":{"rendered":"<p>\u2013 Bandet er tilbake med fynd og klem. [5\/6 Svein Andersen\/Aftenposten]<\/p>\n","protected":false},"featured_media":27027,"comment_status":"closed","ping_status":"open","template":"","meta":[],"product_brand":[],"product_cat":[6],"product_tag":[],"class_list":{"0":"post-654","1":"product","2":"type-product","3":"status-publish","4":"has-post-thumbnail","6":"product_cat-grappa","7":"product_shipping_class-cddvd-shipping","8":"uni_artist_tag-askil-holm","9":"uni_artist_tag-bjolsen-valsemolle","10":"uni_artist_tag-dagfin-hjorth-hovind","11":"uni_artist_tag-erik-taalesen","12":"uni_artist_tag-lars-aas-hansen","13":"uni_artist_tag-leif-ottesen","14":"uni_artist_tag-lena-marie-pedersen","15":"uni_artist_tag-martin-aune","16":"uni_artist_tag-signe-marie-rustad","17":"uni_artist_tag-thomas-johansson","18":"uni_artist_tag-tor-hauge","19":"uni_artist_tag-tron-taalesen","20":"uni_artist_tag-trond-ingebretsen","21":"uni_main_artist_tag-bjolsen-valsemolle","22":"uni_artist_genre-pop","23":"uni_artist_genre-rock","25":"first","26":"instock","27":"taxable","28":"shipping-taxable","29":"purchasable","30":"product-type-simple"},"_links":{"self":[{"href":"https:\/\/grappa.no\/no\/wp-json\/wp\/v2\/product\/654","targetHints":{"allow":["GET"]}}],"collection":[{"href":"https:\/\/grappa.no\/no\/wp-json\/wp\/v2\/product"}],"about":[{"href":"https:\/\/grappa.no\/no\/wp-json\/wp\/v2\/types\/product"}],"replies":[{"embeddable":true,"href":"https:\/\/grappa.no\/no\/wp-json\/wp\/v2\/comments?post=654"}],"wp:featuredmedia":[{"embeddable":true,"href":"https:\/\/grappa.no\/no\/wp-json\/wp\/v2\/media\/27027"}],"wp:attachment":[{"href":"https:\/\/grappa.no\/no\/wp-json\/wp\/v2\/media?parent=654"}],"wp:term":[{"taxonomy":"product_brand","embeddable":true,"href":"https:\/\/grappa.no\/no\/wp-json\/wp\/v2\/product_brand?post=654"},{"taxonomy":"product_cat","embeddable":true,"href":"https:\/\/grappa.no\/no\/wp-json\/wp\/v2\/product_cat?post=654"},{"taxonomy":"product_tag","embeddable":true,"href":"https:\/\/grappa.no\/no\/wp-json\/wp\/v2\/product_tag?post=654"}],"curies":[{"name":"wp","href":"https:\/\/api.w.org\/{rel}","templated":true}]}}