{"id":653,"date":"2011-12-09T00:00:00","date_gmt":"2011-12-08T23:00:00","guid":{"rendered":"http:\/\/www.grappa.no\/albums\/uncategorized\/troublecaster\/"},"modified":"2018-01-23T10:48:31","modified_gmt":"2018-01-23T09:48:31","slug":"troublecaster","status":"publish","type":"product","link":"https:\/\/grappa.no\/no\/albums\/blue-mood-records\/troublecaster\/","title":{"rendered":"Troublecaster"},"content":{"rendered":"<p><\/p>\n<p>Vidar Busk er tilbake<\/p>\n<p>Vidar Busk &amp; His Bubble of Trouble er Vidars flunkende nye prosjekt, og n\u00e5 er de klare med sitt f\u00f8rste album \u201cTroublecaster\u201d.<\/p>\n<p>Bandet er Vidars hyllest til den amerikanske gitarmusikken som herjet verden p\u00e5 midten av forrige \u00e5rhundre. Den gangen da gitarhelter var utadvente showmen som baserte musikken sin p\u00e5 boogie woogie, country, be bop swing og blues. Vidar Busk &amp; His Bubble of Trouble er en energisk retro miks fremf\u00f8rt med Stevie Ray Vaughans fandenivoldskhet. Stilriktig oppdresset og i velkjent, men p\u00e5 samme tid ny, Busk-stil. <\/p>\n<p>&quot;Troublecaster&quot; inneholder 11 covers og egenkomponerte l\u00e5ter. Et musikalsk landskap mellom rockabilly, Rock` N &amp; Roll og rhythm &amp; Blues. Eller som Vidar selv sier: Its  &quot;psurfadelic!&quot;. Her f\u00e5r man alt fra en bluset versjon av Train Kept A-Rollin\u2019 og  den nyskrevne Vidar Busk l\u00e5ten \u201cHurry Up N\u2019 Wait\u201d i rockabilly takt,  til avsluttningsl\u00e5ten \u201cDanger Zone\u201d som fader ut og befester Vidar Busk sin satus som gitarist med stor G.<\/p>\n<p><!--more--><\/p>\n<p>Vidar Busk &amp; His Bubble of Trouble er Vidars flunkende nye prosjekt, og n\u00e5 er de klare med sitt f\u00f8rste album \u201cTroublecaster\u201d.<\/p>\n<h4>&quot;It&#8217;s psurfadelic!&quot;<\/h4>\n<p>&quot;Troublecaster&quot; inneholder 11 covers og egenkomponerte l\u00e5ter. Et musikalsk landskap mellom rockabilly, Rock` N &amp; Roll og rhythm &amp; Blues. Eller som Vidar selv sier: Its  &quot;psurfadelic!&quot;. Her f\u00e5r man alt fra en bluset versjon av Train Kept A-Rollin\u2019 og  den nyskrevne Vidar Busk l\u00e5ten \u201cHurry Up N\u2019 Wait\u201d i rockabilly takt,  til avsluttningsl\u00e5ten \u201cDanger Zone\u201d som fader ut og befester Vidar Busk sin satus som gitarist med stor G. <\/p>\n<p>Vidar Busk er tilbake og klar for rock..and..roll..<\/p>\n<h4><\/h4>\n<p><h4><\/h4>\n<\/p>\n<p><\/p>","protected":false},"excerpt":{"rendered":"<p>Vidar Busk &amp; His Bubble of Trouble er en energisk retro miks fremf\u00f8rt med Stevie Ray Vaughans fandenivoldskhet. Stilriktig oppdresset og i velkjent, men p\u00e5 samme tid ny, Busk-stil.<\/p>\n","protected":false},"featured_media":26885,"comment_status":"closed","ping_status":"open","template":"","meta":[],"product_brand":[],"product_cat":[51],"product_tag":[],"class_list":{"0":"post-653","1":"product","2":"type-product","3":"status-publish","4":"has-post-thumbnail","6":"product_cat-blue-mood-records","7":"product_shipping_class-cddvd-shipping","8":"uni_artist_tag-alexander-pettersen","9":"uni_artist_tag-b-j-fjell","10":"uni_artist_tag-dag-yri","11":"uni_artist_tag-daniel-rosmo","12":"uni_artist_tag-david-york","13":"uni_artist_tag-george-motola","14":"uni_artist_tag-gisle-roen-johansen","15":"uni_artist_tag-howard-kay","16":"uni_artist_tag-jessie-mae-robinson","17":"uni_artist_tag-john-marascalco","18":"uni_artist_tag-lois-mann","19":"uni_artist_tag-ole-evensen","20":"uni_artist_tag-r-blackwell","21":"uni_artist_tag-rickie-page","22":"uni_artist_tag-roy-montrell","23":"uni_artist_tag-silje-yri","24":"uni_artist_tag-steve-doerr","25":"uni_artist_tag-tiny-bradshaw","26":"uni_artist_tag-trad","27":"uni_artist_tag-vidar-busk","28":"uni_artist_tag-vidar-busk-his-bubble-of-trouble","29":"uni_main_artist_tag-vidar-busk-his-bubble-of-trouble","30":"uni_artist_genre-blues","31":"uni_artist_genre-rock","32":"uni_artist_genre-rockabilly","34":"first","35":"outofstock","36":"taxable","37":"shipping-taxable","38":"product-type-simple"},"_links":{"self":[{"href":"https:\/\/grappa.no\/no\/wp-json\/wp\/v2\/product\/653","targetHints":{"allow":["GET"]}}],"collection":[{"href":"https:\/\/grappa.no\/no\/wp-json\/wp\/v2\/product"}],"about":[{"href":"https:\/\/grappa.no\/no\/wp-json\/wp\/v2\/types\/product"}],"replies":[{"embeddable":true,"href":"https:\/\/grappa.no\/no\/wp-json\/wp\/v2\/comments?post=653"}],"wp:featuredmedia":[{"embeddable":true,"href":"https:\/\/grappa.no\/no\/wp-json\/wp\/v2\/media\/26885"}],"wp:attachment":[{"href":"https:\/\/grappa.no\/no\/wp-json\/wp\/v2\/media?parent=653"}],"wp:term":[{"taxonomy":"product_brand","embeddable":true,"href":"https:\/\/grappa.no\/no\/wp-json\/wp\/v2\/product_brand?post=653"},{"taxonomy":"product_cat","embeddable":true,"href":"https:\/\/grappa.no\/no\/wp-json\/wp\/v2\/product_cat?post=653"},{"taxonomy":"product_tag","embeddable":true,"href":"https:\/\/grappa.no\/no\/wp-json\/wp\/v2\/product_tag?post=653"}],"curies":[{"name":"wp","href":"https:\/\/api.w.org\/{rel}","templated":true}]}}