{"id":650,"date":"2009-02-09T00:00:00","date_gmt":"2009-02-08T23:00:00","guid":{"rendered":"http:\/\/www.grappa.no\/albums\/uncategorized\/spellemann\/"},"modified":"2016-11-18T16:35:04","modified_gmt":"2016-11-18T15:35:04","slug":"spellemann","status":"publish","type":"product","link":"https:\/\/grappa.no\/no\/albums\/grappa\/spellemann\/","title":{"rendered":"Spellemann"},"content":{"rendered":"<p><\/p>\n<p>Spellemann: folkemusikk fra Norge og Sverige<\/p>\n<p>Elisabeth Andreassen er en av Nordens mest popul\u00e6re og allsidige artister med erfaring fra flere prosjekter og musikksjangere. Med utgivelsen Spellemann viser hun sin kj\u00e6rlighet til den norske og svenske folkemusikken. Platen best\u00e5r av artistens egne favoritter og er en sv\u00e6rt personlig utgivelse. Utgivelsen fikk sv\u00e6rt gode kritikker og solgte raskt til gull. Andreassen synger p\u00e5 svensk, norsk og nynorsk. Med vakre tekster og melodi\u00f8s innpakning hedrer hun sin svenske og norske folkemusikalske arv, blant annet i det nydelige \u00e5pningssporet \u201dKlinga mina klockor\u201d der hun har f\u00e5tt f\u00f8lge av kremen av norske kvinnelige sangere samt folkemusikerne Annbj\u00f8rg Lien og Orsa Spelm\u00e4n. Av andre talentfulle bidragsytere kan vi nevne Sven Nordin og Bjarte Hjelmeland, i tillegg til Andreassens datter Nora. Kristiansands Symfoniorkester er vakkert til stede gjennom hele innspillingen som er produsert av Bj\u00f8rn Ole Rasch. Spellemann viser nye sider ved Elisabeth Andreassen og plasserer henne i toppsjiktet av Nordens artister.<\/p>\n<p><!--more--><\/p>\n<p>Elisabeth Andreassen: Spellemann p\u00e5 norsk og svensk.<\/p>\n<h4>Folkemusikalsk arv<\/h4>\n<p>50-\u00e5rsjubilanten Elisabeth &quot;Bettan&quot; Andreassen er en av nordens mest allsidige artister, og har solgt flere enn 1 million plater. Etter en periode innen country-sjangeren, sikter hun n\u00e5 videre. Denne gangen g\u00e5r hun til sin folkemusikalske arv p\u00e5 kryss av landegrensene. \u2013 Spellemann oppfyller en musikalsk dr\u00f8m jeg lenge har b\u00e5ret p\u00e5, forteller Bettan. \u2013 Jeg har samlet flere av mine favorittl\u00e5ter fra Sverige og Norge. Her er b\u00e5de tradisjonelle sanger som g\u00e5r langt tilbake og  nyskreven musikk. Felles for dem alle er at de er ikledd toner og instrumenter vi kjenner fra folkemusikken, melodi\u00f8st og vakkert presentert i Bj\u00f8rn Ole Raschs produksjon. \u2013 Dette er min 50-\u00e5rsgave til meg selv, smiler jubilanten.<\/p>\n<h4>Personlige favoritter<\/h4>\n<p>Bettan har blant annet plukket tre perler av Benny Andersson og Bj\u00f8rn Ulvaeus \u2013 skrevet etter ABBA-tiden og som tidligere har v\u00e6rt fremf\u00f8rt av BOA (Benny Anderssons Orkester). Alle tre er sentrale representanter for innholdet p\u00e5 CDen: &quot;Klinga mine klockor&quot;, &quot;Nu m\u00e5r jag mycket b\u00e4ttre&quot; (med Bjarte Hjelmeland) og &quot;Det \u00e4r vi \u00e4nd\u00e5&quot; (med Sven Nordin). Orsa Sp\u00e4lman (utspring av BOA) gjester ogs\u00e5 p\u00e5 disse l\u00e5tene. Annbj\u00f8rg Lien og produsent Bj\u00f8rn Ole Rasch bidrar med nyskrevne melodier. Blant annet har de tonesatt Henrik Wergelands barnedikt &quot;Sommerfuglen&quot; (duett med Elisabeths datter Nora). Lien og Rasch har dessuten samarbeidet om en folketone fra Sykkylven, der Bettans mor kommer fra \u2013 med historikk som ber\u00f8rer hennes egen familie. Rolf L\u00f8vlands &quot;Bryllupssang&quot; \u2013 komponistens gave til Bettan og ektemannen Tor i deres bryllup \u2013 er tatt med p\u00e5 CDen. Musikere med bakgrunn fra Secret Garden gj\u00f8r sitt for lydbildet \u2013 blant dem irske Pat Broaders fra Uillian Pipes. Kristiansands Symfoniorkester deltar p\u00e5 innspillingen. P\u00e5 CDen har Bettan dessuten funnet plass til to nyere svenske klassikere: &quot;Gabriellas S\u00e5ng&quot; fra filmen S\u00e5 som i himmelen og sitt barndoms idol Ted G\u00e4rdestads &quot;F\u00f6r k\u00e4rlekens skull&quot;.<\/p>\n<h4>Bj\u00f8rn Ole Rasch<\/h4>\n<p>Produsent Bj\u00f8rn Ole Raschs fleste produksjoner ligger i grenselandet mellom norsk folkemusikk og verdensmusikk. Han har arbeidet med Secret Garden, Annbj\u00f8rg Lien, Sissel Kyrkjeb\u00f8 og er medlem av folkemusikkensemblet Bukkene Bruse. Rasch har dessuten arbeidet med en rekke internasjonale artister, deriblant Sin\u00e9ad O&#8217;Connor, The Chieftains, Hanne Boel og Jose Carreras.<\/p>\n<p><\/p>","protected":false},"excerpt":{"rendered":"<p>\u2013 Her er det l\u00e5ter til \u00e5 bli glad i hele veien. [Arild Berg Karlsen \/ Bergens Tidende]<\/p>\n","protected":false},"featured_media":27018,"comment_status":"closed","ping_status":"open","template":"","meta":[],"product_brand":[],"product_cat":[6],"product_tag":[],"class_list":{"0":"post-650","1":"product","2":"type-product","3":"status-publish","4":"has-post-thumbnail","6":"product_cat-grappa","7":"product_shipping_class-cddvd-shipping","8":"uni_artist_tag-annbjorg-lien","9":"uni_artist_tag-arne-paasche-aasen","10":"uni_artist_tag-benny-andersson","11":"uni_artist_tag-bjarte-hjelmeland","12":"uni_artist_tag-bjorn-ulvaeus","13":"uni_artist_tag-bjorn-ole-rasch","14":"uni_artist_tag-claudia-scott","15":"uni_artist_tag-elisabeth-andreassen","16":"uni_artist_tag-fredrik-sahlander","17":"uni_artist_tag-gunnar-wennerberg","18":"uni_artist_tag-guri-schanke","19":"uni_artist_tag-henrik-engebretsen","20":"uni_artist_tag-ingrid-bjornov","21":"uni_artist_tag-ingrid-wangsvik","22":"uni_artist_tag-jenny-jenssen","23":"uni_artist_tag-kari-gjaerum","24":"uni_artist_tag-kari-iveland","25":"uni_artist_tag-kari-svendsen","26":"uni_artist_tag-kenneth-gardestad","27":"uni_artist_tag-kristiansand-kindergarten-choir-2008","28":"uni_artist_tag-kristiansand-symphony-orchestra","29":"uni_artist_tag-kurt-foss","30":"uni_artist_tag-larsake-leksell","31":"uni_artist_tag-leif-goras","32":"uni_artist_tag-maj-britt-andersen","33":"uni_artist_tag-marian-aas-hansen","34":"uni_artist_tag-monica-hjelle","35":"uni_artist_tag-nils-tore-brunvatne","36":"uni_artist_tag-nils-erik-nicke-gothe","37":"uni_artist_tag-nora-andreassen","38":"uni_artist_tag-olle-moraeus","39":"uni_artist_tag-pat-broaders","40":"uni_artist_tag-per-elias-drablos","41":"uni_artist_tag-per-hillestad","42":"uni_artist_tag-per-erik-perra-moraeus","43":"uni_artist_tag-petter-wettre","44":"uni_artist_tag-reidar-boe","45":"uni_artist_tag-rolf-kristensen","46":"uni_artist_tag-rolf-lovland","47":"uni_artist_tag-stefan-nilsson","48":"uni_artist_tag-sven-nordin","49":"uni_artist_tag-ted-gardestad","50":"uni_artist_tag-tore-braathen","51":"uni_artist_tag-trad","52":"uni_artist_tag-trine-rein","53":"uni_artist_tag-trond-engebretsen","54":"uni_artist_tag-tuva-livsdatter-syvertsen","55":"uni_artist_tag-vidar-lovbrette","56":"uni_main_artist_tag-elisabeth-andreassen","57":"uni_artist_genre-folk-music","58":"uni_artist_genre-pop","59":"uni_artist_genre-singersongwriter","61":"first","62":"instock","63":"taxable","64":"shipping-taxable","65":"purchasable","66":"product-type-simple"},"_links":{"self":[{"href":"https:\/\/grappa.no\/no\/wp-json\/wp\/v2\/product\/650","targetHints":{"allow":["GET"]}}],"collection":[{"href":"https:\/\/grappa.no\/no\/wp-json\/wp\/v2\/product"}],"about":[{"href":"https:\/\/grappa.no\/no\/wp-json\/wp\/v2\/types\/product"}],"replies":[{"embeddable":true,"href":"https:\/\/grappa.no\/no\/wp-json\/wp\/v2\/comments?post=650"}],"wp:featuredmedia":[{"embeddable":true,"href":"https:\/\/grappa.no\/no\/wp-json\/wp\/v2\/media\/27018"}],"wp:attachment":[{"href":"https:\/\/grappa.no\/no\/wp-json\/wp\/v2\/media?parent=650"}],"wp:term":[{"taxonomy":"product_brand","embeddable":true,"href":"https:\/\/grappa.no\/no\/wp-json\/wp\/v2\/product_brand?post=650"},{"taxonomy":"product_cat","embeddable":true,"href":"https:\/\/grappa.no\/no\/wp-json\/wp\/v2\/product_cat?post=650"},{"taxonomy":"product_tag","embeddable":true,"href":"https:\/\/grappa.no\/no\/wp-json\/wp\/v2\/product_tag?post=650"}],"curies":[{"name":"wp","href":"https:\/\/api.w.org\/{rel}","templated":true}]}}