{"id":649,"date":"2009-01-26T00:00:00","date_gmt":"2009-01-25T23:00:00","guid":{"rendered":"http:\/\/www.grappa.no\/albums\/uncategorized\/elisabeth-vatn-piper-on-the-roof\/"},"modified":"2018-10-12T06:39:23","modified_gmt":"2018-10-12T05:39:23","slug":"elisabeth-vatn-piper-on-the-roof","status":"publish","type":"product","link":"https:\/\/grappa.no\/no\/albums\/heilo\/elisabeth-vatn-piper-on-the-roof\/","title":{"rendered":"Elisabeth Vatn &#8211; Piper on the Roof"},"content":{"rendered":"<p><\/p>\n<p>Fanatisk og groovy sekkepipemusikk<\/p>\n<p>Mange sekkepipetradisjoner i verden har de siste ti\u00e5rene v\u00e6rt gjenstand for en revival, slik som den svensk-nordiske tradisjonen tidlig p\u00e5 80-tallet, da man for alvor begynte \u00e5 bygge sekkepiper igjen, og tok opp den tusen\u00e5rige nordiske tradisjonen \u00e5 spille sekkepiper. Elisabeth Vatn er blant de f\u00e5 ut\u00f8verne som bringer den nordiske sekkepipetradisjonen videre. Piper on the Roof, er syngende og sensuell, temperamentsfull, heftig og begeistret, vibrerende, fanatisk og groovy sekkepipemusikk!<\/p>\n<p><!--more--><\/p>\n<p>Elisabeth Vatns nye plate Piper on the Roof, er syngende og sensuell, temperamentsfull, heftig og begeistret, vibrerende, fanatisk og groovy SEKKEPIPEMUSIKK! Samtidig er den en dokumentasjon av instrumenthistorie og videref\u00f8ring av en nordisk musikkarv som knapt har kommet noen for \u00f8re.<\/p>\n<h4>Egne komposisjoner<\/h4>\n<p>P\u00e5 dette albumet er bare tre av l\u00e5tene tradisjonelle, resten er egne komposisjoner.\u00a0Elisabeth Vatn spiller selv svenske\/nordiske sekkepiper, klarinetter, Mer\u00e5kerklarinett, tr\u00f8orgel og andre tangenter, og ledsages av Gjermund Silset (bass), Helge Norbakken (Perkusjon), Olav Torget (Gitarer), og Geir Sundst\u00f8l (Gitarer). Andre musikere p\u00e5 plata er kvederen \u00d8yonn Groven Myhren, den samiske vokalisten Niko Valkeapaa, Tori Snerte (fl\u00f8yter), Anne Hytta (hardingfele) og Tellef Kvifte (fl\u00f8yte). Innspillingen er produsert av Vatn og Silset.<\/p>\n<h4>En lang musikalsk reise<\/h4>\n<p>Elisabeth Vatn begynte \u00e5 spille sekkepipe \u2013 Guida &#8211; under et opphold i Makedonia i 1993. Men dette var f\u00f8r hun oppdaget at det faktisk fantes en nordisk \u2013 svensk variant. Det ble begynnelsen p\u00e5 en lang musikalsk reise, geografisk og estetisk, som ut\u00f8ver og innenfor perspektivet av arbeider p\u00e5 feltet Etnomusikologi. Som musiker jobber hun p\u00e5 tvers av ulike stilistiske grenser, fra klassisk musikk, improvisert og rytmisk musikk, til folke- og verdensmusikk, og har mange Cd-utgivelser bak seg med band som Tigerlily, Chateau Neuf Spelemannslag, Harnihomba, og duo-klaverinnspillingen av\u00a0Olivier Messiaens\u2019 verk Visions de L\u2019Amen.<\/p>\n<h4><\/h4>\n<\/p>\n<p><\/p>","protected":false},"excerpt":{"rendered":"<p>Elisabeth Vatn er blant de f\u00e5 ut\u00f8verne som bringer den nordiske sekkepipetradisjonen videre.<\/p>\n","protected":false},"featured_media":27259,"comment_status":"closed","ping_status":"open","template":"","meta":[],"product_brand":[],"product_cat":[35],"product_tag":[],"class_list":{"0":"post-649","1":"product","2":"type-product","3":"status-publish","4":"has-post-thumbnail","6":"product_cat-heilo","7":"product_shipping_class-cddvd-shipping","8":"uni_artist_tag-anne-hytta","9":"uni_artist_tag-elisabeth-vatn","10":"uni_artist_tag-geir-sundstol","11":"uni_artist_tag-gjermund-silset","12":"uni_artist_tag-helge-andreas-norbakken","13":"uni_artist_tag-niko-valkeapaa","14":"uni_artist_tag-olav-torget","15":"uni_artist_tag-oyonn-groven-myhren","16":"uni_artist_tag-reidar-skar","17":"uni_artist_tag-tellef-kvifte","18":"uni_artist_tag-tori-snerte","19":"uni_artist_tag-trad","20":"uni_main_artist_tag-elisabeth-vatn","21":"uni_artist_genre-folk-music","22":"uni_artist_genre-world","24":"first","25":"instock","26":"sale","27":"taxable","28":"shipping-taxable","29":"purchasable","30":"product-type-simple"},"_links":{"self":[{"href":"https:\/\/grappa.no\/no\/wp-json\/wp\/v2\/product\/649","targetHints":{"allow":["GET"]}}],"collection":[{"href":"https:\/\/grappa.no\/no\/wp-json\/wp\/v2\/product"}],"about":[{"href":"https:\/\/grappa.no\/no\/wp-json\/wp\/v2\/types\/product"}],"replies":[{"embeddable":true,"href":"https:\/\/grappa.no\/no\/wp-json\/wp\/v2\/comments?post=649"}],"wp:featuredmedia":[{"embeddable":true,"href":"https:\/\/grappa.no\/no\/wp-json\/wp\/v2\/media\/27259"}],"wp:attachment":[{"href":"https:\/\/grappa.no\/no\/wp-json\/wp\/v2\/media?parent=649"}],"wp:term":[{"taxonomy":"product_brand","embeddable":true,"href":"https:\/\/grappa.no\/no\/wp-json\/wp\/v2\/product_brand?post=649"},{"taxonomy":"product_cat","embeddable":true,"href":"https:\/\/grappa.no\/no\/wp-json\/wp\/v2\/product_cat?post=649"},{"taxonomy":"product_tag","embeddable":true,"href":"https:\/\/grappa.no\/no\/wp-json\/wp\/v2\/product_tag?post=649"}],"curies":[{"name":"wp","href":"https:\/\/api.w.org\/{rel}","templated":true}]}}