{"id":648,"date":"2009-01-12T00:00:00","date_gmt":"2009-01-11T23:00:00","guid":{"rendered":"http:\/\/www.grappa.no\/albums\/uncategorized\/onsdag\/"},"modified":"2016-11-18T16:35:02","modified_gmt":"2016-11-18T15:35:02","slug":"onsdag","status":"publish","type":"product","link":"https:\/\/grappa.no\/no\/albums\/grappa\/onsdag\/","title":{"rendered":"Onsdag"},"content":{"rendered":"<p><\/p>\n<p>Original visepop fra Huuse<\/p>\n<p>Onsdag er et n\u00e6rt og personlig album med h\u00f8y gjenkjennelsesfaktor. Med skarpt blikk skildrer Kaia Huuse hverdagen, b\u00e5de dens gode og vonde sider. Onsdag er Huuses sjette album og f\u00f8lger i fotsporene til det kritikerroste albumet Trist og fint (2004). Igjen viser hun at hun briljerer i visesjangeren: Onsdag tar i bruk og hedrer disse musikalske tradisjonene, men b\u00e6rer samtidig preg av den kreative integriteten og originaliteten som Huuse er blitt kjent for i l\u00f8pet av sin karriere.<\/p>\n<p><!--more--><\/p>\n<p>Kaia Huuse hyller hverdagen.<\/p>\n<h4>Hyllest til hverdagen<\/h4>\n<p>Onsdag er p\u00e5 mange m\u00e5ter en hyllest til det hverdagslige og tekstene kretser upretensi\u00f8st rundt det dagligdagse i mellommenneskelige relasjoner. L\u00e5tene er pakket inn i vakre arrangementer og Huuses myke og melodi\u00f8se stemme skaper nydelige stemninger ut av materialet. De varme og lavm\u00e6lte melodiene betyr imidlertid ikke at tekstene er blitt mindre skarpe: de er kraftfulle og tankevekkende slik vi er vant med fra Huuses tidligere utgivelser.<\/p>\n<h4>Nyskapende viser<\/h4>\n<p>Huuse veksler lett mellom ulike aspekter ved hverdagslivet, enten det er i s\u00e5re skildringer av vanskelige kj\u00e6rlighetsforhold, slik som i \u201dGlemmesang\u201d og \u201dHan fyller hele meg\u201d, eller i alvorsfulle og spissfindige betraktninger av dagligdagse ting, slik som i \u201dBare ha deg\u201d og \u201dDe sm\u00e5 husene\u201d. Onsdag er Huuses sjette album og er en sterk og nydelig oppf\u00f8lger til det kritikerroste albumet Trist og fint fra 2004. Nok en gang briljerer Huuse i visesjangeren. L\u00e5tene tar i bruk og hedrer disse musikalske tradisjonene, men b\u00e6rer samtidig preg av den kreative integriteten og originaliteten som Huuse er blitt kjent for i l\u00f8pet av sin karriere.<\/p>\n<h4><\/h4>\n<\/p>\n<p><\/p>","protected":false},"excerpt":{"rendered":"<p>Huuse briljerer i visesjangeren.<\/p>\n","protected":false},"featured_media":27024,"comment_status":"closed","ping_status":"open","template":"","meta":[],"product_brand":[],"product_cat":[6],"product_tag":[],"class_list":{"0":"post-648","1":"product","2":"type-product","3":"status-publish","4":"has-post-thumbnail","6":"product_cat-grappa","7":"product_shipping_class-cddvd-shipping","8":"uni_artist_tag-frode-berntzen","9":"uni_artist_tag-grete-berntzen","10":"uni_artist_tag-jenny-skumsnes-moe","11":"uni_artist_tag-kaia-huuse","12":"uni_artist_tag-lise-sorensen","13":"uni_artist_tag-trond-augland","14":"uni_artist_tag-vegar-ellevseth","15":"uni_main_artist_tag-kaia-huuse","16":"uni_artist_genre-norwegian","17":"uni_artist_genre-pop","18":"uni_artist_genre-singersongwriter","20":"first","21":"instock","22":"taxable","23":"shipping-taxable","24":"purchasable","25":"product-type-simple"},"_links":{"self":[{"href":"https:\/\/grappa.no\/no\/wp-json\/wp\/v2\/product\/648","targetHints":{"allow":["GET"]}}],"collection":[{"href":"https:\/\/grappa.no\/no\/wp-json\/wp\/v2\/product"}],"about":[{"href":"https:\/\/grappa.no\/no\/wp-json\/wp\/v2\/types\/product"}],"replies":[{"embeddable":true,"href":"https:\/\/grappa.no\/no\/wp-json\/wp\/v2\/comments?post=648"}],"wp:featuredmedia":[{"embeddable":true,"href":"https:\/\/grappa.no\/no\/wp-json\/wp\/v2\/media\/27024"}],"wp:attachment":[{"href":"https:\/\/grappa.no\/no\/wp-json\/wp\/v2\/media?parent=648"}],"wp:term":[{"taxonomy":"product_brand","embeddable":true,"href":"https:\/\/grappa.no\/no\/wp-json\/wp\/v2\/product_brand?post=648"},{"taxonomy":"product_cat","embeddable":true,"href":"https:\/\/grappa.no\/no\/wp-json\/wp\/v2\/product_cat?post=648"},{"taxonomy":"product_tag","embeddable":true,"href":"https:\/\/grappa.no\/no\/wp-json\/wp\/v2\/product_tag?post=648"}],"curies":[{"name":"wp","href":"https:\/\/api.w.org\/{rel}","templated":true}]}}