{"id":645,"date":"2013-04-19T00:00:00","date_gmt":"2013-04-18T23:00:00","guid":{"rendered":"http:\/\/www.grappa.no\/albums\/uncategorized\/klaus-egge-piano-trio-sonata-for-violin-and-piano-duo-concertante\/"},"modified":"2019-02-22T16:03:35","modified_gmt":"2019-02-22T15:03:35","slug":"klaus-egge-piano-trio-sonata-for-violin-and-piano-duo-concertante","status":"publish","type":"product","link":"https:\/\/grappa.no\/no\/albums\/simax-classics\/klaus-egge-piano-trio-sonata-for-violin-and-piano-duo-concertante\/","title":{"rendered":"Klaus Egge: Piano Trio, Sonata for Violin and Piano, Duo Concertante"},"content":{"rendered":"<p><\/p>\n<p>Klaus Egges kammermusikk<\/p>\n<p>Klaus Egge regnes blant de mest sentrale skikkelsene i det nordiske musikklivet p\u00e5 1900-tallet, og har v\u00e6rt avgj\u00f8rende for framveksten av et nytt, norsk tonespr\u00e5k. Einar Henning Smebye og Tor Johan B\u00f8en har hentet fram kammermusikk fra hele komponistens karriere, et av dem utgis n\u00e5 for f\u00f8rste gang.<\/p>\n<p>Fiolinsonaten fra 1932 er et av Egges tidlige verker, og viser tydelig inspirasjonen fra folkemusikken, s\u00e6rlig fra hjemfylket Telemark. Allerede her kan vi h\u00f8re hans uvanlige og dissonerende tonespr\u00e5k. Mens klavertrioen er et av Egges hyppigst fremf\u00f8rte stykker, og regnes som noe av det fremste innen norsk kammermusikk, har den meget virtuose og uttrykksfulle Duo Concertante for fiolin og bratsj, komponert 1945\u201351, f\u00e5tt langt mindre oppmerksomhet og er blitt lite fremf\u00f8rt. Den har tidvis r\u00f8tter i folkemusikken, men er skrevet i et mer europeisk tonespr\u00e5k.<\/p>\n<p><!--more--><\/p>\n<p>Klaus Egge (1906\u20131979) var en ruvende skikkelse i nordisk musikkliv, og er blant de mest fremf\u00f8rte norske komponistene.<\/p>\n<h4>Musikalsk utvikling<\/h4>\n<p>Klaus Egges produksjon deles gjerne inn i tre perioder, og stykkene p\u00e5 denne utgivelsen er representative for hver av disse tre periodene. Utvalget viser den stadige utviklingen i hans komposisjonsarbeid. Tidlig er Egge tydelig inspirert av norsk sl\u00e5ttemusikk kombinert med polyfoni og klassisk form. Det karakteristiske sterke rytmiske drivet preger hele Egges kompositoriske virke.<\/p>\n<h4>Sonate for fiolin og piano \u00b7 Piano Trio \u00b7 Duo Concertante<\/h4>\n<p>Fiolinsonaten fra 1932 er et av Egges tidlige verker, og viser tydelig inspirasjonen fra folkemusikken, s\u00e6rlig fra hjemfylket Telemark. Allerede her kan vi h\u00f8re hans uvanlige og dissonerende tonespr\u00e5k. N\u00e5r han 9 \u00e5r senere f\u00e5r sitt gjennombrudd som komponist med klavertrioen, er det fortsatt folkemusikken som er inspirasjonen, men tonespr\u00e5ket er utviklet videre med en mer massiv og stram polytonalitet som han senere alltid skal benytte seg av. Mens klavertrioen er et av Egges hyppigst fremf\u00f8rte stykker, og regnes som noe av det fremste innen norsk kammermusikk, har den meget virtuose og uttrykksfulle Duo Concertante for fiolin og bratsj, komponert 1945\u201351, f\u00e5tt langt mindre oppmerksomhet og er blitt lite fremf\u00f8rt. Den har tidvis r\u00f8tter i folkemusikken, men er skrevet i et mer europeisk tonespr\u00e5k. Stykket ble av mange kritikere oppfattet som sv\u00e6rt utfordrende i sin frie tonalitet og sin l\u00f8srivelse fra den tradisjonelle melodif\u00f8ringen \u2013 en utfordring som kanskje passer dagens lyttervaner bedre.<\/p>\n<h4>Klaus Egge<\/h4>\n<p>Klaus Egge (1906\u20131979) er en av de norske komponistene som er mest oppf\u00f8rt innen- og utenlands, og flere av hans arbeider er blitt standardrepertoar i Norge. Egge tok organisteksamen ved Musikkonservatoriet i Oslo i 1929, og studerte deretter bl.a. komposisjon hos Fartein Valen. I perioden 1937\u201338 studerte han med professor Walter Gmeindl ved Musikkh\u00f8yskolen i Berlin. Egge regnes som en av Norges ledende symfonikere etter krigen, og st\u00e5r bak flere st\u00f8rre verker, deriblant fem symfonier, tre klaverkonserter, en fiolinkonsert og en cellokonsert. Kammermusikkverkene har ogs\u00e5 en sentral plass; her finner vi en strykekvartett, en klavertrio, to bl\u00e5sekvintetter, en fiolinsonate og en rekke klaververker. Egge har f\u00e5tt tildelt en rekke priser og utmerkelser, deriblant Norsk Kulturr\u00e5ds \u00c6respris i 1972. Han var ogs\u00e5 Kommand\u00f8r av St. Olavs Orden og av Den islandske Falkeorden. Egge var en sentral skikkelse i norsk og nordisk musikkliv, og var i tillegg til arbeidet som komponist aktiv i en rekke verv, blant annet som mange\u00e5rig formann i Norsk komponistforening. Han var en iherdig forkjemper for det profesjonelle musikklivet i Norge, og har v\u00e6rt helt avgj\u00f8rende for utviklingen av dette.<\/p>\n<p><\/p>","protected":false},"excerpt":{"rendered":"<p>Einar Henning Smebye og Tor Johan B\u00f8en har hentet fram kammermusikk fra hele komponistens karriere, et av verkene utgis n\u00e5 for f\u00f8rste gang.<\/p>\n","protected":false},"featured_media":27586,"comment_status":"closed","ping_status":"open","template":"","meta":[],"product_brand":[],"product_cat":[180],"product_tag":[],"class_list":{"0":"post-645","1":"product","2":"type-product","3":"status-publish","4":"has-post-thumbnail","6":"product_cat-simax-classics","7":"product_shipping_class-cddvd-shipping","8":"uni_artist_tag-benedicte-royer","9":"uni_artist_tag-einar-henning-smebye","10":"uni_artist_tag-johannes-martens","11":"uni_artist_tag-klaus-egge","12":"uni_artist_tag-stephen-frost","13":"uni_artist_tag-tor-johan-boen","14":"uni_main_artist_tag-einar-henning-smebye","15":"uni_artist_genre-chamber-music","16":"uni_artist_genre-classical","17":"uni_artist_genre-world-premiere-recording","19":"first","20":"instock","21":"taxable","22":"shipping-taxable","23":"purchasable","24":"product-type-simple"},"_links":{"self":[{"href":"https:\/\/grappa.no\/no\/wp-json\/wp\/v2\/product\/645","targetHints":{"allow":["GET"]}}],"collection":[{"href":"https:\/\/grappa.no\/no\/wp-json\/wp\/v2\/product"}],"about":[{"href":"https:\/\/grappa.no\/no\/wp-json\/wp\/v2\/types\/product"}],"replies":[{"embeddable":true,"href":"https:\/\/grappa.no\/no\/wp-json\/wp\/v2\/comments?post=645"}],"wp:featuredmedia":[{"embeddable":true,"href":"https:\/\/grappa.no\/no\/wp-json\/wp\/v2\/media\/27586"}],"wp:attachment":[{"href":"https:\/\/grappa.no\/no\/wp-json\/wp\/v2\/media?parent=645"}],"wp:term":[{"taxonomy":"product_brand","embeddable":true,"href":"https:\/\/grappa.no\/no\/wp-json\/wp\/v2\/product_brand?post=645"},{"taxonomy":"product_cat","embeddable":true,"href":"https:\/\/grappa.no\/no\/wp-json\/wp\/v2\/product_cat?post=645"},{"taxonomy":"product_tag","embeddable":true,"href":"https:\/\/grappa.no\/no\/wp-json\/wp\/v2\/product_tag?post=645"}],"curies":[{"name":"wp","href":"https:\/\/api.w.org\/{rel}","templated":true}]}}