{"id":644,"date":"2011-08-05T00:00:00","date_gmt":"2011-08-04T23:00:00","guid":{"rendered":"http:\/\/www.grappa.no\/albums\/uncategorized\/geirr-tveitt-from-a-travel-diary\/"},"modified":"2019-02-22T16:03:32","modified_gmt":"2019-02-22T15:03:32","slug":"geirr-tveitt-from-a-travel-diary","status":"publish","type":"product","link":"https:\/\/grappa.no\/no\/albums\/simax-classics\/geirr-tveitt-from-a-travel-diary\/","title":{"rendered":"Geirr Tveitt: From a Travel Diary"},"content":{"rendered":"<p><\/p>\n<p>Nytt fra Geirr Tveitt!<\/p>\n<p>Dr\u00f8mmende, eksotisk og egenartet. Geirr Tveitt fortsetter \u00e5 overraske og glede med &#8216;nytt&#8217; materiale \u2013 30 \u00e5r p\u00e5 overtid. Geirr Tveitt er en udiskutabel hovedskikkelse i norsk skapende tonekunst. Denne utgivelsen bringer et knippe kammermusikalske verker som aldri tidligere har v\u00e6rt \u00e5 h\u00f8re p\u00e5 plate, musikk som utvider v\u00e5r forst\u00e5else av Tveitts unike musikalske gave. <\/p>\n<p>Ikke noe i Norsk musikkhistorie er innhyllet i s\u00e5 mye mystikk og forvirring som Geirr Tveitt (1908-1981) og hans verkliste \u2013 katalogen teller over 250 opus.  Brannen p\u00e5 familieg\u00e5rden i 1970 skal ha fort\u00e6rt det meste av hans musikk. De siste \u00e5rene har det dukket opp tidligere ukjente kopier av flere verk fra Tveitts h\u00e5nd. Tor Johan B\u00f8en har rekonstruert notemateriale for kammerbesetning for denne utgivelsen, musikk som lar oss m\u00f8te Tveitt p\u00e5 sitt mest maleriske.<\/p>\n<p><!--more--><\/p>\n<p>Dr\u00f8mmende, eksotisk og egenartet. Geirr Tveitt fortsetter \u00e5 overraske og glede med &#8216;nytt&#8217; materiale \u2013 30 \u00e5r p\u00e5 overtid.<\/p>\n<h4>Mysteriet Tveitt<\/h4>\n<p>Ikke noe i Norsk musikkhistorie er innhyllet i s\u00e5 mye mystikk og forvirring som Geirr Tveitt (1908-1981) og hans verkliste \u2013 katalogen teller over 250 opus.  Brannen p\u00e5 familieg\u00e5rden i 1970 skal ha fort\u00e6rt det meste av hans musikk. De siste \u00e5rene har det dukket opp tidligere ukjente kopier av flere verk fra Tveitts h\u00e5nd. Tor Johan B\u00f8en har rekonstruert notemateriale for kammerbesetning for denne utgivelsen, musikk som lar oss m\u00f8te Tveitt p\u00e5 sitt mest maleriske.<\/p>\n<h4>Fr\u00e5 ei reisedagbok<\/h4>\n<p>Dette er kanskje litt uvanlige toneganger fra Tveitt \u2013 med klare stiltrekk fra Middelhavslandenes tradisjonsmusikk. For strykekvartett, men skrevet i suite-form med 8 satser der titlene er beskrivende som Via Appia, Stjernehimmel over Sahara osv. Originalpartituret til dette verket er, som s\u00e5 ofte med Tveitt, forsvunnet. En av satsene i verket har B\u00f8en rekonstruert fra et gammelt NRK-opptak. Og ja; coverbildet er av Geirr Tveitt \u2013 p\u00e5 dromedar-rygg i Afrika!<\/p>\n<h4>Husguden \u2013 ballettmusikk om konfliktene mellom den gamle og den nye tid<\/h4>\n<p>I \u00e5rene like f\u00f8r 2. verdenskrig var Tveitt sv\u00e6rt produktiv, blant annet med musikk til to gigantiske balletter (deriblant Baldurs Draumar) og \u00e9n opera. Til 1956 fikk han bestilling fra Festspillene i Bergen p\u00e5 en ny ballett, Husguden. En kammerbesetning var alt budsjettet for denne friluftsballetten kunne romme. Tveitt eksellerer i bruken av norske danseformer som halling, rull, springar og gangar i denne balletten i 12 scener.<\/p>\n<p><\/p>","protected":false},"excerpt":{"rendered":"<p>Geirr Tveitt er en udiskutabel hovedskikkelse i norsk skapende tonekunst.<\/p>\n","protected":false},"featured_media":27600,"comment_status":"closed","ping_status":"open","template":"","meta":[],"product_brand":[],"product_cat":[180],"product_tag":[],"class_list":{"0":"post-644","1":"product","2":"type-product","3":"status-publish","4":"has-post-thumbnail","6":"product_cat-simax-classics","7":"product_shipping_class-cddvd-shipping","8":"uni_artist_tag-fragaria-vesca","9":"uni_artist_tag-geirr-tveitt","10":"uni_artist_tag-tony-harrison","11":"uni_main_artist_tag-fragaria-vesca","12":"uni_artist_genre-chamber","13":"uni_artist_genre-classical","14":"uni_artist_genre-strings","15":"uni_artist_genre-world-premiere-recording","17":"first","18":"instock","19":"taxable","20":"shipping-taxable","21":"purchasable","22":"product-type-simple"},"_links":{"self":[{"href":"https:\/\/grappa.no\/no\/wp-json\/wp\/v2\/product\/644","targetHints":{"allow":["GET"]}}],"collection":[{"href":"https:\/\/grappa.no\/no\/wp-json\/wp\/v2\/product"}],"about":[{"href":"https:\/\/grappa.no\/no\/wp-json\/wp\/v2\/types\/product"}],"replies":[{"embeddable":true,"href":"https:\/\/grappa.no\/no\/wp-json\/wp\/v2\/comments?post=644"}],"wp:featuredmedia":[{"embeddable":true,"href":"https:\/\/grappa.no\/no\/wp-json\/wp\/v2\/media\/27600"}],"wp:attachment":[{"href":"https:\/\/grappa.no\/no\/wp-json\/wp\/v2\/media?parent=644"}],"wp:term":[{"taxonomy":"product_brand","embeddable":true,"href":"https:\/\/grappa.no\/no\/wp-json\/wp\/v2\/product_brand?post=644"},{"taxonomy":"product_cat","embeddable":true,"href":"https:\/\/grappa.no\/no\/wp-json\/wp\/v2\/product_cat?post=644"},{"taxonomy":"product_tag","embeddable":true,"href":"https:\/\/grappa.no\/no\/wp-json\/wp\/v2\/product_tag?post=644"}],"curies":[{"name":"wp","href":"https:\/\/api.w.org\/{rel}","templated":true}]}}