{"id":643,"date":"2008-11-17T00:00:00","date_gmt":"2008-11-16T23:00:00","guid":{"rendered":"http:\/\/www.grappa.no\/albums\/uncategorized\/quietly-to-the-fields\/"},"modified":"2016-11-18T16:34:59","modified_gmt":"2016-11-18T15:34:59","slug":"quietly-to-the-fields","status":"publish","type":"product","link":"https:\/\/grappa.no\/no\/albums\/grappa\/quietly-to-the-fields\/","title":{"rendered":"Quietly To The Fields"},"content":{"rendered":"<p><\/p>\n<p>Torbj\u00f8rn Dyrud: Quietly To The Fields<\/p>\n<p>Reflekterende, intimt, melodisk og vakkert er ord som best kan beskrive utfallet n\u00e5r Torbj\u00f8rn Dyrud utgir sitt f\u00f8rste soloalbum. Dyrud er en av flere unge musikere og komponister i sin generasjon som uten besv\u00e6r beveger seg p\u00e5 kryss og tvers av ulike uttrykk. Jazzen har han hatt et sterkt forhold til siden oppveksten p\u00e5 Toten, hvor musikklinje og ten-sing stod sentralt, senere avl\u00f8st av studier i komposisjon og kirkemusikk. Hele tiden har interessen for improvisasjon v\u00e6rt en r\u00f8d tr\u00e5d. St\u00f8rsteparten av materialet p\u00e5 albumet er fritt improviserte pianostykker innspilt i legendariske Rainbow Studio og Kampen Kirke, der Dyrud tidligere var organist. Som improvisat\u00f8r imponerer han b\u00e5de med sin formsans og en rik melodisk \u00e5re. Albumet inneholder ogs\u00e5 et knippe knallsterke originalkomposisjoner fra Dyruds h\u00e5nd, og p\u00e5 disse har han f\u00e5tt med seg to allsidige musikere som ikke beh\u00f8ver noen n\u00e6rmere presentasjon: Stian Carstensen p\u00e5 kaval og akkordion og Mathias Eick p\u00e5 kontrabass og trompet.<\/p>\n<p><!--more--><\/p>\n<p>Reflekterende, intimt, melodisk og vakkert er ord som best kan beskrive utfallet n\u00e5r Torbj\u00f8rn Dyrud utgir sitt f\u00f8rste soloalbum.<\/p>\n<h4>Improvisasjoner<\/h4>\n<p>St\u00f8rsteparten av materialet p\u00e5 \u201cQuietly To The Fields\u201d er fritt improviserte pianostykker innspilt  i legendariske Rainbow Studio og Kampen Kirke, der Torbj\u00f8rn Dyrud tidligere var organist. Som improvisat\u00f8r imponerer Dyrud b\u00e5de med sin formsans og en rik melodisk \u00e5re. Albumet inneholder ogs\u00e5 et knippe knallsterke originalkomposisjoner fra Dyruds h\u00e5nd, og p\u00e5 disse har han f\u00e5tt med seg to allsidige musikere som ikke beh\u00f8ver noen n\u00e6rmere presentasjon: Stian Carstensen p\u00e5 kaval og akkordion og Mathias Eick p\u00e5 kontrabass og trompet.<\/p>\n<h4>Torbj\u00f8rn Dyrud<\/h4>\n<p>Torbj\u00f8rn Dyrud (1974) har studert ved Norges musikkh\u00f8gskole og Musikh\u00f6gskolan i Stockholm, og arbeider som musiker, komponist og dirigent. Han har skrevet musikk for flere av landets beste kor, og hans musikk er framf\u00f8rt i Sverige, Danmark, Finland, Tyskland, USA og New Zealand. Han fikk i 2004 Tonos EDVARD-pris for verket Lovesong I. Som pianist og organist arbeider han prim\u00e6rt med improvisasjon og har i tillegg til Mathias Eick og Stian Carstensen, samarbeidet med Mats Eilertsen, Arve Henriksen, Christian Wallumr\u00f8d, Gaute Sol\u00e5s, Tora Augestad og Oslo Fagottkor.<\/p>\n<h4><\/h4>\n<\/p>\n<p><\/p>","protected":false},"excerpt":{"rendered":"<p>Spennende solodebut fra Torbj\u00f8rn Dyrud.<\/p>\n","protected":false},"featured_media":27016,"comment_status":"closed","ping_status":"open","template":"","meta":[],"product_brand":[],"product_cat":[6],"product_tag":[],"class_list":{"0":"post-643","1":"product","2":"type-product","3":"status-publish","4":"has-post-thumbnail","6":"product_cat-grappa","7":"product_shipping_class-cddvd-shipping","8":"uni_artist_tag-magnus-beite","9":"uni_artist_tag-mathias-eick","10":"uni_artist_tag-stian-carstensen","11":"uni_artist_tag-torbjorn-dyrud","12":"uni_main_artist_tag-torbjorn-dyrud","13":"uni_artist_genre-impro","14":"uni_artist_genre-standard","16":"first","17":"instock","18":"taxable","19":"shipping-taxable","20":"purchasable","21":"product-type-simple"},"_links":{"self":[{"href":"https:\/\/grappa.no\/no\/wp-json\/wp\/v2\/product\/643","targetHints":{"allow":["GET"]}}],"collection":[{"href":"https:\/\/grappa.no\/no\/wp-json\/wp\/v2\/product"}],"about":[{"href":"https:\/\/grappa.no\/no\/wp-json\/wp\/v2\/types\/product"}],"replies":[{"embeddable":true,"href":"https:\/\/grappa.no\/no\/wp-json\/wp\/v2\/comments?post=643"}],"wp:featuredmedia":[{"embeddable":true,"href":"https:\/\/grappa.no\/no\/wp-json\/wp\/v2\/media\/27016"}],"wp:attachment":[{"href":"https:\/\/grappa.no\/no\/wp-json\/wp\/v2\/media?parent=643"}],"wp:term":[{"taxonomy":"product_brand","embeddable":true,"href":"https:\/\/grappa.no\/no\/wp-json\/wp\/v2\/product_brand?post=643"},{"taxonomy":"product_cat","embeddable":true,"href":"https:\/\/grappa.no\/no\/wp-json\/wp\/v2\/product_cat?post=643"},{"taxonomy":"product_tag","embeddable":true,"href":"https:\/\/grappa.no\/no\/wp-json\/wp\/v2\/product_tag?post=643"}],"curies":[{"name":"wp","href":"https:\/\/api.w.org\/{rel}","templated":true}]}}