{"id":642,"date":"2008-11-24T00:00:00","date_gmt":"2008-11-23T23:00:00","guid":{"rendered":"http:\/\/www.grappa.no\/albums\/uncategorized\/lill-lindfors-coastlines\/"},"modified":"2016-11-18T16:34:58","modified_gmt":"2016-11-18T15:34:58","slug":"lill-lindfors-coastlines","status":"publish","type":"product","link":"https:\/\/grappa.no\/no\/albums\/grappa\/lill-lindfors-coastlines\/","title":{"rendered":"Lill Lindfors: Coastlines"},"content":{"rendered":"<p><\/p>\n<p>Lindfors og Bj\u00f8rnstad<\/p>\n<p>\u201dCoastlines\u201d er Lill Lindfors sin plate. All musikken er skrevet som en hyllest fra hennes samarbeidspartner gjennom tredve \u00e5r, Ketil Bj\u00f8rnstad. \u201dMelodiene har tatt form mens jeg har hatt hennes unike stemme i \u00f8rene. \u201d skriver han i tekstheftet.  Lill Lindfors har hatt en utrolig karriere.  I l\u00f8pet av sin 45 \u00e5r i bransjen v\u00e6rt involvert i det meste, s\u00e5 lenge det har med \u00e5 st\u00e5 p\u00e5 en scene i gj\u00f8re. Hun er fortsatt en av Skandinavias mest popul\u00e6re entertainere. Som sanger har hun mottatt tallrike gullplater. Hun er komponist og tekstforfatter, skuespiller innen film og teater og UNICEF ambassad\u00f8r. <\/p>\n<p>Da Ketil Bj\u00f8rnstad fikk i oppdrag \u00e5 skrive et bestillingsverk til Canal Street festivalen i Arendal i 2007 kom arbeidstittelen \u201dCoastlines\u201d fort p\u00e5 blokka. Det samme gjorde navnet til Lill. Tirsdag 24.juli i Arendal kulturhus ble verket urfremf\u00f8rt foran et entusiastisk publikum. P\u00e5 scenen stod foruten Lindfors og Bj\u00f8rnstad, et solid lag med musikere: Nora Taksdal, Svein Dag Hauge, Arild Andersen og Alex Riel. Rainbow studio gjorde et liveopptak som i ettertid har blitt bearbeidet og mikset av Jan Erik Kongshaug. \u201dCoastlines\u201d danner sammen med \u201dSeafarers song\u201d med bl.a Kristin Asbj\u00f8rnsen og \u201dGrace\u201d med Anneli Drecker en triologi.<\/p>\n<p>P\u00e5 \u201dCoastlines\u201d st\u00e5r de flotte sangene tett som sild i t\u00f8nne \u2013 og Lill Lindfors formidler dem p\u00e5 sitt sterke og helt personlige vis.<\/p>\n<p><!--more--><\/p>\n<p>\u201dCoastlines\u201d er Lill Lindfors sin plate. All musikken er skrevet som en hyllest fra hennes samarbeidspartner gjennom tredve \u00e5r, Ketil Bj\u00f8rnstad. \u201dMelodiene har tatt form mens jeg har hatt hennes unike stemme i \u00f8rene. \u201d skriver han i tekstheftet. \u201dVi har funnet hverandre gjennom flere litter\u00e6rt-musikalske prosjekter(&#8230;)Harry Martinsons \u201dAniara\u201d, \u201dSalomos H\u00f8ysang\u201d fra Gammeltestamentet og den finlands-svenske lyrikeren Edith S\u00f8dergran. Dessuten var hun min musikalske \u201dOda\u201d p\u00e5 \u201dLeve Patagonia\u201d fra 1978. Jeg er henne evig takknemlig.\u201d<\/p>\n<h4>Bestillingsverk fra Arendal<\/h4>\n<p>Da Ketil Bj\u00f8rnstad fikk i oppdrag \u00e5 skrive et bestillingsverk til Canal Street festivalen i Arendal i 2007 kom arbeidstittelen \u201dCoastlines\u201d fort p\u00e5 blokka. Det samme gjorde navnet til Lill. Tirsdag 24.juli ble verket urfremf\u00f8rt foran et entusiastisk publikum i Arendal kulturhus. P\u00e5 scenen stod foruten Lindfors og Bj\u00f8rnstad, et solid lag med musikere: Nora Taksdal, Svein Dag Hauge, Arild Andersen og Alex Riel. Rainbow studio gjorde et liveopptak som i ettertid har blitt bearbeidet og mikset av Jan Erik Kongshaug. \u201dCoastlines\u201d danner en triologi sammen med suksessplatene \u201dSeafarers song\u201d med bl.a Kristin Asbj\u00f8rnsen og \u201dGrace\u201d med Anneli Drecker.<\/p>\n<p>Ketil Bj\u00f8rnstad har sterke b\u00e5nd til kystlinjene p\u00e5 S\u00f8rlandet. Han bodde p\u00e5 Sand\u00f8ya i mange \u00e5r og har ogs\u00e5 r\u00f8tter i og mange musikalske minner fra Arendal. Han har ogs\u00e5 tidligere tatt skrevet musikk rundt temaer som sj\u00f8 og kyst. P\u00e5 \u201dCoastlines\u201d st\u00e5r de flotte sangene tett som sild i t\u00f8nne \u2013 og Lill Lindfors formidler dem p\u00e5 sitt sterke og helt personlige vis.<\/p>\n<h4><\/h4>\n<p><h4><\/h4>\n<\/p>\n<p><\/p>","protected":false},"excerpt":{"rendered":"<p>Bj\u00f8rnstads hyllest til kysten og til Lill Lindfors.<\/p>\n","protected":false},"featured_media":27019,"comment_status":"closed","ping_status":"open","template":"","meta":[],"product_brand":[],"product_cat":[6],"product_tag":[],"class_list":{"0":"post-642","1":"product","2":"type-product","3":"status-publish","4":"has-post-thumbnail","6":"product_cat-grappa","7":"product_shipping_class-cddvd-shipping","8":"uni_artist_tag-alex-riel","9":"uni_artist_tag-arild-andersen","10":"uni_artist_tag-ketil-bjornstad","11":"uni_artist_tag-lill-lindfors","12":"uni_artist_tag-nora-taksdal-viken","13":"uni_artist_tag-svein-dag-hauge","14":"uni_main_artist_tag-lill-lindfors","15":"uni_artist_genre-standard","16":"uni_artist_genre-vise","18":"first","19":"instock","20":"taxable","21":"shipping-taxable","22":"purchasable","23":"product-type-simple"},"_links":{"self":[{"href":"https:\/\/grappa.no\/no\/wp-json\/wp\/v2\/product\/642","targetHints":{"allow":["GET"]}}],"collection":[{"href":"https:\/\/grappa.no\/no\/wp-json\/wp\/v2\/product"}],"about":[{"href":"https:\/\/grappa.no\/no\/wp-json\/wp\/v2\/types\/product"}],"replies":[{"embeddable":true,"href":"https:\/\/grappa.no\/no\/wp-json\/wp\/v2\/comments?post=642"}],"wp:featuredmedia":[{"embeddable":true,"href":"https:\/\/grappa.no\/no\/wp-json\/wp\/v2\/media\/27019"}],"wp:attachment":[{"href":"https:\/\/grappa.no\/no\/wp-json\/wp\/v2\/media?parent=642"}],"wp:term":[{"taxonomy":"product_brand","embeddable":true,"href":"https:\/\/grappa.no\/no\/wp-json\/wp\/v2\/product_brand?post=642"},{"taxonomy":"product_cat","embeddable":true,"href":"https:\/\/grappa.no\/no\/wp-json\/wp\/v2\/product_cat?post=642"},{"taxonomy":"product_tag","embeddable":true,"href":"https:\/\/grappa.no\/no\/wp-json\/wp\/v2\/product_tag?post=642"}],"curies":[{"name":"wp","href":"https:\/\/api.w.org\/{rel}","templated":true}]}}