{"id":640,"date":"2007-11-12T00:00:00","date_gmt":"2007-11-11T23:00:00","guid":{"rendered":"http:\/\/www.grappa.no\/albums\/uncategorized\/trumpet-concertos-by-haydn-hummel-neruda-and-albinoni\/"},"modified":"2025-10-14T11:59:07","modified_gmt":"2025-10-14T10:59:07","slug":"tine-thing-helseth-trumpet-concertos-by-haydn-hummel-neruda-and-albinoni","status":"publish","type":"product","link":"https:\/\/grappa.no\/no\/albums\/simax-classics\/tine-thing-helseth-trumpet-concertos-by-haydn-hummel-neruda-and-albinoni\/","title":{"rendered":"Tine Thing Helseth: Trumpet concertos by Haydn, Hummel, Neruda and Albinoni"},"content":{"rendered":"<p><\/p>\n<p>Tine Thing Helsets debut-CD<\/p>\n<p>Med noen \u00e5rs mellomrom dukker det opp en stor, ny musikalsk begavelse p\u00e5 CD som f\u00e5r alle til \u00e5 stoppe opp, og bare lytte. Det kom en slik CD-debut det \u00e5ret Tine Thing Helseth ble f\u00f8dt \u2013 ogs\u00e5 p\u00e5 Simax \u2013 den gangen var det Truls M\u00f8rk. 20 \u00e5r etter er Tine den fremste i en ny generasjon norske klassiske talenter som tar opp arven etter M\u00f8rk, Andsnes og Antonsen.<\/p>\n<p>Tine former linjene i Haydns trompetkonsert med en friskhet og klangkvalitet som knapt har v\u00e6rt h\u00f8rt tidligere. Hun n\u00e5r helt inn i musikkens innerste fibre, og tolker selve paradenummeret for trompetister med autoritet og unik klangvariasjon, bare 20 \u00e5r gammel. Tines naturlige evner p\u00e5 trompeten og hennes medf\u00f8dte musikalitet forl\u00f8ses i denne musikken, og vi som lyttere h\u00f8rer den som om det var f\u00f8rste gang.<\/p>\n<p><!--more--><\/p>\n<p>Tine Thing Helseth trakk 443 000 nordmenn til TV-skjermene med sin deltagelse i EBU-finalen Young Musician i Wien. N\u00e5 er Tine klar med sin CD-debut \u2013 og med seg har hun verdens beste kammerorkester. Dette er en debutplate det vil bli snakket mye om.<\/p>\n<h4>Bare h\u00f8r p\u00e5 dette!<\/h4>\n<p>Tine former linjene i Haydns trompetkonsert med en friskhet og klangkvalitet som knapt har v\u00e6rt h\u00f8rt tidligere. Hun n\u00e5r helt inn i musikkens innerste fibre, og tolker selve paradenummeret for trompetister med autoritet og unik klangvariasjon, bare 20 \u00e5r gammel. Tines naturlige evner p\u00e5 trompeten og hennes medf\u00f8dte musikalitet forl\u00f8ses i denne musikken, og vi som lyttere h\u00f8rer den som om det var f\u00f8rste gang.<\/p>\n<h4>Flere konserter hjemme og ute i Europa<\/h4>\n<p>Etter suksessen i Wien blir Tine n\u00e5 introdusert som en ny, spennende solist p\u00e5 de europeiske konsertscener. I begynnelsen av oktober var hun Artist in Residence ved Usedomer Musikfesitval i Tyskland. S\u00e5 snart hun er ferdig med en 9-konserters turn\u00e9 for Rikskonsertene (med Albinoni) forbereder hun seg til 7 viktige konserter med tyske orkestre i starten av desember (med Haydn). Og 9-11 januar spiller Tine Hummel-konserten med Oslo-filharmonien p\u00e5 nytt\u00e5rskonsertene i Oslo og p\u00e5 Lillehammer.<\/p>\n<h4><\/h4>\n<p><\/p>","protected":false},"excerpt":{"rendered":"<p>\u2013 Not since Maurice Andr\u00e9\u0085 have I experienced the inevitably joyful Hummel, Neruda and Haydn concerts performed with such liveliness and effortless tone and phrasing, as it is done by this artist. [\u00d6sterreichische Musikzeitschrift]<\/p>\n","protected":false},"featured_media":27697,"comment_status":"closed","ping_status":"closed","template":"","meta":[],"product_brand":[],"product_cat":[180],"product_tag":[],"class_list":{"0":"post-640","1":"product","2":"type-product","3":"status-publish","4":"has-post-thumbnail","6":"product_cat-simax-classics","7":"product_shipping_class-cddvd-shipping","8":"uni_artist_tag-atle-sponberg","9":"uni_artist_tag-johann-baptist-georg-neruda","10":"uni_artist_tag-johann-nepomuk-hummel","11":"uni_artist_tag-joseph-haydn","12":"uni_artist_tag-jorn-pedersen","13":"uni_artist_tag-norwegian-chamber-orchestra","14":"uni_artist_tag-terje-tonnesen","15":"uni_artist_tag-tine-thing-helseth","16":"uni_artist_tag-tomaso-albinoni","17":"uni_main_artist_tag-tine-thing-helseth","18":"uni_artist_genre-brass","19":"uni_artist_genre-concerto","20":"uni_artist_genre-debut","21":"uni_artist_genre-easy-listening","22":"uni_artist_genre-norwegian-grammy-award-spellemannvinner","23":"uni_artist_genre-young-norwegian","25":"first","26":"outofstock","27":"taxable","28":"shipping-taxable","29":"purchasable","30":"product-type-simple"},"_links":{"self":[{"href":"https:\/\/grappa.no\/no\/wp-json\/wp\/v2\/product\/640","targetHints":{"allow":["GET"]}}],"collection":[{"href":"https:\/\/grappa.no\/no\/wp-json\/wp\/v2\/product"}],"about":[{"href":"https:\/\/grappa.no\/no\/wp-json\/wp\/v2\/types\/product"}],"replies":[{"embeddable":true,"href":"https:\/\/grappa.no\/no\/wp-json\/wp\/v2\/comments?post=640"}],"wp:featuredmedia":[{"embeddable":true,"href":"https:\/\/grappa.no\/no\/wp-json\/wp\/v2\/media\/27697"}],"wp:attachment":[{"href":"https:\/\/grappa.no\/no\/wp-json\/wp\/v2\/media?parent=640"}],"wp:term":[{"taxonomy":"product_brand","embeddable":true,"href":"https:\/\/grappa.no\/no\/wp-json\/wp\/v2\/product_brand?post=640"},{"taxonomy":"product_cat","embeddable":true,"href":"https:\/\/grappa.no\/no\/wp-json\/wp\/v2\/product_cat?post=640"},{"taxonomy":"product_tag","embeddable":true,"href":"https:\/\/grappa.no\/no\/wp-json\/wp\/v2\/product_tag?post=640"}],"curies":[{"name":"wp","href":"https:\/\/api.w.org\/{rel}","templated":true}]}}