{"id":639,"date":"2011-01-10T00:00:00","date_gmt":"2011-01-09T23:00:00","guid":{"rendered":"http:\/\/www.grappa.no\/albums\/uncategorized\/written-in-sand-paintings-for-solo-violin\/"},"modified":"2019-02-22T16:03:24","modified_gmt":"2019-02-22T15:03:24","slug":"written-in-sand-paintings-for-solo-violin","status":"publish","type":"product","link":"https:\/\/grappa.no\/no\/albums\/simax-classics\/written-in-sand-paintings-for-solo-violin\/","title":{"rendered":"Written in Sand \u2013 paintings for solo violin"},"content":{"rendered":"<p><\/p>\n<p>Skrevet i sand?<\/p>\n<p>Fiolin alene. Sterkt, direkte og personlig. S\u00f8lve Sigerland er en ut\u00f8ver som former sin musikk med naturlig autoritet og sjener\u00f8sitet. P\u00e5 Written in Sand, hans andre soloalbum, g\u00e5r Sigerland inn i noe av det fremste som finnes av ny nordisk musikk for fiolin. Det har blitt en rik utgivelse som viser en fremragende kunstner.<\/p>\n<p>Utgivelsen henter tittelen fra den f\u00f8rste satsen i Haflidi Hallgrimssons Offerto, som er inspirert av og dedikert til minnet om den islandske kunstneren Karl Kvaran. Fiolinkonserten Poemi er ogs\u00e5 tett knyttet opp til malekunst; Marc Chagall og hans malerier med tematikk hentet fra det gamle testamentet. Esa-Pekka Salonen er en av samtidsmusikkens mest fremtredende dirigenter,  og har ogs\u00e5 komponert gjennom hele karrieren. Poul Ruders er anerkjent som en av Danmarks mest betydningsfulle komponister i dag.<\/p>\n<p><!--more--><\/p>\n<p>Fiolin alene. Sterkt, direkte og personlig. S\u00f8lve Sigerland er en ut\u00f8ver som former sin musikk med naturlig autoritet og sjener\u00f8sitet. P\u00e5 Written in Sand, hans andre soloalbum, g\u00e5r Sigerland inn i noe av det fremste som finnes av ny nordisk musikk for fiolin. Det har blitt en rik utgivelse som viser en fremragende kunstner.<\/p>\n<h4>Musikken klinger \u2013 og forsvinner<\/h4>\n<p>Utgivelsen henter tittelen fra den f\u00f8rste satsen i Haflidi Hallgrimssons Offerto, som er inspirert av og dedikert til minnet om den islandske kunstneren Karl Kvaran, en n\u00e6r venn av komponisten. Satsene har f\u00e5tt navn etter malerier, og Hallgrimsson beskriver uttrykket som \u00aben skjelvende h\u00e5nd som skriver i t\u00f8rr sand\u00bb. Fiolinkonserten Poemi er ogs\u00e5 tett knyttet opp til malekunst; Marc Chagall og hans malerier med tematikk hentet fra det gamle testamentet.<\/p>\n<h4>Salonen og Ruders<\/h4>\n<p>Esa-Pekka Salonen er en av samtidsmusikkens mest fremtredende dirigenter i dag, en virkelig stjerne p\u00e5 den internasjonale arena. At finnen ogs\u00e5 har komponert gjennom hele karrieren er ikke like godt kjent, men verkene hans blir stadig mer kjent. Poul Ruders er anerkjent som en av Danmarks mest betydningsfulle komponister i dag. Hans Variations kan beskrives som en melankolsk og dyptf\u00f8lt monolog.<\/p>\n<h4>S\u00f8lve Sigerland<\/h4>\n<p>Sigerland har v\u00e6rt solist med blant annet Oslo-Filharmonien, Det Norske Kammerorkester og Stockholm Filharmoniske orkester. Som medlem av Grieg Trio har han spilt i b\u00e5de Wigmore Hall, Carnegie Hall, Concertgebouw blant mange flere. Magasinet The Strad kommenterte Sigerlands solo-debut med musikk av Bjarne Brustad p\u00e5 denne m\u00e5ten: \u00abS\u00f8lve Sigerland is a first-rate apostle for these forgotten gems, combining a strong sense of line with an awareness of the possibilities for colour.\u00bb<\/p>\n<p><\/p>","protected":false},"excerpt":{"rendered":"<p>&#8211; S\u00f8lve Sigerland gibt uns immer wieder sinnliche Schocks \u2013 ein wunderbarer Musiker [S\u00fcddeutsche Zeitung]<\/p>\n","protected":false},"featured_media":27712,"comment_status":"closed","ping_status":"open","template":"","meta":[],"product_brand":[],"product_cat":[180],"product_tag":[],"class_list":{"0":"post-639","1":"product","2":"type-product","3":"status-publish","4":"has-post-thumbnail","6":"product_cat-simax-classics","7":"product_shipping_class-cddvd-shipping","8":"uni_artist_tag-esa-pekka-salonen","9":"uni_artist_tag-geoff-miles","10":"uni_artist_tag-haflidi-hallgrimsson","11":"uni_artist_tag-per-kristian-skalstad","12":"uni_artist_tag-poul-ruders","13":"uni_artist_tag-risor-festival-strings","14":"uni_artist_tag-solve-sigerland","15":"uni_artist_genre-concerto","16":"uni_artist_genre-contemporary-music","17":"uni_artist_genre-solo","18":"uni_artist_genre-strings","20":"first","21":"instock","22":"taxable","23":"shipping-taxable","24":"purchasable","25":"product-type-simple"},"_links":{"self":[{"href":"https:\/\/grappa.no\/no\/wp-json\/wp\/v2\/product\/639","targetHints":{"allow":["GET"]}}],"collection":[{"href":"https:\/\/grappa.no\/no\/wp-json\/wp\/v2\/product"}],"about":[{"href":"https:\/\/grappa.no\/no\/wp-json\/wp\/v2\/types\/product"}],"replies":[{"embeddable":true,"href":"https:\/\/grappa.no\/no\/wp-json\/wp\/v2\/comments?post=639"}],"wp:featuredmedia":[{"embeddable":true,"href":"https:\/\/grappa.no\/no\/wp-json\/wp\/v2\/media\/27712"}],"wp:attachment":[{"href":"https:\/\/grappa.no\/no\/wp-json\/wp\/v2\/media?parent=639"}],"wp:term":[{"taxonomy":"product_brand","embeddable":true,"href":"https:\/\/grappa.no\/no\/wp-json\/wp\/v2\/product_brand?post=639"},{"taxonomy":"product_cat","embeddable":true,"href":"https:\/\/grappa.no\/no\/wp-json\/wp\/v2\/product_cat?post=639"},{"taxonomy":"product_tag","embeddable":true,"href":"https:\/\/grappa.no\/no\/wp-json\/wp\/v2\/product_tag?post=639"}],"curies":[{"name":"wp","href":"https:\/\/api.w.org\/{rel}","templated":true}]}}