{"id":638,"date":"2010-03-01T00:00:00","date_gmt":"2010-02-28T23:00:00","guid":{"rendered":"http:\/\/www.grappa.no\/albums\/uncategorized\/hjalmar-borgstrom-violin-concerto-and-two-symphonic-poems\/"},"modified":"2024-03-25T09:54:44","modified_gmt":"2024-03-25T08:54:44","slug":"hjalmar-borgstrom-violin-concerto-and-two-symphonic-poems","status":"publish","type":"product","link":"https:\/\/grappa.no\/no\/albums\/simax-classics\/hjalmar-borgstrom-violin-concerto-and-two-symphonic-poems\/","title":{"rendered":"Hjalmar Borgstr\u00f8m: Violin concerto and two symphonic poems"},"content":{"rendered":"<p><\/p>\n<p>Tre storverk av Hjalmar Borgstr\u00f8m<\/p>\n<p>Hjalmar Borgstr\u00f8ms musikk opplever i disse dager en renessanse av de sjeldne. B\u00f8rgstr\u00f8m hadde de st\u00f8rste tanker og ideer om hva musikk kunne uttrykke, og p\u00e5 denne platen f\u00e5r vi for f\u00f8rste gang h\u00f8re to av hans symfoniske dikt og den store, briljant overstr\u00f8mmende fiolinkonserten.<br \/>\nDet symfoniske diktet Jesus i Gethsemane ble urfremf\u00f8rt i Kristiania 1904, og spilt en rekke ganger, sist s\u00e5 sent som i 1960. I programteksten henter Borgstr\u00f8m direkte fra de fire evangelistene, og beskriver Jesu sjelekamp den siste natten f\u00f8r korsfestelsen.<br \/>\nDe D\u00f8des Natt fikk sin urfremf\u00f8ring i Berlin i 1905, og har aldri v\u00e6rt fremf\u00f8rt i Norge. I god gr\u00f8sser-stil hensettes lytteren til kirkeg\u00e5rden ved midnatt, der de d\u00f8de stiger ut av sine graver for \u00e5 danse. D\u00f8den selv henrykkes av dansen, og glemmer \u00e5 kalle sine unders\u00e5tter tilbake f\u00f8r solen igjen stiger. Mange av sjelene slipper unna og stiger opp mot lyset i de evige h\u00f8yder. Fiolinkonserten ble urfremf\u00f8rt i 1914, men har nesten ikke v\u00e6rt spilt siden. Melodi\u00f8s, virtuos og ytterst besjelet: verket er et lysende tilskudd som fortjener en plass p\u00e5 repertoaret til norske fiolinister.<\/p>\n<p><!--more--><\/p>\n<p>Hjalmar Borgstr\u00f8ms musikk opplever i disse dager en renessanse av de sjeldne. Borgstr\u00f8m hadde de st\u00f8rste tanker og ideer om hva musikk kunne uttrykke, og p\u00e5 denne platen f\u00e5r vi for f\u00f8rste gang h\u00f8re to av hans symfoniske dikt og den store, briljante fiolinkonserten.<\/p>\n<h4>\u00abBrahms? Kjedelig!\u00bb<\/h4>\n<p>Borgstr\u00f8m var beryktet for sin ubestikkelige og skarpe kritikerpenn, og gjorde gjerne 2-3 konsertanmeldelser i uka. Han s\u00e5 opp til Wagners helhetlige musikksyn og snakket varmt for programmusikken, der publikum kan f\u00f8lge den dramatiske utviklingen i musikkverket gjennom en programtekst. Paradoksalt nok ligner han mer p\u00e5 sine fiender enn sine venner i selve musikken og formbruken. Med dagens \u00f8rer vil vi lett plassere ham i en lyttevennlig konservativ tradisjon.<\/p>\n<h4>\u2018Thriller\u2019 anno 1905<\/h4>\n<p>Det symfoniske diktet Jesus i Gethsemane ble urfremf\u00f8rt i Kristiania 1904, og spilt en rekke ganger, sist s\u00e5 sent som i 1960. I programteksten henter Borgstr\u00f8m direkte fra de fire evangelistene, og beskriver Jesu sjelekamp den siste natten f\u00f8r korsfestelsen.<br \/>\nDe D\u00f8des Natt fikk sin urfremf\u00f8ring i Berlin i 1905 av selveste Berlin-Filharmonikerne, men har aldri v\u00e6rt fremf\u00f8rt i Norge. I god gr\u00f8sser-stil hensettes lytteren til kirkeg\u00e5rden ved midnatt, der de d\u00f8de stiger ut av sine graver for \u00e5 danse. D\u00f8den selv henrykkes av dansen, og glemmer \u00e5 kalle sine unders\u00e5tter tilbake f\u00f8r solen igjen stiger. Mange av sjelene slipper unna og stiger opp mot lyset i de evige h\u00f8yder. Fiolinkonserten ble urfremf\u00f8rt i 1914, men har nesten ikke v\u00e6rt \u00e5 h\u00f8re siden. Melodi\u00f8s, virtuos og ytterst besjelet: verket er et lysende tilskudd som fortjener en plass p\u00e5 repertoaret til norske fiolinister.<\/p>\n<h4>Norsk\/svensk samarbeid omkring verdenspremiere<\/h4>\n<p>Dirigenten Terje Boye Hansen har gjort Borgstr\u00f8m til noe av et spesiale, og har ledet en rekke konserter, operaer og innspillinger med musikk av komponisten. Denne gangen er det kritikerroste NorrlandsOperans Symfoniorkester som bidrar til \u00e5 utvide v\u00e5r musikalske horisont. Fiolinsolisten Jonas B\u00e5tstrand var tidligere konsertmester i orkesteret, og det var han som satt igang prosjektet med Borgstr\u00f8ms fiolinkonsert. Klaversolisten Nils Anders Mortensen er kjent b\u00e5de som solist og allsidig kammermusiker. Sammen har disse fremragende musikerne sikret en str\u00e5lende innspiling av uts\u00f8kte verk fra Borgstr\u00f8m.<\/p>\n<p><\/p>","protected":false},"excerpt":{"rendered":"<p>&#8211; Det er ingen tvil om at Borgstr\u00f8ms verker p\u00e5 denne cd-en viser en betydelig bredde b\u00e5de i valg av tematikk og i musikalsk utforming. [6\/6 Idar Karevold \/ Aftenposten]<\/p>\n<p>&#8211; En helt spesiell innspilling med enest\u00e5ende vakker musikk i en smakfull fremf\u00f8ring, men mest av alt er den et viktig debattinnlegg. [6\/6 Hroar Klempe \/ Adresseavisa]<\/p>\n<p>&#8211; Dette er f\u00f8rst og fremst musikk \u2013 musikk med mer enn historisk interesse. [5\/6 Peter Larsen \/ Bergens Tidende]<\/p>\n","protected":false},"featured_media":27735,"comment_status":"closed","ping_status":"closed","template":"","meta":[],"product_brand":[],"product_cat":[180],"product_tag":[],"class_list":{"0":"post-638","1":"product","2":"type-product","3":"status-publish","4":"has-post-thumbnail","6":"product_cat-simax-classics","7":"product_shipping_class-cddvd-shipping","8":"uni_artist_tag-hjalmar-borgstrom","9":"uni_artist_tag-jonas-batstrand","10":"uni_artist_tag-jorn-pedersen","11":"uni_artist_tag-nils-anders-mortensen","12":"uni_artist_tag-terje-boye-hansen","13":"uni_artist_tag-the-symphony-orchestra-of-norrlandsoperaen","14":"uni_main_artist_tag-the-symphony-orchestra-of-norrlandsoperaen","15":"uni_artist_genre-concerto","16":"uni_artist_genre-norwegian","17":"uni_artist_genre-orchestral","18":"uni_artist_genre-world-premiere-recording","20":"first","21":"outofstock","22":"taxable","23":"shipping-taxable","24":"purchasable","25":"product-type-simple"},"_links":{"self":[{"href":"https:\/\/grappa.no\/no\/wp-json\/wp\/v2\/product\/638","targetHints":{"allow":["GET"]}}],"collection":[{"href":"https:\/\/grappa.no\/no\/wp-json\/wp\/v2\/product"}],"about":[{"href":"https:\/\/grappa.no\/no\/wp-json\/wp\/v2\/types\/product"}],"replies":[{"embeddable":true,"href":"https:\/\/grappa.no\/no\/wp-json\/wp\/v2\/comments?post=638"}],"wp:featuredmedia":[{"embeddable":true,"href":"https:\/\/grappa.no\/no\/wp-json\/wp\/v2\/media\/27735"}],"wp:attachment":[{"href":"https:\/\/grappa.no\/no\/wp-json\/wp\/v2\/media?parent=638"}],"wp:term":[{"taxonomy":"product_brand","embeddable":true,"href":"https:\/\/grappa.no\/no\/wp-json\/wp\/v2\/product_brand?post=638"},{"taxonomy":"product_cat","embeddable":true,"href":"https:\/\/grappa.no\/no\/wp-json\/wp\/v2\/product_cat?post=638"},{"taxonomy":"product_tag","embeddable":true,"href":"https:\/\/grappa.no\/no\/wp-json\/wp\/v2\/product_tag?post=638"}],"curies":[{"name":"wp","href":"https:\/\/api.w.org\/{rel}","templated":true}]}}