{"id":636,"date":"2009-10-12T00:00:00","date_gmt":"2009-10-11T23:00:00","guid":{"rendered":"http:\/\/www.grappa.no\/albums\/uncategorized\/visiting-grieg\/"},"modified":"2023-07-21T08:35:30","modified_gmt":"2023-07-21T07:35:30","slug":"visiting-grieg","status":"publish","type":"product","link":"https:\/\/grappa.no\/no\/albums\/simax-classics\/visiting-grieg\/","title":{"rendered":"Visiting Grieg"},"content":{"rendered":"<p><\/p>\n<p>Johannes Weisser solodebuterer med Grieg<\/p>\n<p>Johannes Weisser er blant de fremste unge norske sangerne i dag. Han har allerede vekket stor internasjonal oppmerksomhet; p\u00e5 operascener og med flere kritikerroste plateinnspillinger. Her er Weisser med sin f\u00f8rste soloutgivelse, og her setter han ny standard for de kjente Grieg-sangene \u2013 med fullt overlegg:<\/p>\n<p>\u00abVi vil formidle disse sangene p\u00e5 en s\u00e5 n\u00e6r og direkte m\u00e5te som mulig.\u00bb P\u00e5 Visiting Grieg bringer Johannes og hans mange\u00e5rige samarbeidspartner S\u00f8ren Rastogi disse sangene inn i v\u00e5r egen tid med tolkninger som s\u00f8ker seg inn til hjertet av uttrykket, uten filter. Med sitt unike stemmemateriale og evne til naturlig musikalsk formidling, blir Weissers fremf\u00f8relser ren \u00f8yeblikks-kunst. Om sangene i Vinje-syklussen sier Weisser: \u00abJeg har pr\u00f8vd \u00e5 n\u00e6rme meg disse sangene uten for mye distanse, for \u00e5 ivareta s\u00e5rheten, begeistringen, kraften og lengslene som Vinjes tekster og Griegs musikk rommer.\u00bb<\/p>\n<p><!--more--><\/p>\n<p>Johannes Weisser er blant de fremste unge norske sangerne i dag. Han har allerede vekket stor internasjonal oppmerksomhet; p\u00e5 operascener og med flere kritikerroste plateinnspillinger. N\u00e5 kommer Weisser med sin f\u00f8rste soloutgivelse, og her setter han ny standard for de kjente Grieg-sangene \u2013 med fullt overlegg:<\/p>\n<h4>Grieg og \u00abdikterens hemmelige intensjoner\u00bb<\/h4>\n<p>\u00abDet dreier seg for meg ikke om \u00e5 lage musikk, men i f\u00f8rste rekke om \u00e5 yte dikterens hemmelige intensjoner rettferdighet.\u00bb, uttalte Grieg. Han traff blink allerede i sitt f\u00f8rste sangopus Hjertets Melodier; her finner vi suksesser som \u2018Jeg Elsker Dig!\u2019 og \u2018To Brune \u00d8jne\u2019. H.C. Andersen-tekstene fremst\u00e5r unektelig som svulmende for oss i dag. Weisser og Rastogi undertrykker ikke denne patosen, men tolker den inn i et naturlig, impulsivt musikalsk uttrykk.<\/p>\n<h4>Vinjesangene<\/h4>\n<p>Griegs sanger til O.A. Vinjes lyrikk st\u00e5r i en s\u00e6rstilling, fra en periode med store personlige og kunstneriske problemer. I Vinjes kraftfulle poesi m\u00f8tte Grieg et korresponderende kunstnersinn, og flere av hans mest kjente sanger er fra denne samlingen. Weisser sier: \u00abVinje-sangene kombinerer linjer som fordrer et bredt vokalt \u2018format\u2019, med helt enkle og umiddelbare strofiske melodier og et transparent akkompagnement. Sangstemmen ofte er skrevet p\u00e5 en m\u00e5te som innbyr til et operatisk format, samtidig som musikken og den umiskjennelige inspirasjonen fra folkemusikken innbyr til en helt enkel syngestil. Jeg har pr\u00f8vd \u00e5 n\u00e6rme meg disse sangene uten for mye distanse, for \u00e5 ivareta s\u00e5rheten, begeistringen, kraften og lengslene som Vinjes tekster og Griegs musikk rommer.\u00bb<\/p>\n<h4>Johannes Weisser<\/h4>\n<p>F\u00f8dt i 1980 har Weisser i dag en internasjonal karriere som f\u00e5 andre norske kunstnere. 23 \u00e5r gammel debuterte han ved Den Norske Opera, som Masetto i Don Giovanni. Han gjester n\u00e5 bl.a. Th\u00e9\u00e2tre de La Monnaie Brussels, Royal Danish Opera, Komische Oper Berlin, Salzburg Festival, og arbeidet med dirigenter som Ren\u00e9 Jacobs, Fabio Biondi, Rinaldo Alessandrini, Philippe Herreweghe b\u00e5de p\u00e5 operaforestillinger, konserter og plate.<\/p>\n<p><\/p>","protected":false},"excerpt":{"rendered":"<p>Hans tekstlige nyansering er forbilledlig og hele utgivelsen preges av lekre musikalske detaljer. En sangbegavelse av de sjeldne. [Kjell Hillveg \/ Dagsavisen]<\/p>\n","protected":false},"featured_media":27731,"comment_status":"closed","ping_status":"closed","template":"","meta":[],"product_brand":[],"product_cat":[180],"product_tag":[],"class_list":{"0":"post-636","1":"product","2":"type-product","3":"status-publish","4":"has-post-thumbnail","6":"product_cat-simax-classics","7":"product_shipping_class-cddvd-shipping","8":"uni_artist_tag-edvard-grieg","9":"uni_artist_tag-johannes-weisser","10":"uni_artist_tag-soren-rastogi","11":"uni_artist_tag-tony-harrison","12":"uni_main_artist_tag-johannes-weisser","13":"uni_artist_genre-chamber","14":"uni_artist_genre-classical","15":"uni_artist_genre-disc-of-the-month-classic-fm","16":"uni_artist_genre-song","17":"uni_artist_genre-young-norwegian","19":"first","20":"outofstock","21":"taxable","22":"shipping-taxable","23":"purchasable","24":"product-type-simple"},"_links":{"self":[{"href":"https:\/\/grappa.no\/no\/wp-json\/wp\/v2\/product\/636","targetHints":{"allow":["GET"]}}],"collection":[{"href":"https:\/\/grappa.no\/no\/wp-json\/wp\/v2\/product"}],"about":[{"href":"https:\/\/grappa.no\/no\/wp-json\/wp\/v2\/types\/product"}],"replies":[{"embeddable":true,"href":"https:\/\/grappa.no\/no\/wp-json\/wp\/v2\/comments?post=636"}],"wp:featuredmedia":[{"embeddable":true,"href":"https:\/\/grappa.no\/no\/wp-json\/wp\/v2\/media\/27731"}],"wp:attachment":[{"href":"https:\/\/grappa.no\/no\/wp-json\/wp\/v2\/media?parent=636"}],"wp:term":[{"taxonomy":"product_brand","embeddable":true,"href":"https:\/\/grappa.no\/no\/wp-json\/wp\/v2\/product_brand?post=636"},{"taxonomy":"product_cat","embeddable":true,"href":"https:\/\/grappa.no\/no\/wp-json\/wp\/v2\/product_cat?post=636"},{"taxonomy":"product_tag","embeddable":true,"href":"https:\/\/grappa.no\/no\/wp-json\/wp\/v2\/product_tag?post=636"}],"curies":[{"name":"wp","href":"https:\/\/api.w.org\/{rel}","templated":true}]}}