{"id":635,"date":"2008-03-10T00:00:00","date_gmt":"2008-03-09T23:00:00","guid":{"rendered":"http:\/\/www.grappa.no\/albums\/uncategorized\/waltz-with-me\/"},"modified":"2016-11-18T16:34:54","modified_gmt":"2016-11-18T15:34:54","slug":"waltz-with-me","status":"publish","type":"product","link":"https:\/\/grappa.no\/no\/albums\/heilo\/waltz-with-me\/","title":{"rendered":"Waltz With Me"},"content":{"rendered":"<p><\/p>\n<p>Internasjonalt mesterm\u00f8te<\/p>\n<p>Det Spellemann-nominerte albumet Waltz With Me forener musikalske tradisjoner og utforsker samklangen mellom ulike strengeinstrumenter. I spissen st\u00e5r Annbj\u00f8rg Lien med solid kunnskap om folkemusikkens historie, samt en god dose musikalsk nysgjerrighet og lekelyst. Waltz With Me var opprinnelig et bestillingsverk til Telemarksfestivalen 2007. I anledning det \u00e6refulle oppdraget samlet Lien en internasjonal folkemusikalsk strykekvartett. I tillegg til Lien p\u00e5 fele og hardingfele, besto kvartetten av den amerikanske folkemusikkpioneren Bruce Molsky p\u00e5 fele og vokal, skotsk-kanadiske Christine Hanson p\u00e5 cello og svenske Mikael Marin, kjent fra folkemusikktrioen V\u00e4sen, p\u00e5 bratsj. Albumet Waltz With Me er en bearbeidelse av bestillingsverket, med de samme medvirkende musikerne. Resultatet er et internasjonalt mesterm\u00f8te der dynamikken mellom de fire strykerne st\u00e5r i sentrum!<\/p>\n<p><!--more--><\/p>\n<p>Bestillingsverket Waltz With Me p\u00e5 CD!<\/p>\n<h4>Musikalsk smeltedigel<\/h4>\n<p>Strykekvartetten best\u00e5r av Annbj\u00f8rg Lien, hardingfele og fele; Bruce Molsky (USA), fele og vokal; Christine Hanson (Canada\/Skottland), cello og Mikael Marin (Sverige), bratsj. Waltz With Me forener fire sterke artister og deres spennende tradisjoner i en sjangeroverskridende musikalsk smeltedigel. De frie arrangementene gjenspeiler en lang tradisjon for samarbeid, crossover og lekenhet. <\/p>\n<p>\u2013Groups brought together in this way very often cease after the first gig. On this repeat outing, this one sounded like it was finding a groove that&#8217;s going places. Rob Adams, The Herald (Scotland)<\/p>\n<h4>Dyktig kvartett<\/h4>\n<p>Lien er en av Norges dyktigste musikere og en fremragende folkemusikkambassad\u00f8r. Hun har v\u00e6rt velkjent i spellemannskretser siden hun var liten, men har etter hvert vunnet et langt bredere publikum, og har gjennom sine plateutgivelser markert seg som en verdensmusiker av format. Hun skaper moderne folkemusikk med internasjonal appell, og samarbeider med musikere av ypperste klasse. Annbj\u00f8rg har modig plassert folkemusikken i nye musikalske sammenhenger, og hun fremf\u00f8rer musikken med stil, sikkert og fengende. Hun har ogs\u00e5 mye til felles med sine medmusikere.<\/p>\n<p>Ikonet Bruce Molsky er muligens den mest profilerte amerikanske folkemusikeren i dag, og har bl.a. samarbeidet med Solo Cissokho og Ellika Frisell Han er selv en pion\u00e9r i sin sjanger. Mikael Marin er kanskje mest kjent fra folkemusikktrioen V\u00e4sen, men har ogs\u00e5 mange crossover-samarbeid bak seg. Marin ble nasjonal felespiller i Sverige i1983, og ble plukket ut til \u00e5 spille i et \u201dverdensorkester\u201d under ledelse av Leonard Bernstein i 1989. Christine Hanson, opprinnelig fra Canada, har turnert og utgitt plater i en \u00e5rrekke, s\u00e6rlig i USA og Europa. Hun har i dag sitt daglige virke ved Stowe College i Skottland, hvor hun underviser samtidig som hun stadig f\u00f8lger opp sin frilanskarriere som cellist.<\/p>\n<h4><\/h4>\n<\/p>\n<p><\/p>","protected":false},"excerpt":{"rendered":"<p>Mesterlig fra Annbj\u00f8rg Lien.<\/p>\n","protected":false},"featured_media":27261,"comment_status":"closed","ping_status":"open","template":"","meta":[],"product_brand":[],"product_cat":[35],"product_tag":[],"class_list":{"0":"post-635","1":"product","2":"type-product","3":"status-publish","4":"has-post-thumbnail","6":"product_cat-heilo","7":"product_shipping_class-cddvd-shipping","8":"uni_artist_tag-annbjorg-lien","9":"uni_artist_tag-bruce-molsky","10":"uni_artist_tag-christine-hanson","11":"uni_artist_tag-kirsten-braten-berg","12":"uni_artist_tag-mikael-marin","13":"uni_main_artist_tag-annbjorg-lien","14":"uni_artist_genre-folk-music","15":"uni_artist_genre-traditional","17":"first","18":"instock","19":"taxable","20":"shipping-taxable","21":"purchasable","22":"product-type-simple"},"_links":{"self":[{"href":"https:\/\/grappa.no\/no\/wp-json\/wp\/v2\/product\/635","targetHints":{"allow":["GET"]}}],"collection":[{"href":"https:\/\/grappa.no\/no\/wp-json\/wp\/v2\/product"}],"about":[{"href":"https:\/\/grappa.no\/no\/wp-json\/wp\/v2\/types\/product"}],"replies":[{"embeddable":true,"href":"https:\/\/grappa.no\/no\/wp-json\/wp\/v2\/comments?post=635"}],"wp:featuredmedia":[{"embeddable":true,"href":"https:\/\/grappa.no\/no\/wp-json\/wp\/v2\/media\/27261"}],"wp:attachment":[{"href":"https:\/\/grappa.no\/no\/wp-json\/wp\/v2\/media?parent=635"}],"wp:term":[{"taxonomy":"product_brand","embeddable":true,"href":"https:\/\/grappa.no\/no\/wp-json\/wp\/v2\/product_brand?post=635"},{"taxonomy":"product_cat","embeddable":true,"href":"https:\/\/grappa.no\/no\/wp-json\/wp\/v2\/product_cat?post=635"},{"taxonomy":"product_tag","embeddable":true,"href":"https:\/\/grappa.no\/no\/wp-json\/wp\/v2\/product_tag?post=635"}],"curies":[{"name":"wp","href":"https:\/\/api.w.org\/{rel}","templated":true}]}}