{"id":634,"date":"2010-05-10T00:00:00","date_gmt":"2010-05-09T23:00:00","guid":{"rendered":"http:\/\/www.grappa.no\/albums\/uncategorized\/lespace-entre-nous\/"},"modified":"2019-02-22T16:03:14","modified_gmt":"2019-02-22T15:03:14","slug":"lespace-entre-nous","status":"publish","type":"product","link":"https:\/\/grappa.no\/no\/albums\/simax-classics\/lespace-entre-nous\/","title":{"rendered":"L&#8217;espace entre nous"},"content":{"rendered":"<p><\/p>\n<p>I rommet mellom to fremragende musikere<\/p>\n<p>To av landets fremste ut\u00f8vere p\u00e5 sine instrumenter m\u00f8tes p\u00e5 denne utgivelsen i en intim duo-setting for fl\u00f8yte og gitar. De har utfordret komponister til \u00e5 komme med utviklende og meningsfull ny musikk for instrumentkombinasjonen, og har til de grader f\u00e5tt svar p\u00e5 tiltale.<\/p>\n<p>Gro Sandvik og Stein-Erik Olsen har gjennom en \u00e5rrekke samarbeidet omkring kammermusikkprosjekter rundt omkring i verden, og fremf\u00f8rt en lang rekke nye verker for fl\u00f8yte og gitar. P\u00e5 denne platen unders\u00f8ker de nettopp \u00abrommet mellom oss\u00bb, og to av stykkene bestilt og skrevet direkte for Sandvik og Olsen. Egenartede verk som forener det virtuose med et krav om kunstnerisk f\u00f8lsomhet.<\/p>\n<p><!--more--><\/p>\n<p>To av landets fremste ut\u00f8vere p\u00e5 sine instrumenter m\u00f8tes p\u00e5 denne utgivelsen i en intim duo-setting for fl\u00f8yte og gitar. De har utfordret komponister til \u00e5 komme med utviklende og meningsfull ny musikk for instrumentkombinasjonen, og har til de grader f\u00e5tt svar p\u00e5 tiltale.<\/p>\n<h4>Koshkin og Denisov<\/h4>\n<p>Nikita Koshkin studerte gitar og komposisjon ved konservatoriet i Moskva. Hans Oratorium Lacrimae (sorgens oratorium) kan sees som en kommentar til dagens verdisyn. Edison Denisov var en av de ledende russiske komponistene i generasjonen etter Sjostakovitsj. Han var uredd n\u00e5r det gjaldt \u00e5 introdusere avantgardemusikk i et land der kunstneriske eksperimenter var tabu. Han har skrevet et stort antall verker, i tillegg til musikk til omkring 60 filmer.<\/p>\n<h4>Liebermann og Zahler<\/h4>\n<p>Lowell Liebermann debuterte som seksten\u00e5ring i Carnegie Hall med sin egen f\u00f8rste pianosonate p\u00e5 programmet. Hans opusliste inkluderer opera, orkesterverk, vokal- og kammerverk. Stilmessig betegnes han som konservativ i positiv forstand, med godt kompositorisk h\u00e5ndverk. Noel Zahler har en rekke verv innenfor det amerikanske komposisjonsmilj\u00f8. Tittelsporet ble bestilt til denne utgivelsen, og komponisten sier selv at han stortrives med \u00e5 utforske lydlandskap bare de fineste ut\u00f8vere kan realisere.<\/p>\n<h4>Erfaren duo<\/h4>\n<p>Gro Sandvik, mange\u00e5rig solofl\u00f8ytist i Bergen Filharmoniske Orkester og professor i fl\u00f8yte ved Griegakademiet, Universitetet i Bergen, studerte med en rekke framtredende ut\u00f8vere, blant dem Marcel Moyse og Bud Beyer. Sandvik har konsertert og gitt mesterklasser flere steder i USA, s\u00e5 vel som i Belgia, Polen og Storbritannia. Stein-Erik Olsen, professor i gitar ved Griegakademiet, Universitetet i Bergen, studerte bl.a. med Alexandre Lagoya ved Conservatoire National Sup\u00e9rieur de Musique de Paris. Begge to har gitt ut en rekke plater i forskjellige sammenhenger.<\/p>\n<p><\/p>","protected":false},"excerpt":{"rendered":"<p>\u2013 rommet mellom oss \u2013<\/p>\n","protected":false},"featured_media":27659,"comment_status":"closed","ping_status":"open","template":"","meta":[],"product_brand":[],"product_cat":[180],"product_tag":[],"class_list":{"0":"post-634","1":"product","2":"type-product","3":"status-publish","4":"has-post-thumbnail","6":"product_cat-simax-classics","7":"product_shipping_class-cddvd-shipping","8":"uni_artist_tag-arne-akselberg","9":"uni_artist_tag-edison-denisov","10":"uni_artist_tag-gro-sandvik","11":"uni_artist_tag-lowell-liebermann","12":"uni_artist_tag-nikita-koshkin","13":"uni_artist_tag-noel-zahler","14":"uni_artist_tag-stein-erik-olsen","15":"uni_main_artist_tag-stein-erik-olsen","16":"uni_artist_genre-chamber-music","17":"uni_artist_genre-contemporary-music","19":"first","20":"instock","21":"taxable","22":"shipping-taxable","23":"purchasable","24":"product-type-simple"},"_links":{"self":[{"href":"https:\/\/grappa.no\/no\/wp-json\/wp\/v2\/product\/634","targetHints":{"allow":["GET"]}}],"collection":[{"href":"https:\/\/grappa.no\/no\/wp-json\/wp\/v2\/product"}],"about":[{"href":"https:\/\/grappa.no\/no\/wp-json\/wp\/v2\/types\/product"}],"replies":[{"embeddable":true,"href":"https:\/\/grappa.no\/no\/wp-json\/wp\/v2\/comments?post=634"}],"wp:featuredmedia":[{"embeddable":true,"href":"https:\/\/grappa.no\/no\/wp-json\/wp\/v2\/media\/27659"}],"wp:attachment":[{"href":"https:\/\/grappa.no\/no\/wp-json\/wp\/v2\/media?parent=634"}],"wp:term":[{"taxonomy":"product_brand","embeddable":true,"href":"https:\/\/grappa.no\/no\/wp-json\/wp\/v2\/product_brand?post=634"},{"taxonomy":"product_cat","embeddable":true,"href":"https:\/\/grappa.no\/no\/wp-json\/wp\/v2\/product_cat?post=634"},{"taxonomy":"product_tag","embeddable":true,"href":"https:\/\/grappa.no\/no\/wp-json\/wp\/v2\/product_tag?post=634"}],"curies":[{"name":"wp","href":"https:\/\/api.w.org\/{rel}","templated":true}]}}