{"id":632,"date":"2009-02-02T00:00:00","date_gmt":"2009-02-01T23:00:00","guid":{"rendered":"http:\/\/www.grappa.no\/albums\/uncategorized\/low-jive\/"},"modified":"2019-02-22T16:03:11","modified_gmt":"2019-02-22T15:03:11","slug":"low-jive","status":"publish","type":"product","link":"https:\/\/grappa.no\/no\/albums\/simax-classics\/low-jive\/","title":{"rendered":"Low Jive"},"content":{"rendered":"<p><\/p>\n<p>Norges fremste orkester satser tungt p\u00e5 Jon \u00d8ivind Ness og hans musikk. For et \u00e5r siden urfremf\u00f8rte de bestillingsverket \u2018Low Jive\u2019. N\u00e5 kommer Oslo Filharmoniske Orkesters aller f\u00f8rste SACD\/Hybrid \u2013 i sin helhet viet musikk av Ness \u2013 en komponist som henter referanser fra postpunk, Zappa og annen popul\u00e6rkultur inn i sin symfoniske musikk. <\/p>\n<p>Ness lar intensiteten og det rytmiske drivet fra popul\u00e6rmusikken tre inn i kunstmusikkens klangarbeid og formtenkning. Resultatet er en intenst pulserende og klanglig raffinert musikk \u2013 uforutsigbar, vakker og full av tr\u00f8kk. Solistene Peter Herresthal, fiolin og \u00d8ystein Birkeland, cello, h\u00f8rer til blant v\u00e5re fremste ut\u00f8vere av ny musikk. Ness har skrevet en konsert til hver av dem der de virkelig f\u00e5r vist sitt s\u00e6rpreg. Selv vil Jon \u00d8ivind Ness helst at musikken hans skal treffe lytteren som ren musikalsk opplevelse \u2013 ikke via den bruksanvisningen som ofte f\u00f8lger med ny musikk.<\/p>\n<p><!--more--><\/p>\n<p>Norges fremste orkester satser tungt p\u00e5 Jon \u00d8ivind Ness og hans musikk. For et \u00e5r siden urfremf\u00f8rte de bestillingsverket \u2018Low Jive\u2019. N\u00e5 kommer Oslo Filharmoniske Orkesters aller f\u00f8rste SACD\/Hybrid \u2013 i sin helhet viet musikk av Ness \u2013 en komponist som henter referanser fra postpunk, Zappa og annen popul\u00e6rkultur inn i sin symfoniske musikk.<\/p>\n<h4>Konsert for fiolin og konsert for cello<\/h4>\n<p>To av Norges fremste ut\u00f8vere av ny musikk st\u00e5r i front av Oslo Filharmoniske Orkester i hver sin solokonsert, spesielt skrevet til nettopp Peter Herresthal og \u00d8ystein Birkeland. Mad Cap Tootling (Gal skyggelue tuter i vei) er en politisk tittel som refererer til hvordan TIDLIGERE president George W. Bush fremsto i opptakten til invasjonen av Irak. Tittelen Wet Blubber Soup er et ordspill p\u00e5 en remix fra Godley and Creme , og musikalsk jobber Ness her med en remix av kontrasterende elementer.<\/p>\n<h4>Vindgufs og dans i m\u00f8rket<\/h4>\n<p>Gust er en duo for orkesterets solobratsjist og -kontrabassist. I dette stykket skaper Ness et dramatisk m\u00f8rke der klanglige lysglimt bare tidvis bryter igjennom med st\u00e5lhard og n\u00e5del\u00f8s presisjon. I Low Jive samles hele orkesteret igjen p\u00e5 scenen i store, langsomme og kraftfulle bevegelser \u2013 som en dans i dypet. Tittelen er hentet fra l\u00e5ta Slowdive av Siouxie and the Banshees.<\/p>\n<h4>Jon \u00d8ivind Ness \u2013 helst uten bruksanvisning<\/h4>\n<p>Jon \u00d8ivind Ness (1968) \u00f8nsker \u00e5 treffe lytteren med en slags stemning. \u00abMen jeg h\u00e5per at hvis publikum oppfatter disse stemningene, er det fordi det ligger i musikken. Det gj\u00f8res i det hele tatt generelt for mange programforklaringer om musikk. Jeg h\u00e5per \u00e5 kommunisere et eller annet som kan v\u00e6re tydelig, uten at det trengs bruksanvisning. Kompleksitet har v\u00e6rt et ideal i seg selv, og det har f\u00f8rt til mye ubestemmelig, estetisk og uttrykksmessig.\u00bb <\/p>\n<p>5. februar lanseres platen med konsert i Oslo Konserthus<br \/>\n7.-13. Februar turnerer Oslo Filharmoniske Orkester Sverige med Ness, Dvorak og Prokofiev.<\/p>\n<p><\/p>","protected":false},"excerpt":{"rendered":"<p>Samtidsmusikkens klangbilde og rockens energi og rytme er begge h\u00f8rbare. [Erik Steinskog \/ Bergens Tidende]<\/p>\n","protected":false},"featured_media":27674,"comment_status":"closed","ping_status":"open","template":"","meta":[],"product_brand":[],"product_cat":[180],"product_tag":[],"class_list":{"0":"post-632","1":"product","2":"type-product","3":"status-publish","4":"has-post-thumbnail","6":"product_cat-simax-classics","7":"product_shipping_class-cddvd-shipping","8":"uni_artist_tag-catherine-bullock","9":"uni_artist_tag-dan-styffe","10":"uni_artist_tag-erik-gard-amundsen","11":"uni_artist_tag-jon-oivind-ness","12":"uni_artist_tag-krzysztof-drab","13":"uni_artist_tag-oslo-philharmonic-orchestra","14":"uni_artist_tag-oystein-birkeland","15":"uni_artist_tag-peter-herresthal","16":"uni_artist_tag-peter-szilvay","17":"uni_artist_tag-rolf-gupta","18":"uni_main_artist_tag-oslo-philharmonic-orchestra","19":"uni_artist_genre-concerto","20":"uni_artist_genre-contemporary-music","21":"uni_artist_genre-orchestral","23":"first","24":"instock","25":"taxable","26":"shipping-taxable","27":"purchasable","28":"product-type-simple"},"_links":{"self":[{"href":"https:\/\/grappa.no\/no\/wp-json\/wp\/v2\/product\/632","targetHints":{"allow":["GET"]}}],"collection":[{"href":"https:\/\/grappa.no\/no\/wp-json\/wp\/v2\/product"}],"about":[{"href":"https:\/\/grappa.no\/no\/wp-json\/wp\/v2\/types\/product"}],"replies":[{"embeddable":true,"href":"https:\/\/grappa.no\/no\/wp-json\/wp\/v2\/comments?post=632"}],"wp:featuredmedia":[{"embeddable":true,"href":"https:\/\/grappa.no\/no\/wp-json\/wp\/v2\/media\/27674"}],"wp:attachment":[{"href":"https:\/\/grappa.no\/no\/wp-json\/wp\/v2\/media?parent=632"}],"wp:term":[{"taxonomy":"product_brand","embeddable":true,"href":"https:\/\/grappa.no\/no\/wp-json\/wp\/v2\/product_brand?post=632"},{"taxonomy":"product_cat","embeddable":true,"href":"https:\/\/grappa.no\/no\/wp-json\/wp\/v2\/product_cat?post=632"},{"taxonomy":"product_tag","embeddable":true,"href":"https:\/\/grappa.no\/no\/wp-json\/wp\/v2\/product_tag?post=632"}],"curies":[{"name":"wp","href":"https:\/\/api.w.org\/{rel}","templated":true}]}}