{"id":574,"date":"2007-09-24T00:00:00","date_gmt":"2007-09-23T23:00:00","guid":{"rendered":"http:\/\/www.grappa.no\/albums\/uncategorized\/grieg-album\/"},"modified":"2016-11-18T16:21:58","modified_gmt":"2016-11-18T15:21:58","slug":"grieg-album","status":"publish","type":"product","link":"https:\/\/grappa.no\/no\/albums\/grappa\/grieg-album\/","title":{"rendered":"GRIEG ALBUM"},"content":{"rendered":"<p><\/p>\n<p>Groven hyller Grieg<\/p>\n<p>Sigmund Grovens Grieg album ble gitt ut p\u00e5 slutten av Grieg-\u00e5ret 2007 som markerte at hundre \u00e5r var g\u00e5tt siden Edvard Grieg d\u00f8de. Albumet er en elegant og stemningsfull hyllest til den store komponisten og her kommer Grovens virtuose vellyd virkelig til sin rett. Groven har selv valgt ut de 27 stykkene p\u00e5 utgivelsen og har gitt dem nye arrangementer. Grieg album er et vakkert og personlig album som fikk sv\u00e6rt god mottagelse da det kom ut. Groven tar utgangspunkt i Griegs komposisjoner med respekt og innlevelse og utgivelsen styrker Grovens rolle som en ektef\u00f8lt og briljant formidler av norsk kultur og bekrefter hans posisjon som en av v\u00e5re beste musikere.<\/p>\n<p><!--more--><\/p>\n<p>Grieg Album er en elegant hyllest til Grieg.<\/p>\n<h4>Groven og Grieg<\/h4>\n<p>N\u00e5 er Groven klar med et personlig og vakkert Grieg-Album, hvor han presenterer selvvalgte stykker av Grieg i samspill med Ivar Anton Waagaard, K\u00e5re Nordstoga, Kringkastingsorkesteret og Peter Szilvay. Her finnes perler som &quot;Arietta&quot;, &quot;Solveigs sang&quot;, &quot;Anitras dans&quot;, &quot;Jeg elsker deg&quot;, &quot;Eg veit ei lita jente&quot; og &quot;Gjendines b\u00e5dnl\u00e5t&quot;. Rainbow Studios og Lindberg Lyd s\u00f8rger for perfekt atmosf\u00e6re p\u00e5 CD-utgivelsen.<\/p>\n<h4>Grovens favoritter<\/h4>\n<p>Dette er ikke f\u00f8rste gang Sigmund Groven tar tak i Griegs musikk. I en \u00e5rrekke har han v\u00e6rt involvert i ulike prosjekter og formidlet Griegs lyriske toner over hele verden. \u00c5 h\u00f8re Groven fremf\u00f8re Grieg f\u00f8les som det mest naturlige i verden, og materialet p\u00e5 plata kler ogs\u00e5 instrumentet s\u00e6rs godt. Groven selv uttaler at det har v\u00e6rt vanskelig \u00e5 velge ut stykker fra Griegs omfangsrike produksjon, men han har likevel klart \u00e5 plukke ut det han betegner som noen av sine absolutte favoritter \u2013 musikk som ligger hans hjerte n\u00e6r. Grovens overbevisende grep om melodif\u00f8ringen bringer frem nye nyanser og stemninger i velkjente perler og de inderlige tonene fra munnspillet gir Griegs melodier nytt liv.<\/p>\n<h4><\/h4>\n<\/p>\n<p><\/p>","protected":false},"excerpt":{"rendered":"<p>\u2013 Groven spiller Grieg som om han ikke har gjort annet i livet. [Glenn Erik Haugland \/ Bergens Tidende]<\/p>\n","protected":false},"featured_media":27009,"comment_status":"closed","ping_status":"open","template":"","meta":[],"product_brand":[],"product_cat":[6],"product_tag":[],"class_list":{"0":"post-574","1":"product","2":"type-product","3":"status-publish","4":"has-post-thumbnail","6":"product_cat-grappa","7":"product_shipping_class-cddvd-shipping","8":"uni_artist_tag-edvard-grieg","9":"uni_artist_tag-geoff-miles","10":"uni_artist_tag-ivar-anton-waagaard","11":"uni_artist_tag-kare-nordstoga","12":"uni_artist_tag-peter-szilvay","13":"uni_artist_tag-sigmund-groven","14":"uni_artist_tag-the-norwegian-radio-orchestra","15":"uni_main_artist_tag-sigmund-groven","16":"uni_artist_genre-art-music","17":"uni_artist_genre-classical","19":"first","20":"outofstock","21":"taxable","22":"shipping-taxable","23":"purchasable","24":"product-type-simple"},"_links":{"self":[{"href":"https:\/\/grappa.no\/no\/wp-json\/wp\/v2\/product\/574","targetHints":{"allow":["GET"]}}],"collection":[{"href":"https:\/\/grappa.no\/no\/wp-json\/wp\/v2\/product"}],"about":[{"href":"https:\/\/grappa.no\/no\/wp-json\/wp\/v2\/types\/product"}],"replies":[{"embeddable":true,"href":"https:\/\/grappa.no\/no\/wp-json\/wp\/v2\/comments?post=574"}],"wp:featuredmedia":[{"embeddable":true,"href":"https:\/\/grappa.no\/no\/wp-json\/wp\/v2\/media\/27009"}],"wp:attachment":[{"href":"https:\/\/grappa.no\/no\/wp-json\/wp\/v2\/media?parent=574"}],"wp:term":[{"taxonomy":"product_brand","embeddable":true,"href":"https:\/\/grappa.no\/no\/wp-json\/wp\/v2\/product_brand?post=574"},{"taxonomy":"product_cat","embeddable":true,"href":"https:\/\/grappa.no\/no\/wp-json\/wp\/v2\/product_cat?post=574"},{"taxonomy":"product_tag","embeddable":true,"href":"https:\/\/grappa.no\/no\/wp-json\/wp\/v2\/product_tag?post=574"}],"curies":[{"name":"wp","href":"https:\/\/api.w.org\/{rel}","templated":true}]}}