{"id":572,"date":"2007-08-27T00:00:00","date_gmt":"2007-08-26T23:00:00","guid":{"rendered":"http:\/\/www.grappa.no\/albums\/uncategorized\/saturday-nite-live\/"},"modified":"2016-11-18T16:34:47","modified_gmt":"2016-11-18T15:34:47","slug":"saturday-nite-live","status":"publish","type":"product","link":"https:\/\/grappa.no\/no\/albums\/blue-mood-records\/saturday-nite-live\/","title":{"rendered":"SATURDAY NITE LIVE"},"content":{"rendered":"<p><\/p>\n<p>Nye stjerner p\u00e5 den norske blueshimmelen!<\/p>\n<p>Saturday Nite Live har f\u00e5tt fantastisk mottakelse og er av mange kritikere blitt utpekt som en av de moderne klassikerne innen norsk musikk. Saturday Nite Live har ogs\u00e5 \u00e6ren av \u00e5 bli valgt ut som en av \u00e5rets utgivelser av Norsk Kulturr\u00e5d. Med sine mange opptredener over hele landet er Greasy Gravy et velkjent liveband og en CD-utgivelse har v\u00e6rt etterspurt og etterlengtet i mange \u00e5r. Saturday Nite Live lever absolutt opp til de skyh\u00f8ye forventningene og endelig kan Greasy Gravys smidige eleganse nytes p\u00e5 plate! Gruppens debutalbum er en sjeldent god musikkopplevelse \u2013 full av den musikalske kvaliteteten og sitrende spillegleden vi kjenner fra gruppens liveopptredener.<\/p>\n<p><!--more--><\/p>\n<p>En av de moderne klassikerne innen norsk musikk!<\/p>\n<h4>H\u00f8y kvalitet<\/h4>\n<p>Saturday Nite Live er en flott liveplate, for en gangs skyld med en audiofil opplevelse inkludert. Produktet skiller seg i stor grad fra mange bluesutgivelser: l\u00e5tvalget er variert og bygget opp rundt l\u00e5ter, ikke shuffler. Ikke minst er musikerne s\u00e5 erfarne at de lar l\u00e5tene og vokalisten f\u00e5 den plassen de fortjener. Dette er en plate for voksne, med fokus p\u00e5 kvalitet, uten \u00f8nske om \u00e5 sjokkere verden med diverse stilbrudd, provoserende gitarpartier eller medioker produsert lo-fi lyd.<\/p>\n<h4>Sjelden musikkopplevelse<\/h4>\n<p>Dette er Greasy Gravys aller f\u00f8rste utgivelse, spilt inn live i Skedsmo Bluesklubb\/Kulturpuben. Innspillingen fanger opp den intime og avslappede stemningen og gir oss en musikkopplevelse av de helt sjeldne med godbiter som \u201dAin\u00b4t Gonna Be the First to Cry\u201d, \u201dHitman\u201d og \u201dGet Out of My Bed\u201d. Vokalist Tom Erik Holmlunds slepne stemme er unik i norsk sammenheng og harmonerer perfekt med Espen Lilands stilsikre gitarspill. De \u00f8vrige bandemedlemmene er ogs\u00e5 kjent som virtuoser p\u00e5 sine instrumenter: Iver O. Erstad p\u00e5 orgel og piano, Rune Endal p\u00e5 bass og Jon Reidar Furulund p\u00e5 trommer. I tillegg bidrar den innleide bl\u00e5serekken til den riktige sounden for Greasy Gravys musikk.<\/p>\n<h4>Ingen utl\u00f8psdato<\/h4>\n<p>Musikken til Greasy Gravy er vakker og elegant og sammen skaper musikerne en forrykende utgivelse som tar opp i seg tydelige musikalske tradisjoner fra 1960-tallssoul og det bandet selv kaller for 1950-talls \u201dBig City Blues\u201d. Greasy Gravy henter dessuten inspirasjon fra nyere musikk, og til sammen utgj\u00f8r dette en sjeldent vidunderlig utgivelse som aldri vil g\u00e5 ut p\u00e5 dato.<\/p>\n<p><\/p>","protected":false},"excerpt":{"rendered":"<p>\u2013 Dette er en soleklar Spelemannskandidat i blueskategorien. [5\/7 Thomas Andersen \/ groove.no]<\/p>\n","protected":false},"featured_media":26876,"comment_status":"closed","ping_status":"open","template":"","meta":[],"product_brand":[],"product_cat":[51],"product_tag":[],"class_list":{"0":"post-572","1":"product","2":"type-product","3":"status-publish","4":"has-post-thumbnail","6":"product_cat-blue-mood-records","7":"product_shipping_class-cddvd-shipping","8":"uni_artist_tag-anders-westhagen","9":"uni_artist_tag-damita-jo","10":"uni_artist_tag-dan-walsh","11":"uni_artist_tag-don-hill","12":"uni_artist_tag-eddie-floyd","13":"uni_artist_tag-espen-liland","14":"uni_artist_tag-espen-reinertsen","15":"uni_artist_tag-greasy-gravy","16":"uni_artist_tag-harvey-price","17":"uni_artist_tag-iver-o-erstad","18":"uni_artist_tag-james-harman","19":"uni_artist_tag-john-watson","20":"uni_artist_tag-jon-reidar-furulund","21":"uni_artist_tag-kasper-skullerud-vaernes","22":"uni_artist_tag-milt-trenier","23":"uni_artist_tag-mitch-bottler","24":"uni_artist_tag-rc-finnigan","25":"uni_artist_tag-rune-endal","26":"uni_artist_tag-steve-cropper","27":"uni_artist_tag-thomas-pettersen","28":"uni_artist_tag-tom-erik-holmlund","29":"uni_main_artist_tag-greasy-gravy","30":"uni_artist_genre-blues","31":"uni_artist_genre-rock","33":"first","34":"instock","35":"taxable","36":"shipping-taxable","37":"purchasable","38":"product-type-simple"},"_links":{"self":[{"href":"https:\/\/grappa.no\/no\/wp-json\/wp\/v2\/product\/572","targetHints":{"allow":["GET"]}}],"collection":[{"href":"https:\/\/grappa.no\/no\/wp-json\/wp\/v2\/product"}],"about":[{"href":"https:\/\/grappa.no\/no\/wp-json\/wp\/v2\/types\/product"}],"replies":[{"embeddable":true,"href":"https:\/\/grappa.no\/no\/wp-json\/wp\/v2\/comments?post=572"}],"wp:featuredmedia":[{"embeddable":true,"href":"https:\/\/grappa.no\/no\/wp-json\/wp\/v2\/media\/26876"}],"wp:attachment":[{"href":"https:\/\/grappa.no\/no\/wp-json\/wp\/v2\/media?parent=572"}],"wp:term":[{"taxonomy":"product_brand","embeddable":true,"href":"https:\/\/grappa.no\/no\/wp-json\/wp\/v2\/product_brand?post=572"},{"taxonomy":"product_cat","embeddable":true,"href":"https:\/\/grappa.no\/no\/wp-json\/wp\/v2\/product_cat?post=572"},{"taxonomy":"product_tag","embeddable":true,"href":"https:\/\/grappa.no\/no\/wp-json\/wp\/v2\/product_tag?post=572"}],"curies":[{"name":"wp","href":"https:\/\/api.w.org\/{rel}","templated":true}]}}