{"id":570,"date":"2007-05-21T00:00:00","date_gmt":"2007-05-20T23:00:00","guid":{"rendered":"http:\/\/www.grappa.no\/albums\/uncategorized\/wildenvey-i-ord-og-toner\/"},"modified":"2016-11-18T16:21:57","modified_gmt":"2016-11-18T15:21:57","slug":"wildenvey-i-ord-og-toner","status":"publish","type":"product","link":"https:\/\/grappa.no\/no\/albums\/grappa\/wildenvey-i-ord-og-toner\/","title":{"rendered":"WILDENVEY I ORD OG TONER"},"content":{"rendered":"<p><\/p>\n<p>Tonef\u00f8lge til Wildenvey<\/p>\n<p>Herman Wildenvey (1885\u20131959) regnes som en av 1900-tallets st\u00f8rste, norske diktere og denne utgivelsen markerte at det var 100 \u00e5r siden utgivelsen av hans f\u00f8rste diktsamling, Nyinger. Wildenvey i ord og toner presenterer en rekke av Wildenveys dikt og det er skuespiller og diktoppleser Liv Dommersnes som gir sin stemme til de utvalgte diktene mens Karin Krog og John Surman har laget nydelig tonef\u00f8lge til. Karin Krog fremf\u00f8rer dessuten diktene \u201dPinselilje\u201d og \u201dSelma\u201d som Eyvind Aln\u00e6s har satt musikk til.<\/p>\n<p><!--more--><\/p>\n<p>Liv Dommersnes fremf\u00f8rer dikt av Herman Wildenvey med tonef\u00f8lge av Karin Krog og John Surman.<\/p>\n<h4>Tonef\u00f8lge til Wildenveys dikt<\/h4>\n<p>Herman Wildenvey regnes som en av 1900-tallets st\u00f8rste diktere. Det er i \u00e5r 100 \u00e5r siden Herman Wildenvey kom med sin f\u00f8rste utgivelse, diktsamlingen Nyinger. Denne CD-utgivelsen er en hyllest til dikteren. Her det Liv Dommersnes, anerkjent skuespiller og diktoppleser som gir sin stemme til utvalgte dikt av Wildenvey. Karin Krog og John Surman har laget stemningsfull musikk til. Utgivelsen preges av det balanserte samspillet mellom Dommersnes\u2019 kraftfulle og livaktige fremf\u00f8relser, og de maleriske, velfunderte musikalske innslagene. En utgivelse til ettertanke, smil og store \u00f8yeblikk.<\/p>\n<p>\u2013 Jeg har i mange \u00e5r beundret Liv Dommersnes og hennes m\u00e5te \u00e5 lese dikt p\u00e5, og f\u00f8lte at det var p\u00e5 tide at vi fikk h\u00f8re henne p\u00e5 CD. Karin Krog<\/p>\n<h4><\/h4>\n<p><h4><\/h4>\n<\/p>\n<p><\/p>","protected":false},"excerpt":{"rendered":"<p>Wildenveys diktning i vakker tonedrakt.<\/p>\n","protected":false},"featured_media":27005,"comment_status":"closed","ping_status":"open","template":"","meta":[],"product_brand":[],"product_cat":[6],"product_tag":[],"class_list":{"0":"post-570","1":"product","2":"type-product","3":"status-publish","4":"has-post-thumbnail","6":"product_cat-grappa","7":"product_shipping_class-cddvd-shipping","8":"uni_artist_tag-eyvind-alnaes","9":"uni_artist_tag-john-surman","10":"uni_artist_tag-karin-krog","11":"uni_artist_tag-liv-dommersnes","12":"uni_main_artist_tag-karin-krog","13":"uni_artist_genre-jazz","14":"uni_artist_genre-lyric-poetry","16":"first","17":"instock","18":"taxable","19":"shipping-taxable","20":"purchasable","21":"product-type-simple"},"_links":{"self":[{"href":"https:\/\/grappa.no\/no\/wp-json\/wp\/v2\/product\/570","targetHints":{"allow":["GET"]}}],"collection":[{"href":"https:\/\/grappa.no\/no\/wp-json\/wp\/v2\/product"}],"about":[{"href":"https:\/\/grappa.no\/no\/wp-json\/wp\/v2\/types\/product"}],"replies":[{"embeddable":true,"href":"https:\/\/grappa.no\/no\/wp-json\/wp\/v2\/comments?post=570"}],"wp:featuredmedia":[{"embeddable":true,"href":"https:\/\/grappa.no\/no\/wp-json\/wp\/v2\/media\/27005"}],"wp:attachment":[{"href":"https:\/\/grappa.no\/no\/wp-json\/wp\/v2\/media?parent=570"}],"wp:term":[{"taxonomy":"product_brand","embeddable":true,"href":"https:\/\/grappa.no\/no\/wp-json\/wp\/v2\/product_brand?post=570"},{"taxonomy":"product_cat","embeddable":true,"href":"https:\/\/grappa.no\/no\/wp-json\/wp\/v2\/product_cat?post=570"},{"taxonomy":"product_tag","embeddable":true,"href":"https:\/\/grappa.no\/no\/wp-json\/wp\/v2\/product_tag?post=570"}],"curies":[{"name":"wp","href":"https:\/\/api.w.org\/{rel}","templated":true}]}}