{"id":568,"date":"2007-03-19T00:00:00","date_gmt":"2007-03-18T23:00:00","guid":{"rendered":"http:\/\/www.grappa.no\/albums\/uncategorized\/jookbox-charade\/"},"modified":"2016-12-15T10:32:10","modified_gmt":"2016-12-15T09:32:10","slug":"jookbox-charade","status":"publish","type":"product","link":"https:\/\/grappa.no\/no\/albums\/blue-mood-records\/jookbox-charade\/","title":{"rendered":"JOOKBOX CHARADE"},"content":{"rendered":"<p><\/p>\n<p>Busk feirer 20 \u00e5r som artist!<\/p>\n<p>Jookbox Charade er en markering og feiring av Vidar Busks 20 \u00e5r lange fartstid som musiker og hans 10 \u00e5r som plateartist. Albumet hedrer hans lange karriere og hans utrettelige innsats for bluesmusikken i Norge, og er en verdig oppsummering av hva han st\u00e5r for musikalsk. Dette er en frisk og sprudlende, sexy og sl\u00f8y utgivelse \u2013 med andre ord typisk Busk&#8230; Helt siden 1987 har Busks legende kommet ham i forkj\u00f8pet, og siden den gang har han blitt tildelt uendelige mengder heder og \u00e5tgaum, Spellemannpriser, Hitawards-nominasjoner og VG-listeplasseringer. Parallellt gjennom disse \u00e5ra har Busk etablert seg med et h\u00f8yt og jevnt antall liveopptredener, og hans to platetrilogier p\u00e5 henholdsvis Blue Mood og Warner har oppn\u00e5dd klassikerstatus. Og plutselig er han her igjen, med et fyrverkeri av en 20 \u00e5rs-markering!<\/p>\n<p><!--more--><\/p>\n<p>Vidar Busk feirer 20 \u00e5r i musikkens tjeneste.<\/p>\n<h4>Viktig for norsk blues<\/h4>\n<p>Da Vidar ga ut sin fantastiske totemp\u00e6l av en debutskive, Stompin`Our Feet og samme dag vant Notodden Bluesfestivals Bluespris i august 1997, markerte det starten p\u00e5 en etterlengtet oppmerksomhet rundt norsk blues, og Busk har g\u00e5tt fremst i toget siden. N\u00e5r Busk vant Spellemannprisen som \u00c5rets artist i 1998 var det p\u00e5 mange m\u00e5ter den f\u00f8rste offisielle anerkjennelse av hele det arbeidende bluesmilj\u00f8et og Busks enormt store bluespublikum i Norge.<\/p>\n<h4>Grensesprengende Vidar Busk<\/h4>\n<p>Busks neste CD-utgivelser klarte det tilsynelatende umulige: \u00e5 l\u00f8fte en bluesartist videre, og ut til et nytt og st\u00f8rre publikum, og hans kanskje st\u00f8rste prestasjon er at han har klart \u00e5 heve seg over b\u00e5s-settingen tydelige nisjeartister sv\u00e6rt ofte blir utsatt for. Gjennom 20 \u00e5r som ut\u00f8vende og profesjonell musiker, gjennom to trilogier \u2013 som uten unntak er genierkl\u00e6rte \u2013 to Spellemannpriser, radiohits og over 1500 spillejobber, har Busk v\u00e6rt en faneb\u00e6rer for talent, intensitet og musikalsk kreativitet. At han er en gitarist i verdensklasse m\u00e5 heller ikke forbig\u00e5es i stillhet.<\/p>\n<h4>En musikalsk oppsummering<\/h4>\n<p>Denne utgivelsen og turneen er Busk oppsummering av sine \u00e5r langs landeveien, og er ment \u00e5 demonstrere alle sider av hans kvaliteter som entertainer, musiker og folkehelt. Busk konkurrerer egentlig ikke med noen \u2013 det er HAN som er Vidar Busk.<\/p>\n<p><\/p>","protected":false},"excerpt":{"rendered":"<p>\u2013 En real rytmisk gumbo av en plate \u2013 bl\u00e5sertung og feststemt! [5\/6 VG]<\/p>\n","protected":false},"featured_media":26875,"comment_status":"closed","ping_status":"open","template":"","meta":[],"product_brand":[],"product_cat":[51],"product_tag":[],"class_list":{"0":"post-568","1":"product","2":"type-product","3":"status-publish","4":"has-post-thumbnail","6":"product_cat-blue-mood-records","7":"product_shipping_class-cddvd-shipping","8":"uni_artist_tag-ambrosia-parsley","9":"uni_artist_tag-bob-shad","10":"uni_artist_tag-dave-gonzales","11":"uni_artist_tag-dimitri-tiomkin","12":"uni_artist_tag-duke-mcvinnie","13":"uni_artist_tag-earl-king","14":"uni_artist_tag-erlend-gjerde","15":"uni_artist_tag-hamlet-pedersen","16":"uni_artist_tag-jorgen-gjerde","17":"uni_artist_tag-ned-washington","18":"uni_artist_tag-otis-rush","19":"uni_artist_tag-ronny-sveen","20":"uni_artist_tag-roy-byrd","21":"uni_artist_tag-rune-torgersen","22":"uni_artist_tag-trond-augland","23":"uni_artist_tag-vidar-busk","24":"uni_artist_tag-willie-hall","25":"uni_main_artist_tag-vidar-busk","26":"uni_artist_genre-blues","27":"uni_artist_genre-rock","29":"first","30":"instock","31":"taxable","32":"shipping-taxable","33":"purchasable","34":"product-type-simple"},"_links":{"self":[{"href":"https:\/\/grappa.no\/no\/wp-json\/wp\/v2\/product\/568","targetHints":{"allow":["GET"]}}],"collection":[{"href":"https:\/\/grappa.no\/no\/wp-json\/wp\/v2\/product"}],"about":[{"href":"https:\/\/grappa.no\/no\/wp-json\/wp\/v2\/types\/product"}],"replies":[{"embeddable":true,"href":"https:\/\/grappa.no\/no\/wp-json\/wp\/v2\/comments?post=568"}],"wp:featuredmedia":[{"embeddable":true,"href":"https:\/\/grappa.no\/no\/wp-json\/wp\/v2\/media\/26875"}],"wp:attachment":[{"href":"https:\/\/grappa.no\/no\/wp-json\/wp\/v2\/media?parent=568"}],"wp:term":[{"taxonomy":"product_brand","embeddable":true,"href":"https:\/\/grappa.no\/no\/wp-json\/wp\/v2\/product_brand?post=568"},{"taxonomy":"product_cat","embeddable":true,"href":"https:\/\/grappa.no\/no\/wp-json\/wp\/v2\/product_cat?post=568"},{"taxonomy":"product_tag","embeddable":true,"href":"https:\/\/grappa.no\/no\/wp-json\/wp\/v2\/product_tag?post=568"}],"curies":[{"name":"wp","href":"https:\/\/api.w.org\/{rel}","templated":true}]}}